{"id":997,"date":"2016-09-21T10:57:02","date_gmt":"2016-09-21T09:57:02","guid":{"rendered":"http:\/\/www.fol49.org\/laligue49\/?page_id=997"},"modified":"2026-03-12T14:36:07","modified_gmt":"2026-03-12T13:36:07","slug":"formations-laicite","status":"publish","type":"page","link":"https:\/\/www.fol49.org\/laligue49\/formations-laicite\/","title":{"rendered":"Formations Valeurs de la R\u00e9publique et La\u00efcit\u00e9"},"content":{"rendered":"\t\t<div data-elementor-type=\"wp-page\" data-elementor-id=\"997\" class=\"elementor elementor-997\">\n\t\t\t\t\t\t<section class=\"elementor-section elementor-top-section elementor-element elementor-element-f18d311 elementor-section-boxed elementor-section-height-default elementor-section-height-default\" data-id=\"f18d311\" data-element_type=\"section\" data-e-type=\"section\">\n\t\t\t\t\t\t<div class=\"elementor-container elementor-column-gap-default\">\n\t\t\t\t\t<div class=\"elementor-column elementor-col-100 elementor-top-column elementor-element elementor-element-85d6416\" data-id=\"85d6416\" data-element_type=\"column\" data-e-type=\"column\">\n\t\t\t<div class=\"elementor-widget-wrap elementor-element-populated\">\n\t\t\t\t\t\t<div class=\"elementor-element elementor-element-5a1f17b elementor-widget elementor-widget-image\" data-id=\"5a1f17b\" data-element_type=\"widget\" data-e-type=\"widget\" data-widget_type=\"image.default\">\n\t\t\t\t<div class=\"elementor-widget-container\">\n\t\t\t\t\t\t\t\t\t\t\t\t\t\t\t<img decoding=\"async\" width=\"650\" height=\"23\" src=\"https:\/\/www.fol49.org\/laligue49\/wp-content\/uploads\/2021\/09\/bandeau-FCC_Plan-de-travail-1.jpg\" class=\"attachment-large size-large wp-image-4983\" alt=\"\" srcset=\"https:\/\/www.fol49.org\/laligue49\/wp-content\/uploads\/2021\/09\/bandeau-FCC_Plan-de-travail-1.jpg 700w, https:\/\/www.fol49.org\/laligue49\/wp-content\/uploads\/2021\/09\/bandeau-FCC_Plan-de-travail-1-300x11.jpg 300w\" sizes=\"(max-width: 650px) 100vw, 650px\" \/>\t\t\t\t\t\t\t\t\t\t\t\t\t\t\t<\/div>\n\t\t\t\t<\/div>\n\t\t\t\t<div class=\"elementor-element elementor-element-09b1fa4 elementor-widget__width-initial elementor-widget elementor-widget-image\" data-id=\"09b1fa4\" data-element_type=\"widget\" data-e-type=\"widget\" data-widget_type=\"image.default\">\n\t\t\t\t<div class=\"elementor-widget-container\">\n\t\t\t\t\t\t\t\t\t\t\t\t\t\t\t<img fetchpriority=\"high\" decoding=\"async\" width=\"650\" height=\"261\" src=\"https:\/\/www.fol49.org\/laligue49\/wp-content\/uploads\/2023\/08\/VRL.jpg\" class=\"attachment-large size-large wp-image-5841\" alt=\"\" srcset=\"https:\/\/www.fol49.org\/laligue49\/wp-content\/uploads\/2023\/08\/VRL.jpg 800w, https:\/\/www.fol49.org\/laligue49\/wp-content\/uploads\/2023\/08\/VRL-300x120.jpg 300w, https:\/\/www.fol49.org\/laligue49\/wp-content\/uploads\/2023\/08\/VRL-768x308.jpg 768w\" sizes=\"(max-width: 650px) 100vw, 650px\" \/>\t\t\t\t\t\t\t\t\t\t\t\t\t\t\t<\/div>\n\t\t\t\t<\/div>\n\t\t\t\t\t<\/div>\n\t\t<\/div>\n\t\t\t\t\t<\/div>\n\t\t<\/section>\n\t\t\t\t<section class=\"elementor-section elementor-top-section elementor-element elementor-element-9ee7003 elementor-section-boxed elementor-section-height-default elementor-section-height-default\" data-id=\"9ee7003\" data-element_type=\"section\" data-e-type=\"section\">\n\t\t\t\t\t\t<div class=\"elementor-container elementor-column-gap-default\">\n\t\t\t\t\t<div class=\"elementor-column elementor-col-100 elementor-top-column elementor-element elementor-element-6a6074d\" data-id=\"6a6074d\" data-element_type=\"column\" data-e-type=\"column\">\n\t\t\t<div class=\"elementor-widget-wrap elementor-element-populated\">\n\t\t\t\t\t\t<div class=\"elementor-element elementor-element-b318162 elementor-widget elementor-widget-heading\" data-id=\"b318162\" data-element_type=\"widget\" data-e-type=\"widget\" data-widget_type=\"heading.default\">\n\t\t\t\t<div class=\"elementor-widget-container\">\n\t\t\t\t\t<h3 class=\"elementor-heading-title elementor-size-default\">FORMATIONS VALEURS DE LA REPUBLIQUE ET LAICITE<\/h3>\t\t\t\t<\/div>\n\t\t\t\t<\/div>\n\t\t\t\t\t<\/div>\n\t\t<\/div>\n\t\t\t\t\t<\/div>\n\t\t<\/section>\n\t\t\t\t<section class=\"elementor-section elementor-top-section elementor-element elementor-element-1b0b5a5 elementor-section-boxed elementor-section-height-default elementor-section-height-default\" data-id=\"1b0b5a5\" data-element_type=\"section\" data-e-type=\"section\">\n\t\t\t\t\t\t<div class=\"elementor-container elementor-column-gap-default\">\n\t\t\t\t\t<div class=\"elementor-column elementor-col-100 elementor-top-column elementor-element elementor-element-90d4cd8\" data-id=\"90d4cd8\" data-element_type=\"column\" data-e-type=\"column\">\n\t\t\t<div class=\"elementor-widget-wrap elementor-element-populated\">\n\t\t\t\t\t\t<div class=\"elementor-element elementor-element-4d4077a elementor-widget elementor-widget-text-editor\" data-id=\"4d4077a\" data-element_type=\"widget\" data-e-type=\"widget\" data-widget_type=\"text-editor.default\">\n\t\t\t\t<div class=\"elementor-widget-container\">\n\t\t\t\t\t\t\t\t\t<p>Cette formation est destin\u00e9e aux acteurs de terrain, en contact avec les publics. Elle vise \u00e0 r\u00e9pondre \u00e0 leur besoin de qualification et d\u2019accompagnement sur l\u2019application du principe de la\u00efcit\u00e9 dans les situations professionnelles qu\u2019ils rencontrent au quotidien.<\/p>\n<p>\u00a0<strong>Les objectifs\u00a0de la formation :<\/strong><\/p>\n<ul>\n<li>A l\u2019issue de la formation, les professionnels seront en capacit\u00e9 :<br \/>D\u2019adopter un positionnement adapt\u00e9 \u00e0 leur situation professionnelle et au statut de leur structure employeuse\u00a0;<\/li>\n<li>D\u2019apporter des r\u00e9ponses aux demandes et situations rencontr\u00e9es dans l\u2019exercice de leurs fonctions, fond\u00e9es sur le droit en mati\u00e8re de respect des principes de la\u00efcit\u00e9 et de non-discrimination, dans une logique de dialogue avec les populations.<\/li>\n<\/ul>\n<p>\u00a0<strong>Les objectifs p\u00e9dagogiques\u00a0: <br \/><\/strong>La formation doit permettre aux participants\u00a0:<\/p>\n<ul>\n<li>D\u2019acqu\u00e9rir des rep\u00e8res historiques et les r\u00e9f\u00e9rences juridiques de base sur les valeurs de la R\u00e9publique et le principe de la\u00efcit\u00e9\u00a0;<\/li>\n<li>De confronter leurs pratiques professionnelles aux apports d\u2019intervenants experts et \u00e0 celles d\u2019autres professionnels\u00a0;<\/li>\n<\/ul>\n<p>De travailler sur des cas pratiques.<\/p>\t\t\t\t\t\t\t\t<\/div>\n\t\t\t\t<\/div>\n\t\t\t\t\t<\/div>\n\t\t<\/div>\n\t\t\t\t\t<\/div>\n\t\t<\/section>\n\t\t\t\t<section class=\"elementor-section elementor-top-section elementor-element elementor-element-d42de49 elementor-section-boxed elementor-section-height-default elementor-section-height-default\" data-id=\"d42de49\" data-element_type=\"section\" data-e-type=\"section\">\n\t\t\t\t\t\t<div class=\"elementor-container elementor-column-gap-default\">\n\t\t\t\t\t<div class=\"elementor-column elementor-col-100 elementor-top-column elementor-element elementor-element-0e59853\" data-id=\"0e59853\" data-element_type=\"column\" data-e-type=\"column\">\n\t\t\t<div class=\"elementor-widget-wrap elementor-element-populated\">\n\t\t\t\t\t\t<div class=\"elementor-element elementor-element-7c88654 elementor-tabs-view-horizontal elementor-widget elementor-widget-tabs\" data-id=\"7c88654\" data-element_type=\"widget\" data-e-type=\"widget\" data-widget_type=\"tabs.default\">\n\t\t\t\t<div class=\"elementor-widget-container\">\n\t\t\t\t\t\t\t<div class=\"elementor-tabs\">\n\t\t\t<div class=\"elementor-tabs-wrapper\" role=\"tablist\" >\n\t\t\t\t\t\t\t\t\t<div id=\"elementor-tab-title-1301\" class=\"elementor-tab-title elementor-tab-desktop-title\" aria-selected=\"true\" data-tab=\"1\" role=\"tab\" tabindex=\"0\" aria-controls=\"elementor-tab-content-1301\" aria-expanded=\"false\">Organisation et contenus de la formation<\/div>\n\t\t\t\t\t\t\t\t\t<div id=\"elementor-tab-title-1302\" class=\"elementor-tab-title elementor-tab-desktop-title\" aria-selected=\"false\" data-tab=\"2\" role=\"tab\" tabindex=\"-1\" aria-controls=\"elementor-tab-content-1302\" aria-expanded=\"false\">Public cibl\u00e9 <\/div>\n\t\t\t\t\t\t\t\t\t<div id=\"elementor-tab-title-1303\" class=\"elementor-tab-title elementor-tab-desktop-title\" aria-selected=\"false\" data-tab=\"3\" role=\"tab\" tabindex=\"-1\" aria-controls=\"elementor-tab-content-1303\" aria-expanded=\"false\">Financement<\/div>\n\t\t\t\t\t\t\t\t\t<div id=\"elementor-tab-title-1304\" class=\"elementor-tab-title elementor-tab-desktop-title\" aria-selected=\"false\" data-tab=\"4\" role=\"tab\" tabindex=\"-1\" aria-controls=\"elementor-tab-content-1304\" aria-expanded=\"false\">S\u2019inscrire<\/div>\n\t\t\t\t\t\t\t<\/div>\n\t\t\t<div class=\"elementor-tabs-content-wrapper\" role=\"tablist\" aria-orientation=\"vertical\">\n\t\t\t\t\t\t\t\t\t<div class=\"elementor-tab-title elementor-tab-mobile-title\" aria-selected=\"true\" data-tab=\"1\" role=\"tab\" tabindex=\"0\" aria-controls=\"elementor-tab-content-1301\" aria-expanded=\"false\">Organisation et contenus de la formation<\/div>\n\t\t\t\t\t<div id=\"elementor-tab-content-1301\" class=\"elementor-tab-content elementor-clearfix\" data-tab=\"1\" role=\"tabpanel\" aria-labelledby=\"elementor-tab-title-1301\" tabindex=\"0\" hidden=\"false\"><p>Cette formation d\u2019une dur\u00e9e de 2 jours (9h30 \u2013 12h30 \/ 14h \u2013 17h) se d\u00e9compose en\u00a0:<\/p>\n<ul>\n<li>Un module \u00ab\u00a0tronc commun\u00a0\u00bb\u00a0: Repr\u00e9sentations de la la\u00efcit\u00e9, histoire de la la\u00efcit\u00e9 et terminologie, approche juridique, approche de la philosophie des lois, analyse des situations professionnelles et cas pratique, \u00e9changes entre professionnels, posture et communication, pr\u00e9vention de la radicalisation<\/li>\n<li>Une sp\u00e9cialisation aux choix (s\u00e9quence 10)\u00a0: \u00ab\u00a0quiz unique d\u2019approfondissement\u00a0\u00bb, \u00ab\u00a0la\u00efcit\u00e9 et usage des espaces publics\u00a0\u00bb, \u00ab\u00a0la\u00efcit\u00e9 et relation socio-\u00e9ducative\u00a0\u00bb, \u00ab\u00a0la\u00efcit\u00e9\u00a0: accueil et relation avec les publics\u00a0\u00bb, \u00ab\u00a0la\u00efcit\u00e9 et non-discrimination\u00a0\u00bb ou \u00ab\u00a0la\u00efcit\u00e9\u00a0: une sp\u00e9cificit\u00e9 fran\u00e7aise\u00a0?\u00a0\u00bb<\/li>\n<\/ul>\n<p>Le choix du module de sp\u00e9cialisation est r\u00e9alis\u00e9 en fonction du profil des participants.<\/p>\n<p>\u00a0Une journ\u00e9e de sensibilisation est \u00e9galement propos\u00e9e, pour r\u00e9pondre aux contraintes sp\u00e9cifiques de certains publics qui ne peuvent se rendre disponible deux jours (9h30 \u2013 12h30 \/ 14h \u2013 17h). Elle s\u2019adresse plus particuli\u00e8rement aux publics non professionnels, tels que les b\u00e9n\u00e9voles associatifs, les conseillers citoyens ou les jeunes volontaires. Cette sensibilisation a pour objectifs\u00a0:<\/p>\n<ul>\n<li>Comprendre ce qu\u2019est la la\u00efcit\u00e9 et ce qu\u2019elle n\u2019est pas\u00a0;<\/li>\n<li>En quoi le principe de la\u00efcit\u00e9 v\u00e9hicule les valeurs de la R\u00e9publique\u00a0;<\/li>\n<li>Comment s\u2019applique le principe de la\u00efcit\u00e9 en fonction des situations professionnelles.<\/li>\n<\/ul><\/div>\n\t\t\t\t\t\t\t\t\t<div class=\"elementor-tab-title elementor-tab-mobile-title\" aria-selected=\"false\" data-tab=\"2\" role=\"tab\" tabindex=\"-1\" aria-controls=\"elementor-tab-content-1302\" aria-expanded=\"false\">Public cibl\u00e9 <\/div>\n\t\t\t\t\t<div id=\"elementor-tab-content-1302\" class=\"elementor-tab-content elementor-clearfix\" data-tab=\"2\" role=\"tabpanel\" aria-labelledby=\"elementor-tab-title-1302\" tabindex=\"0\" hidden=\"hidden\"><p>Toute personne en accueil de public\u00a0: animateurs, enseignants, personnel de collectivit\u00e9s, coordinateurs des temps p\u00e9riscolaires, cadres associatifs, volontaires en service civique, technicien salari\u00e9s, ATSEM.<\/p>\n<p>Les formations sont \u00e0 destination de groupe de 12 \u00e0 15 stagiaires.<\/p><\/div>\n\t\t\t\t\t\t\t\t\t<div class=\"elementor-tab-title elementor-tab-mobile-title\" aria-selected=\"false\" data-tab=\"3\" role=\"tab\" tabindex=\"-1\" aria-controls=\"elementor-tab-content-1303\" aria-expanded=\"false\">Financement<\/div>\n\t\t\t\t\t<div id=\"elementor-tab-content-1303\" class=\"elementor-tab-content elementor-clearfix\" data-tab=\"3\" role=\"tabpanel\" aria-labelledby=\"elementor-tab-title-1303\" tabindex=\"0\" hidden=\"hidden\"><p>La sensibilisation et la formation sont gratuites.<\/p>\n<p>Le transport et les repas ne sont pas pris en charge.<\/p><\/div>\n\t\t\t\t\t\t\t\t\t<div class=\"elementor-tab-title elementor-tab-mobile-title\" aria-selected=\"false\" data-tab=\"4\" role=\"tab\" tabindex=\"-1\" aria-controls=\"elementor-tab-content-1304\" aria-expanded=\"false\">S\u2019inscrire<\/div>\n\t\t\t\t\t<div id=\"elementor-tab-content-1304\" class=\"elementor-tab-content elementor-clearfix\" data-tab=\"4\" role=\"tabpanel\" aria-labelledby=\"elementor-tab-title-1304\" tabindex=\"0\" hidden=\"hidden\"><p>Calendrier des formations 2026 (9h30 \u2013 12h30 \/ 14h \u2013 17h)<\/p><ul><li>Sensibilisation (1 journ\u00e9e) : mardi 24 mars 2026 (annul\u00e9e)<\/li><li>Formation (2 journ\u00e9es) : mercredi 27 et jeudi 28 mai 2026<\/li><li>Formation (2 journ\u00e9es) : lundi 15 et mardi 16 juin 2026<\/li><li>Sensibilisation (1 journ\u00e9e) : jeudi 15 octobre 2026<\/li><\/ul><p style=\"text-align: center;\"><em><strong>Pour vous inscrire, merci de compl\u00e9ter le formulaire suivant :<\/strong><\/em><\/p><p style=\"text-align: center;\"><a class=\"maxbutton-74 maxbutton maxbutton-inscriptions-vrl\" target=\"_blank\" rel=\"noopener\" href=\"https:\/\/docs.google.com\/forms\/d\/e\/1FAIpQLSd-yYCXZQhpSh9vtVJIidYtym_7h-SoDpDudsKyaRr83o9a4g\/viewform\"><span class='mb-text'>Formulaire d&#039;inscription Formation VRL<\/span><\/a><\/p><\/div>\n\t\t\t\t\t\t\t<\/div>\n\t\t<\/div>\n\t\t\t\t\t\t<\/div>\n\t\t\t\t<\/div>\n\t\t\t\t\t<\/div>\n\t\t<\/div>\n\t\t\t\t\t<\/div>\n\t\t<\/section>\n\t\t\t\t<\/div>\n\t\t","protected":false},"excerpt":{"rendered":"<p>FORMATIONS VALEURS DE LA REPUBLIQUE ET LAICITE Cette formation est destin\u00e9e aux acteurs de terrain, en contact avec les publics. Elle vise \u00e0 r\u00e9pondre \u00e0 leur besoin de qualification et d\u2019accompagnement sur l\u2019application du principe de la\u00efcit\u00e9 dans les situations professionnelles qu\u2019ils rencontrent au quotidien. \u00a0Les objectifs\u00a0de la formation : A l\u2019issue de la formation, &#8230;<\/p>\n","protected":false},"author":1,"featured_media":0,"parent":0,"menu_order":0,"comment_status":"closed","ping_status":"closed","template":"","meta":{"jetpack_post_was_ever_published":false,"footnotes":""},"class_list":["post-997","page","type-page","status-publish","hentry"],"jetpack_sharing_enabled":true,"jetpack_shortlink":"https:\/\/wp.me\/P8tWm3-g5","_links":{"self":[{"href":"https:\/\/www.fol49.org\/laligue49\/wp-json\/wp\/v2\/pages\/997","targetHints":{"allow":["GET"]}}],"collection":[{"href":"https:\/\/www.fol49.org\/laligue49\/wp-json\/wp\/v2\/pages"}],"about":[{"href":"https:\/\/www.fol49.org\/laligue49\/wp-json\/wp\/v2\/types\/page"}],"author":[{"embeddable":true,"href":"https:\/\/www.fol49.org\/laligue49\/wp-json\/wp\/v2\/users\/1"}],"replies":[{"embeddable":true,"href":"https:\/\/www.fol49.org\/laligue49\/wp-json\/wp\/v2\/comments?post=997"}],"version-history":[{"count":45,"href":"https:\/\/www.fol49.org\/laligue49\/wp-json\/wp\/v2\/pages\/997\/revisions"}],"predecessor-version":[{"id":6778,"href":"https:\/\/www.fol49.org\/laligue49\/wp-json\/wp\/v2\/pages\/997\/revisions\/6778"}],"wp:attachment":[{"href":"https:\/\/www.fol49.org\/laligue49\/wp-json\/wp\/v2\/media?parent=997"}],"curies":[{"name":"wp","href":"https:\/\/api.w.org\/{rel}","templated":true}]}}