{"id":6016,"date":"2024-01-11T17:13:39","date_gmt":"2024-01-11T16:13:39","guid":{"rendered":"http:\/\/www.fol49.org\/laligue49\/?page_id=6016"},"modified":"2024-03-01T15:22:23","modified_gmt":"2024-03-01T14:22:23","slug":"guidasso","status":"publish","type":"page","link":"https:\/\/www.fol49.org\/laligue49\/guidasso\/","title":{"rendered":"Guid&#8217;Asso"},"content":{"rendered":"\n<figure class=\"wp-block-image size-large\"><img fetchpriority=\"high\" decoding=\"async\" width=\"1024\" height=\"123\" src=\"https:\/\/www.fol49.org\/laligue49\/wp-content\/uploads\/2024\/01\/bandeau-guid-asso-49-1-1024x123.jpg\" alt=\"\" class=\"wp-image-6021\" srcset=\"https:\/\/www.fol49.org\/laligue49\/wp-content\/uploads\/2024\/01\/bandeau-guid-asso-49-1-1024x123.jpg 1024w, https:\/\/www.fol49.org\/laligue49\/wp-content\/uploads\/2024\/01\/bandeau-guid-asso-49-1-300x36.jpg 300w, https:\/\/www.fol49.org\/laligue49\/wp-content\/uploads\/2024\/01\/bandeau-guid-asso-49-1-768x92.jpg 768w, https:\/\/www.fol49.org\/laligue49\/wp-content\/uploads\/2024\/01\/bandeau-guid-asso-49-1-1536x184.jpg 1536w, https:\/\/www.fol49.org\/laligue49\/wp-content\/uploads\/2024\/01\/bandeau-guid-asso-49-1.jpg 1718w\" sizes=\"(max-width: 1024px) 100vw, 1024px\" \/><\/figure>\n\n\n\n<h2 class=\"wp-block-heading\">Vie associative : du nouveau avec le dispositif national Guid\u2019Asso<\/h2>\n\n\n\n<p>La Ligue de l\u2019enseignement 49 est \u00e0 pr\u00e9sent labellis\u00e9e Guid\u2019Asso (Accompagnement g\u00e9n\u00e9raliste) !<\/p>\n\n\n\n<p>Vous portez un projet associatif ? Vous \u00eates un\u00b7e responsable b\u00e9n\u00e9vole ? Vous avez des questions sur la vie associative ?<\/p>\n\n\n\n<p class=\"has-text-align-center\"><em>Exemples :<\/em><br><em>Comment cr\u00e9er une association ? Comment construire un projet associatif ?<\/em><br><em>Comment modifier les statuts ? etc.<\/em>..<\/p>\n\n\n\n<p class=\"has-text-align-center has-text-color has-link-color has-large-font-size wp-elements-405c989a016f9cf2861a50dd92c306d3\" style=\"color:#7fc342\"><strong><em>Le r\u00e9seau Guid\u2019Asso est l\u00e0 pour vous !<\/em><\/strong><\/p>\n\n\n\n<p><em>Partout en France, les personnes r\u00e9f\u00e9rentes Guid\u2019Asso vous accueillent, vous informent, vous orientent et vous accompagnent. Certains proposent \u00e9galement des formations \u00e0 destination des b\u00e9n\u00e9voles\u2026 <strong>Tout cela gratuitement.<\/strong><\/em><\/p>\n\n\n\n<p><em>Pour ainsi conna\u00eetre votre interlocuteur Guid\u2019Asso le plus proche,<strong> rendez-vous sur la carte interactive suivante :<\/strong><\/em><\/p>\n\n\n<p><iframe width=\"800\" height=\"600\" src=\"https:\/\/guidasso-pdll.gogocarto.fr\/map?iframe=1#\/carte\/@47.450,-0.423,12z?cat=all\" frameborder=\"0\" marginheight=\"0\" marginwidth=\"0\"><\/iframe><\/p>\n\n\n\n<p><strong>Vous souhaitez nous rencontrer ? Prendre rdv ? Ces permanences (gratuites) sont faites pour vous !<\/strong><\/p>\n\n\n\n<p>Pour cela, rien de plus simple, cliquez sur le lien suivant :<\/p>\n\n\n<a class=\"maxbutton-86 maxbutton maxbutton-rdv-guid-asso\" href=\"https:\/\/meetings-eu1.hubspot.com\/morgane-beuille\"><span class='mb-text'>Prendre rdv<\/span><\/a>\n\n\n<p>Et nous vous recevrons au si\u00e8ge de la FOL49 ou dans un autre point d\u2019accueil de proximit\u00e9 pour r\u00e9pondre \u00e0 toutes vos questions !<\/p>\n\n\n\n<figure class=\"wp-block-embed is-type-video is-provider-youtube wp-block-embed-youtube wp-embed-aspect-16-9 wp-has-aspect-ratio\"><div class=\"wp-block-embed__wrapper\">\n<span class=\"embed-youtube\" style=\"text-align:center; display: block;\"><iframe class=\"youtube-player\" width=\"650\" height=\"366\" src=\"https:\/\/www.youtube.com\/embed\/QuUW03jHFUY?version=3&#038;rel=1&#038;showsearch=0&#038;showinfo=1&#038;iv_load_policy=1&#038;fs=1&#038;hl=fr-FR&#038;autohide=2&#038;wmode=transparent\" allowfullscreen=\"true\" style=\"border:0;\" sandbox=\"allow-scripts allow-same-origin allow-popups allow-presentation allow-popups-to-escape-sandbox\"><\/iframe><\/span>\n<\/div><\/figure>\n","protected":false},"excerpt":{"rendered":"<p>Vie associative : du nouveau avec le dispositif national Guid\u2019Asso La Ligue de l\u2019enseignement 49 est \u00e0 pr\u00e9sent labellis\u00e9e Guid\u2019Asso (Accompagnement g\u00e9n\u00e9raliste) ! Vous portez un projet associatif ? Vous \u00eates un\u00b7e responsable b\u00e9n\u00e9vole ? Vous avez des questions sur la vie associative ? Exemples :Comment cr\u00e9er une association ? Comment construire un projet associatif &#8230;<\/p>\n","protected":false},"author":1,"featured_media":0,"parent":0,"menu_order":0,"comment_status":"closed","ping_status":"closed","template":"","meta":{"jetpack_post_was_ever_published":false,"footnotes":""},"class_list":["post-6016","page","type-page","status-publish","hentry"],"jetpack_sharing_enabled":true,"jetpack_shortlink":"https:\/\/wp.me\/P8tWm3-1z2","_links":{"self":[{"href":"https:\/\/www.fol49.org\/laligue49\/wp-json\/wp\/v2\/pages\/6016","targetHints":{"allow":["GET"]}}],"collection":[{"href":"https:\/\/www.fol49.org\/laligue49\/wp-json\/wp\/v2\/pages"}],"about":[{"href":"https:\/\/www.fol49.org\/laligue49\/wp-json\/wp\/v2\/types\/page"}],"author":[{"embeddable":true,"href":"https:\/\/www.fol49.org\/laligue49\/wp-json\/wp\/v2\/users\/1"}],"replies":[{"embeddable":true,"href":"https:\/\/www.fol49.org\/laligue49\/wp-json\/wp\/v2\/comments?post=6016"}],"version-history":[{"count":5,"href":"https:\/\/www.fol49.org\/laligue49\/wp-json\/wp\/v2\/pages\/6016\/revisions"}],"predecessor-version":[{"id":6055,"href":"https:\/\/www.fol49.org\/laligue49\/wp-json\/wp\/v2\/pages\/6016\/revisions\/6055"}],"wp:attachment":[{"href":"https:\/\/www.fol49.org\/laligue49\/wp-json\/wp\/v2\/media?parent=6016"}],"curies":[{"name":"wp","href":"https:\/\/api.w.org\/{rel}","templated":true}]}}