{"id":60,"date":"2016-05-04T09:49:32","date_gmt":"2016-05-04T08:49:32","guid":{"rendered":"http:\/\/fol49.org\/laligue49\/?page_id=60"},"modified":"2024-04-10T15:40:06","modified_gmt":"2024-04-10T14:40:06","slug":"lanjou-laique","status":"publish","type":"page","link":"https:\/\/www.fol49.org\/laligue49\/lanjou-laique\/","title":{"rendered":"L&#8217;Anjou La\u00efque"},"content":{"rendered":"<p>L\u2019Anjou La\u00efque est le journal trimestriel de la F\u00e9d\u00e9ration des \u0152uvres La\u00efques de Maine et Loire. Il est destin\u00e9 aux associations affili\u00e9es et \u00e0 leurs adh\u00e9rents, mais aussi aux abonn\u00e9s individuels.<\/p>\n<p>Abonnement annuel pour 14 \u20ac.<\/p>\n<p>Un comit\u00e9 de r\u00e9daction compos\u00e9 d\u2019\u00e9lus de la FOL et de personnes ressources se r\u00e9unit r\u00e9guli\u00e8rement pour \u00e9laborer le journal et discuter de son contenu.<\/p>\n<p>Descriptif<br \/>\nJournal d&#8217;\u00e9ducation populaire la\u00efque qui traite des questions sociales, soci\u00e9tales, politiques \u00e0 partir de controverses et de points de vue.<br \/>\nJournal de d\u00e9bats et d&#8217;analyses ignor\u00e9es par la grande presse et les journaux locaux.<br \/>\nJournal qui se bat pour la promotion du service public d\u2019\u00e9ducation en Anjou.<br \/>\nJournal estim\u00e9 et reconnu utile.<\/p>\n<p>Rubriques<br \/>\n&#8211; une page d\u2019histoire<br \/>\n&#8211; un portrait<br \/>\n&#8211; un \u00e9dito<br \/>\n&#8211; des pages de soci\u00e9t\u00e9<br \/>\n&#8211; un dossier<br \/>\n&#8211; une page Associations<br \/>\n&#8211; des notes de lecture<br \/>\n&#8211; le courrier des lecteurs.<\/p>\n<p style=\"text-align: center;\"><a class=\"maxbutton-6 maxbutton maxbutton-le-blog-de-l-anjou-laique\" target=\"_blank\" rel=\"noopener\" href=\"http:\/\/anjoulaique.blogspot.fr\/\"><span class='mb-text'>Le Blog de l&#039;Anjou La\u00efque<\/span><\/a><\/p>\n","protected":false},"excerpt":{"rendered":"<p>L\u2019Anjou La\u00efque est le journal trimestriel de la F\u00e9d\u00e9ration des \u0152uvres La\u00efques de Maine et Loire. Il est destin\u00e9 aux associations affili\u00e9es et \u00e0 leurs adh\u00e9rents, mais aussi aux abonn\u00e9s individuels. Abonnement annuel pour 14 \u20ac. Un comit\u00e9 de r\u00e9daction compos\u00e9 d\u2019\u00e9lus de la FOL et de personnes ressources se r\u00e9unit r\u00e9guli\u00e8rement pour \u00e9laborer le &#8230;<\/p>\n","protected":false},"author":1,"featured_media":0,"parent":0,"menu_order":0,"comment_status":"closed","ping_status":"closed","template":"","meta":{"jetpack_post_was_ever_published":false,"footnotes":""},"class_list":["post-60","page","type-page","status-publish","hentry"],"jetpack_sharing_enabled":true,"jetpack_shortlink":"https:\/\/wp.me\/P8tWm3-Y","_links":{"self":[{"href":"https:\/\/www.fol49.org\/laligue49\/wp-json\/wp\/v2\/pages\/60","targetHints":{"allow":["GET"]}}],"collection":[{"href":"https:\/\/www.fol49.org\/laligue49\/wp-json\/wp\/v2\/pages"}],"about":[{"href":"https:\/\/www.fol49.org\/laligue49\/wp-json\/wp\/v2\/types\/page"}],"author":[{"embeddable":true,"href":"https:\/\/www.fol49.org\/laligue49\/wp-json\/wp\/v2\/users\/1"}],"replies":[{"embeddable":true,"href":"https:\/\/www.fol49.org\/laligue49\/wp-json\/wp\/v2\/comments?post=60"}],"version-history":[{"count":6,"href":"https:\/\/www.fol49.org\/laligue49\/wp-json\/wp\/v2\/pages\/60\/revisions"}],"predecessor-version":[{"id":6098,"href":"https:\/\/www.fol49.org\/laligue49\/wp-json\/wp\/v2\/pages\/60\/revisions\/6098"}],"wp:attachment":[{"href":"https:\/\/www.fol49.org\/laligue49\/wp-json\/wp\/v2\/media?parent=60"}],"curies":[{"name":"wp","href":"https:\/\/api.w.org\/{rel}","templated":true}]}}