{"id":5903,"date":"2023-12-06T17:41:12","date_gmt":"2023-12-06T16:41:12","guid":{"rendered":"http:\/\/www.fol49.org\/laligue49\/?page_id=5903"},"modified":"2025-04-02T09:50:11","modified_gmt":"2025-04-02T08:50:11","slug":"malles-pedagogiques","status":"publish","type":"page","link":"https:\/\/www.fol49.org\/laligue49\/malles-pedagogiques\/","title":{"rendered":"Malles p\u00e9dagogiques"},"content":{"rendered":"\n<figure class=\"wp-block-image size-large\"><img fetchpriority=\"high\" decoding=\"async\" width=\"1024\" height=\"255\" src=\"https:\/\/www.fol49.org\/laligue49\/wp-content\/uploads\/2023\/12\/bandeau-malles-peda-2023-1024x255.png\" alt=\"\" class=\"wp-image-5907\" srcset=\"https:\/\/www.fol49.org\/laligue49\/wp-content\/uploads\/2023\/12\/bandeau-malles-peda-2023-1024x255.png 1024w, https:\/\/www.fol49.org\/laligue49\/wp-content\/uploads\/2023\/12\/bandeau-malles-peda-2023-300x75.png 300w, https:\/\/www.fol49.org\/laligue49\/wp-content\/uploads\/2023\/12\/bandeau-malles-peda-2023-768x192.png 768w, https:\/\/www.fol49.org\/laligue49\/wp-content\/uploads\/2023\/12\/bandeau-malles-peda-2023-1536x383.png 1536w, https:\/\/www.fol49.org\/laligue49\/wp-content\/uploads\/2023\/12\/bandeau-malles-peda-2023.png 1600w\" sizes=\"(max-width: 1024px) 100vw, 1024px\" \/><\/figure>\n\n\n\n<h2 class=\"wp-block-heading\">Acc\u00e8s \u00e0 l\u2019\u00e9ducation et la culture pour tous !<\/h2>\n\n\n\n<p>La ligue de l\u2019enseignement se fixe comme objectif de permettre \u00e0 tous l\u2019acc\u00e8s \u00e0 l\u2019\u00e9ducation et \u00e0 la culture, et ce dans le but d\u2019exercer pleinement sa citoyennet\u00e9.<\/p>\n\n\n\n<p>Ainsi, la FOL49 a con\u00e7u ces malles pour :<\/p>\n\n\n\n<ul class=\"wp-block-list\">\n<li>Aider les acteurs de l\u2019\u00e9ducation dans la cr\u00e9ation de leurs projets citoyens<\/li>\n\n\n\n<li>Faciliter l\u2019ouverture culturelle<\/li>\n\n\n\n<li>Accompagner les apprentissages scolaires<\/li>\n<\/ul>\n\n\n\n<h2 class=\"wp-block-heading\">Formations &amp; Ateliers<\/h2>\n\n\n\n<p>Les \u00e9quipes de formateurs et les animateurs de la FOL49 se d\u00e9placent sur devis dans les structures pour accompagner les acteurs \u00e9ducatifs dans la mise en place de leur projet<\/p>\n\n\n\n<ul class=\"wp-block-list\">\n<li>Pr\u00e9sentation des ressources de la malle et leurs exploitations (2h)<\/li>\n\n\n\n<li>Animation d\u2019ateliers<\/li>\n\n\n\n<li>Formation th\u00e9matique (demi-journ\u00e9e ou journ\u00e9e)<\/li>\n<\/ul>\n\n\n\n<p>Ces temps d\u2019\u00e9changes et de formations permettent aux \u00e9quipes une utilisation cl\u00e9 en main des malles et de leurs outils p\u00e9dagogiques.<\/p>\n\n\n<a class=\"maxbutton-79 maxbutton maxbutton-reservation-malle-peda\" target=\"_blank\" rel=\"noopener\" href=\"https:\/\/forms.gle\/mWyTrkdZ8s8Wixpw8\"><span class='mb-text'>RESERVATION MALLES<\/span><\/a>\n\n<div style=\"text-align:center;\">\n<div style=\"margin:8px 0px 4px;\"><a href=\"https:\/\/www.calameo.com\/books\/00551920675055f7aafc4\" target=\"_blank\">Le Guide Des Malles P\u00e9dagogiques<\/a><\/div>\n<p><iframe src=\"\/\/v.calameo.com\/?bkcode=00551920675055f7aafc4&#038;mode=mini\" width=\"560\" height=\"350\" frameborder=\"0\" scrolling=\"no\" allowtransparency allowfullscreen style=\"margin:0 auto;\"><\/iframe><\/p>\n<div style=\"margin:4px 0px 8px;\"><a href=\"http:\/\/www.calameo.com\/\" target=\"_blank\" rel=\"noopener\">Lire plus de publications sur Calam\u00e9o<\/a><\/div>\n<\/div>\n\n\n\n<h2 class=\"wp-block-heading\">Modalit\u00e9s d&#8217;emprunt des malles<\/h2>\n\n\n\n<figure class=\"wp-block-image size-large\"><img decoding=\"async\" width=\"904\" height=\"1024\" src=\"https:\/\/www.fol49.org\/laligue49\/wp-content\/uploads\/2023\/12\/modalites-malles-peda-2023-904x1024.jpg\" alt=\"\" class=\"wp-image-5906\" srcset=\"https:\/\/www.fol49.org\/laligue49\/wp-content\/uploads\/2023\/12\/modalites-malles-peda-2023-904x1024.jpg 904w, https:\/\/www.fol49.org\/laligue49\/wp-content\/uploads\/2023\/12\/modalites-malles-peda-2023-265x300.jpg 265w, https:\/\/www.fol49.org\/laligue49\/wp-content\/uploads\/2023\/12\/modalites-malles-peda-2023-768x870.jpg 768w, https:\/\/www.fol49.org\/laligue49\/wp-content\/uploads\/2023\/12\/modalites-malles-peda-2023.jpg 1240w\" sizes=\"(max-width: 904px) 100vw, 904px\" \/><\/figure>\n","protected":false},"excerpt":{"rendered":"<p>Acc\u00e8s \u00e0 l\u2019\u00e9ducation et la culture pour tous ! La ligue de l\u2019enseignement se fixe comme objectif de permettre \u00e0 tous l\u2019acc\u00e8s \u00e0 l\u2019\u00e9ducation et \u00e0 la culture, et ce dans le but d\u2019exercer pleinement sa citoyennet\u00e9. Ainsi, la FOL49 a con\u00e7u ces malles pour : Formations &amp; Ateliers Les \u00e9quipes de formateurs et les &#8230;<\/p>\n","protected":false},"author":1,"featured_media":0,"parent":0,"menu_order":0,"comment_status":"closed","ping_status":"closed","template":"","meta":{"jetpack_post_was_ever_published":false,"footnotes":""},"class_list":["post-5903","page","type-page","status-publish","hentry"],"jetpack_sharing_enabled":true,"jetpack_shortlink":"https:\/\/wp.me\/P8tWm3-1xd","_links":{"self":[{"href":"https:\/\/www.fol49.org\/laligue49\/wp-json\/wp\/v2\/pages\/5903","targetHints":{"allow":["GET"]}}],"collection":[{"href":"https:\/\/www.fol49.org\/laligue49\/wp-json\/wp\/v2\/pages"}],"about":[{"href":"https:\/\/www.fol49.org\/laligue49\/wp-json\/wp\/v2\/types\/page"}],"author":[{"embeddable":true,"href":"https:\/\/www.fol49.org\/laligue49\/wp-json\/wp\/v2\/users\/1"}],"replies":[{"embeddable":true,"href":"https:\/\/www.fol49.org\/laligue49\/wp-json\/wp\/v2\/comments?post=5903"}],"version-history":[{"count":5,"href":"https:\/\/www.fol49.org\/laligue49\/wp-json\/wp\/v2\/pages\/5903\/revisions"}],"predecessor-version":[{"id":6488,"href":"https:\/\/www.fol49.org\/laligue49\/wp-json\/wp\/v2\/pages\/5903\/revisions\/6488"}],"wp:attachment":[{"href":"https:\/\/www.fol49.org\/laligue49\/wp-json\/wp\/v2\/media?parent=5903"}],"curies":[{"name":"wp","href":"https:\/\/api.w.org\/{rel}","templated":true}]}}