{"id":58,"date":"2016-05-04T09:49:17","date_gmt":"2016-05-04T08:49:17","guid":{"rendered":"http:\/\/fol49.org\/laligue49\/?page_id=58"},"modified":"2018-10-10T15:11:08","modified_gmt":"2018-10-10T14:11:08","slug":"junior-association","status":"publish","type":"page","link":"https:\/\/www.fol49.org\/laligue49\/junior-association\/","title":{"rendered":"Junior association"},"content":{"rendered":"<p><span style=\"color: #33cccc;\">Vous \u00eates jeune et vous avez des projets, des id\u00e9es : partir au bout du monde, jouer devant un vrai public, aider ceux qui en ont besoin, agir, donner corps \u00e0 votre passion, etc. Vous pouvez agir !<\/span><\/p>\n<p>La <strong>Junior Association<\/strong> permet \u00e0 des jeunes de moins de 18 ans de s&#8217;organiser et de mettre en \u0153uvre leurs projets. Elle permet de se regrouper et de fonctionner, telle une association loi 1901. L&#8217;id\u00e9e est simple\u00a0: il s&#8217;agit de garantir aux jeunes des droits similaires aux associations d\u00e9clar\u00e9es en pr\u00e9fecture. C&#8217;est le R\u00e9seau National qui va fournir le cadre juridique n\u00e9cessaire pour qu&#8217;ils puissent mettre en \u0153uvre leur projet collectif.<\/p>\n<ul>\n<li>une assurance qui couvre tous les probl\u00e8mes li\u00e9s \u00e0 la responsabilit\u00e9 civile des mineur.e.s<\/li>\n<li>la possibilit\u00e9 d&#8217;ouvrir un compte, gr\u00e2ce \u00e0 un partenariat \u00e9tabli avec un \u00e9tablissement bancaire<\/li>\n<li>un accompagnement, en permettant aux jeunes d&#8217;acc\u00e9der \u00e0 des informations ou des conseils utiles sur les d\u00e9marches qu&#8217;ils.elles entreprennent et en mettant l&#8217;exp\u00e9rience et le savoir-faire, les r\u00e9seaux des membres fondateurs \u00e0 leur disposition.<\/li>\n<\/ul>\n<p>Elle offre la possibilit\u00e9 de s&#8217;organiser dans une dynamique associative et de s&#8217;approprier un mode d&#8217;organisation d\u00e9mocratique et citoyen.<\/p>\n<p><a href=\"https:\/\/www.fol49.org\/laligue49\/wp-content\/uploads\/2018\/10\/RNJA_2203_photo2_T2.jpg\"><img fetchpriority=\"high\" decoding=\"async\" class=\"aligncenter wp-image-3328 size-medium\" src=\"https:\/\/www.fol49.org\/laligue49\/wp-content\/uploads\/2018\/10\/RNJA_2203_photo2_T2-300x171.jpg\" alt=\"\" width=\"300\" height=\"171\" srcset=\"https:\/\/www.fol49.org\/laligue49\/wp-content\/uploads\/2018\/10\/RNJA_2203_photo2_T2-300x171.jpg 300w, https:\/\/www.fol49.org\/laligue49\/wp-content\/uploads\/2018\/10\/RNJA_2203_photo2_T2.jpg 380w\" sizes=\"(max-width: 300px) 100vw, 300px\" \/><\/a><\/p>\n<h3><strong>Les conditions<\/strong><\/h3>\n<p>Pour cr\u00e9er une Junior Association, plusieurs crit\u00e8res li\u00e9s au fonctionnement du dispositif comme aux valeurs du R\u00e9seau national des Juniors Associations sont \u00e0 respecter\u00a0:<\/p>\n<ul>\n<li>composer un groupe d&#8217;au moins deux jeunes mineur.e.s, sans aucune autre limite de nombre<\/li>\n<li>d\u00e9signer au minimum deux repr\u00e9sentant.e.s, obligatoirement mineur.e.s \u00e0 la date de l&#8217;habilitation<\/li>\n<li>s&#8217;acquitter d&#8217;une cotisation de 15 \u20ac par an pour rejoindre le RNJA et participer \u00e0 son action<\/li>\n<li>le projet doit \u00eatre port\u00e9 par les jeunes<\/li>\n<li>le fonctionnement de la Junior Association doit \u00eatre d\u00e9mocratique<\/li>\n<\/ul>\n<p>Une Junior Association peut accepter des jeunes majeur.e.s \u00e2g\u00e9.e.s de 18 \u00e0 20 ans, s&#8217;ils.elles constituent moins de la moiti\u00e9 des membres, et s&#8217;ils.elles ne sont pas ses repr\u00e9sentant.e.s.<\/p>\n<p>Pour plus d\u2019infos\u00a0: <a href=\"https:\/\/juniorassociation.org\/presentation-generale\" target=\"_blank\" rel=\"noopener\">https:\/\/juniorassociation.org\/presentation-generale<\/a><\/p>\n<p>&nbsp;<\/p>\n<p>Vous devez contacter le relais d\u00e9partemental pour un rendez vous. Celui-ci pourra vous accompagner au montage du dossier et sur votre projet.<\/p>\n<p>nous contacter : <a href=\"mailto:callais@fol49.org\" target=\"_blank\" rel=\"noopener\">callais@fol49.org<\/a><\/p>\n","protected":false},"excerpt":{"rendered":"<p>Vous \u00eates jeune et vous avez des projets, des id\u00e9es : partir au bout du monde, jouer devant un vrai public, aider ceux qui en ont besoin, agir, donner corps \u00e0 votre passion, etc. Vous pouvez agir ! La Junior Association permet \u00e0 des jeunes de moins de 18 ans de s&#8217;organiser et de mettre &#8230;<\/p>\n","protected":false},"author":1,"featured_media":0,"parent":0,"menu_order":0,"comment_status":"closed","ping_status":"closed","template":"","meta":{"jetpack_post_was_ever_published":false,"footnotes":""},"class_list":["post-58","page","type-page","status-publish","hentry"],"jetpack_sharing_enabled":true,"jetpack_shortlink":"https:\/\/wp.me\/P8tWm3-W","_links":{"self":[{"href":"https:\/\/www.fol49.org\/laligue49\/wp-json\/wp\/v2\/pages\/58","targetHints":{"allow":["GET"]}}],"collection":[{"href":"https:\/\/www.fol49.org\/laligue49\/wp-json\/wp\/v2\/pages"}],"about":[{"href":"https:\/\/www.fol49.org\/laligue49\/wp-json\/wp\/v2\/types\/page"}],"author":[{"embeddable":true,"href":"https:\/\/www.fol49.org\/laligue49\/wp-json\/wp\/v2\/users\/1"}],"replies":[{"embeddable":true,"href":"https:\/\/www.fol49.org\/laligue49\/wp-json\/wp\/v2\/comments?post=58"}],"version-history":[{"count":4,"href":"https:\/\/www.fol49.org\/laligue49\/wp-json\/wp\/v2\/pages\/58\/revisions"}],"predecessor-version":[{"id":3329,"href":"https:\/\/www.fol49.org\/laligue49\/wp-json\/wp\/v2\/pages\/58\/revisions\/3329"}],"wp:attachment":[{"href":"https:\/\/www.fol49.org\/laligue49\/wp-json\/wp\/v2\/media?parent=58"}],"curies":[{"name":"wp","href":"https:\/\/api.w.org\/{rel}","templated":true}]}}