{"id":5150,"date":"2021-10-26T10:48:15","date_gmt":"2021-10-26T09:48:15","guid":{"rendered":"http:\/\/www.fol49.org\/laligue49\/?page_id=5150"},"modified":"2021-10-26T10:48:16","modified_gmt":"2021-10-26T09:48:16","slug":"offres-demploi","status":"publish","type":"page","link":"https:\/\/www.fol49.org\/laligue49\/offres-demploi\/","title":{"rendered":"Offres d&#8217;emploi"},"content":{"rendered":"<div class=\"sjb-page\">\r\n<!-- Start: Jobs Listing Wrapper -->\r\n\r\n\r\n<!-- Start Job Filters\r\n================================================== -->\r\n<div class=\"sjb-filters sjb-filters-v1\">\r\n        <form class=\"filters-form\" action=\"https:\/\/www.fol49.org\/laligue49\/offres-demploi\/\" method=\"get\">\r\n        <div class=\"row\">\r\n            \r\n    <!-- Keywords Search-->    \r\n    <div class=\"sjb-search-keywords col-md-12 col-xs-12\">\r\n        <div class=\"form-group\">\r\n                        <label class=\"sr-only\" for=\"keywords\">Mots-cl\u00e9s<\/label>\r\n            <input type=\"text\" class=\"form-control\" value=\"\" placeholder=\"Mots-cl\u00e9s\" id=\"keywords\" name=\"search_keywords\">\r\n        <\/div>\r\n    <\/div>\r\n    \r\n    <!-- Category Filter-->\r\n            <div class=\"sjb-search-categories col-md-3 col-xs-12\">\r\n            <div class=\"form-group\">\r\n                <select name='selected_category' id='category' class='form-control'>\n\t<option value='-1'>Cat\u00e9gorie<\/option>\n\t<option class=\"level-0\" value=\"cdd\">CDD<\/option>\n\t<option class=\"level-0\" value=\"cdi\">CDI<\/option>\n\t<option class=\"level-0\" value=\"cee\">CEE<\/option>\n<\/select>\n            <\/div>\r\n        <\/div>\r\n    \r\n     \r\n\r\n    <!-- Job Type Filter -->\r\n    <div class=\"sjb-search-job-type col-md-3 col-xs-12\">\r\n        <div class=\"form-group\">\r\n            <select name='selected_jobtype' id='jobtype' class='form-control'>\n\t<option value='-1'>Type d&#039;emploi<\/option>\n\t<option class=\"level-0\" value=\"administration\">Administration<\/option>\n\t<option class=\"level-0\" value=\"agent-dastreinte\">Agent d&#8217;astreinte<\/option>\n\t<option class=\"level-0\" value=\"agent-de-service-et-entretien\">Agent de service et entretien<\/option>\n\t<option class=\"level-0\" value=\"animation\">Animation<\/option>\n\t<option class=\"level-0\" value=\"charge-e-de-mission\">Charg\u00e9-e de mission<\/option>\n\t<option class=\"level-0\" value=\"delegue-e\">D\u00e9l\u00e9gu\u00e9-e<\/option>\n\t<option class=\"level-0\" value=\"direction\">Direction<\/option>\n\t<option class=\"level-0\" value=\"educateur-sportif\">Educateur sportif<\/option>\n\t<option class=\"level-0\" value=\"technicien-ne-de-maintenance\">Technicien-ne de maintenance<\/option>\n<\/select>\n        <\/div>\r\n    <\/div>\r\n    \r\n    <!-- Job Location Filter-->\r\n    <div class=\"sjb-search-location col-md-3 col-xs-12\">\r\n        <div class=\"form-group\">\r\n            <select name='selected_location' id='location' class='form-control'>\n\t<option value='-1'>Lieu<\/option>\n\t<option class=\"level-0\" value=\"angers-49\">Angers (49)<\/option>\n\t<option class=\"level-0\" value=\"briollay-49\">Briollay (49)<\/option>\n\t<option class=\"level-0\" value=\"la-possonniere-49\">La Possonni\u00e8re (49)<\/option>\n\t<option class=\"level-0\" value=\"murs-erigne-49\">M\u00fbrs-Erign\u00e9 (49)<\/option>\n\t<option class=\"level-0\" value=\"sainte-gemmes-sur-loire-49\">Sainte-Gemmes-sur-Loire (49)<\/option>\n\t<option class=\"level-0\" value=\"trelaze-49\">Tr\u00e9laz\u00e9 (49)<\/option>\n<\/select>\n        <\/div>\r\n    <\/div>\r\n    <div class=\"sjb-search-button col-md-3 col-xs-12\"><input class=\"btn-search btn btn-primary\" value=\"&#xf002;\" type=\"submit\"><\/div>        <\/div>\r\n    <\/form>\r\n<\/div>\r\n<!-- ==================================================\r\nEnd Job Filters -->\r\n\r\n\r\n<div class=\"sjb-listing\">\r\n        <!-- start Jobs Listing: List View -->\r\n    <div class=\"list-view\">\r\n        \r\n    \n<!-- Start Jobs List View \n================================================== -->\n<div class=\"list-data\">\n    <div class=\"v1 sjb-job-6716\">   \n        \n        <!-- Jobs List view header -->\n        <header>\n            <div class=\"row\">\n                \r\n<!-- Start Company Logo\r\n================================================== -->\r\n\r\n<!-- ==================================================\r\nEnd Company Logo -->\r\n\r\n    \n                <div class=\"col-md-12 col-sm-12\">\n                    <div class=\"row sjb-list-row\">\n\n                    <div class=\"col-md-5 col-sm-12\">\r\n    <div class=\"job-info\">\r\n        <h4>\r\n            <a href=\"https:\/\/www.fol49.org\/laligue49\/jobs-1\/directeur-rice-alsh\/\">\r\n                <span class=\"job-title\">DIRECTEUR.RICE ALSH<\/span>            <\/a>\r\n\r\n        <\/h4>\r\n            <\/div>\r\n<\/div>\r\n\r\n<!-- Start Job Type\r\n================================================== -->\r\n<div class=\"col-md-2 col-sm-4 col-xs-12\">    \r\n            <div class=\"job-type\"><i class=\"fa  fa-briefcase\"><\/i>Direction<\/div>\r\n     \r\n<\/div>\r\n<!-- ==================================================\r\nEnd Job Type -->\r\n\r\n\r\n<!-- Start Job's Location\r\n================================================== -->\r\n<div class=\"col-md-2 col-sm-4 col-xs-12\">\r\n            <div class=\"job-location\"><i class=\"fa  fa-map-marker\"><\/i>M\u00fbrs-Erign\u00e9 (49)<\/div>\r\n    <\/div>\r\n<!-- ==================================================\r\nEnd Job's Location -->\r\n\r\n\r\n<!-- Start Job Posted Date\r\n================================================== -->\r\n<div class=\"col-md-3 col-sm-4 col-xs-12\">\r\n            <div class=\"job-date\"><i class=\"fa  fa-calendar-check\"><\/i>Publi\u00e9 il y a 1 mois<\/div>\r\n    <\/div>\r\n<!-- ==================================================\r\nEnd Job Posted Date -->\r\n\r\n                        \n                    <\/div> \n                <\/div>\n            <\/div>\n        <\/header>\n\n            <\/div>\n<\/div>\n<!-- ==================================================\nEnd Jobs List View -->\n\n<div class=\"clearfix\"><\/div>\n\n\n<!-- Start Jobs List View \n================================================== -->\n<div class=\"list-data\">\n    <div class=\"v1 sjb-job-5746\">   \n        \n        <!-- Jobs List view header -->\n        <header>\n            <div class=\"row\">\n                \r\n<!-- Start Company Logo\r\n================================================== -->\r\n\r\n<!-- ==================================================\r\nEnd Company Logo -->\r\n\r\n    \n                <div class=\"col-md-12 col-sm-12\">\n                    <div class=\"row sjb-list-row\">\n\n                    <div class=\"col-md-5 col-sm-12\">\r\n    <div class=\"job-info\">\r\n        <h4>\r\n            <a href=\"https:\/\/www.fol49.org\/laligue49\/jobs-1\/animateur-trice-accompagnement-a-la-scolarite-et-activites-periscolaires\/\">\r\n                <span class=\"job-title\">Animateur-trice \u00ab\u00a0Accompagnement \u00e0 la scolarit\u00e9\u00a0\u00bb<\/span>            <\/a>\r\n\r\n        <\/h4>\r\n            <\/div>\r\n<\/div>\r\n\r\n<!-- Start Job Type\r\n================================================== -->\r\n<div class=\"col-md-2 col-sm-4 col-xs-12\">    \r\n            <div class=\"job-type\"><i class=\"fa  fa-briefcase\"><\/i>Animation<\/div>\r\n     \r\n<\/div>\r\n<!-- ==================================================\r\nEnd Job Type -->\r\n\r\n\r\n<!-- Start Job's Location\r\n================================================== -->\r\n<div class=\"col-md-2 col-sm-4 col-xs-12\">\r\n            <div class=\"job-location\"><i class=\"fa  fa-map-marker\"><\/i>Tr\u00e9laz\u00e9 (49)<\/div>\r\n    <\/div>\r\n<!-- ==================================================\r\nEnd Job's Location -->\r\n\r\n\r\n<!-- Start Job Posted Date\r\n================================================== -->\r\n<div class=\"col-md-3 col-sm-4 col-xs-12\">\r\n            <div class=\"job-date\"><i class=\"fa  fa-calendar-check\"><\/i>Publi\u00e9 il y a 1 an<\/div>\r\n    <\/div>\r\n<!-- ==================================================\r\nEnd Job Posted Date -->\r\n\r\n                        \n                    <\/div> \n                <\/div>\n            <\/div>\n        <\/header>\n\n            <\/div>\n<\/div>\n<!-- ==================================================\nEnd Jobs List View -->\n\n<div class=\"clearfix\"><\/div>\n\n\r\n    <\/div> <!-- end Jobs Listing: List View -->\r\n<\/div>\r\n<!-- End: Jobs Listing -->\r\n\r\n<div class=\"clearfix\"><\/div>\r\n<\/div>\r\n<!-- End: Jobs Listing Wrapper -->\r\n\r\n","protected":false},"excerpt":{"rendered":"","protected":false},"author":1,"featured_media":0,"parent":0,"menu_order":0,"comment_status":"closed","ping_status":"closed","template":"","meta":{"jetpack_post_was_ever_published":false,"footnotes":""},"class_list":["post-5150","page","type-page","status-publish","hentry"],"jetpack_sharing_enabled":true,"jetpack_shortlink":"https:\/\/wp.me\/P8tWm3-1l4","_links":{"self":[{"href":"https:\/\/www.fol49.org\/laligue49\/wp-json\/wp\/v2\/pages\/5150","targetHints":{"allow":["GET"]}}],"collection":[{"href":"https:\/\/www.fol49.org\/laligue49\/wp-json\/wp\/v2\/pages"}],"about":[{"href":"https:\/\/www.fol49.org\/laligue49\/wp-json\/wp\/v2\/types\/page"}],"author":[{"embeddable":true,"href":"https:\/\/www.fol49.org\/laligue49\/wp-json\/wp\/v2\/users\/1"}],"replies":[{"embeddable":true,"href":"https:\/\/www.fol49.org\/laligue49\/wp-json\/wp\/v2\/comments?post=5150"}],"version-history":[{"count":1,"href":"https:\/\/www.fol49.org\/laligue49\/wp-json\/wp\/v2\/pages\/5150\/revisions"}],"predecessor-version":[{"id":5151,"href":"https:\/\/www.fol49.org\/laligue49\/wp-json\/wp\/v2\/pages\/5150\/revisions\/5151"}],"wp:attachment":[{"href":"https:\/\/www.fol49.org\/laligue49\/wp-json\/wp\/v2\/media?parent=5150"}],"curies":[{"name":"wp","href":"https:\/\/api.w.org\/{rel}","templated":true}]}}