{"id":5035,"date":"2021-09-15T09:52:50","date_gmt":"2021-09-15T08:52:50","guid":{"rendered":"http:\/\/www.fol49.org\/laligue49\/?page_id=5035"},"modified":"2021-09-15T09:58:28","modified_gmt":"2021-09-15T08:58:28","slug":"formation-tuteur","status":"publish","type":"page","link":"https:\/\/www.fol49.org\/laligue49\/formation-tuteur\/","title":{"rendered":"Formations tuteur"},"content":{"rendered":"\t\t<div data-elementor-type=\"wp-page\" data-elementor-id=\"5035\" class=\"elementor elementor-5035\">\n\t\t\t\t\t\t<section class=\"elementor-section elementor-top-section elementor-element elementor-element-07f2782 elementor-section-boxed elementor-section-height-default elementor-section-height-default\" data-id=\"07f2782\" data-element_type=\"section\" data-e-type=\"section\">\n\t\t\t\t\t\t<div class=\"elementor-container elementor-column-gap-default\">\n\t\t\t\t\t<div class=\"elementor-column elementor-col-100 elementor-top-column elementor-element elementor-element-cc35434\" data-id=\"cc35434\" data-element_type=\"column\" data-e-type=\"column\">\n\t\t\t<div class=\"elementor-widget-wrap elementor-element-populated\">\n\t\t\t\t\t\t<div class=\"elementor-element elementor-element-5977e6f elementor-widget elementor-widget-image\" data-id=\"5977e6f\" data-element_type=\"widget\" data-e-type=\"widget\" data-widget_type=\"image.default\">\n\t\t\t\t<div class=\"elementor-widget-container\">\n\t\t\t\t\t\t\t\t\t\t\t\t\t\t\t<img decoding=\"async\" width=\"650\" height=\"23\" src=\"https:\/\/www.fol49.org\/laligue49\/wp-content\/uploads\/2021\/09\/bandeau-FCC_Plan-de-travail-1.jpg\" class=\"attachment-large size-large wp-image-4983\" alt=\"\" srcset=\"https:\/\/www.fol49.org\/laligue49\/wp-content\/uploads\/2021\/09\/bandeau-FCC_Plan-de-travail-1.jpg 700w, https:\/\/www.fol49.org\/laligue49\/wp-content\/uploads\/2021\/09\/bandeau-FCC_Plan-de-travail-1-300x11.jpg 300w\" sizes=\"(max-width: 650px) 100vw, 650px\" \/>\t\t\t\t\t\t\t\t\t\t\t\t\t\t\t<\/div>\n\t\t\t\t<\/div>\n\t\t\t\t\t<\/div>\n\t\t<\/div>\n\t\t\t\t\t<\/div>\n\t\t<\/section>\n\t\t\t\t<section class=\"elementor-section elementor-top-section elementor-element elementor-element-c3fbc69 elementor-section-boxed elementor-section-height-default elementor-section-height-default\" data-id=\"c3fbc69\" data-element_type=\"section\" data-e-type=\"section\">\n\t\t\t\t\t\t<div class=\"elementor-container elementor-column-gap-default\">\n\t\t\t\t\t<div class=\"elementor-column elementor-col-100 elementor-top-column elementor-element elementor-element-f7d1959\" data-id=\"f7d1959\" data-element_type=\"column\" data-e-type=\"column\">\n\t\t\t<div class=\"elementor-widget-wrap elementor-element-populated\">\n\t\t\t\t\t\t<div class=\"elementor-element elementor-element-033b2c6 elementor-widget elementor-widget-image\" data-id=\"033b2c6\" data-element_type=\"widget\" data-e-type=\"widget\" data-widget_type=\"image.default\">\n\t\t\t\t<div class=\"elementor-widget-container\">\n\t\t\t\t\t\t\t\t\t\t\t\t\t\t\t<img fetchpriority=\"high\" decoding=\"async\" width=\"650\" height=\"248\" src=\"https:\/\/www.fol49.org\/laligue49\/wp-content\/uploads\/2021\/09\/formation-tuteur.jpg\" class=\"attachment-large size-large wp-image-5036\" alt=\"\" srcset=\"https:\/\/www.fol49.org\/laligue49\/wp-content\/uploads\/2021\/09\/formation-tuteur.jpg 768w, https:\/\/www.fol49.org\/laligue49\/wp-content\/uploads\/2021\/09\/formation-tuteur-300x114.jpg 300w\" sizes=\"(max-width: 650px) 100vw, 650px\" \/>\t\t\t\t\t\t\t\t\t\t\t\t\t\t\t<\/div>\n\t\t\t\t<\/div>\n\t\t\t\t\t<\/div>\n\t\t<\/div>\n\t\t\t\t\t<\/div>\n\t\t<\/section>\n\t\t\t\t<section class=\"elementor-section elementor-top-section elementor-element elementor-element-67e5ec9 elementor-section-boxed elementor-section-height-default elementor-section-height-default\" data-id=\"67e5ec9\" data-element_type=\"section\" data-e-type=\"section\">\n\t\t\t\t\t\t<div class=\"elementor-container elementor-column-gap-default\">\n\t\t\t\t\t<div class=\"elementor-column elementor-col-100 elementor-top-column elementor-element elementor-element-17b1a1c\" data-id=\"17b1a1c\" data-element_type=\"column\" data-e-type=\"column\">\n\t\t\t<div class=\"elementor-widget-wrap elementor-element-populated\">\n\t\t\t\t\t\t<div class=\"elementor-element elementor-element-65422ad elementor-widget elementor-widget-heading\" data-id=\"65422ad\" data-element_type=\"widget\" data-e-type=\"widget\" data-widget_type=\"heading.default\">\n\t\t\t\t<div class=\"elementor-widget-container\">\n\t\t\t\t\t<h1 class=\"elementor-heading-title elementor-size-default\">FORMATIONS TUTEUR<\/h1>\t\t\t\t<\/div>\n\t\t\t\t<\/div>\n\t\t\t\t\t<\/div>\n\t\t<\/div>\n\t\t\t\t\t<\/div>\n\t\t<\/section>\n\t\t\t\t<section class=\"elementor-section elementor-top-section elementor-element elementor-element-1267681 elementor-section-boxed elementor-section-height-default elementor-section-height-default\" data-id=\"1267681\" data-element_type=\"section\" data-e-type=\"section\">\n\t\t\t\t\t\t<div class=\"elementor-container elementor-column-gap-default\">\n\t\t\t\t\t<div class=\"elementor-column elementor-col-66 elementor-top-column elementor-element elementor-element-9fe9ad9\" data-id=\"9fe9ad9\" data-element_type=\"column\" data-e-type=\"column\">\n\t\t\t<div class=\"elementor-widget-wrap elementor-element-populated\">\n\t\t\t\t\t\t<div class=\"elementor-element elementor-element-0d969dd elementor-widget elementor-widget-text-editor\" data-id=\"0d969dd\" data-element_type=\"widget\" data-e-type=\"widget\" data-widget_type=\"text-editor.default\">\n\t\t\t\t<div class=\"elementor-widget-container\">\n\t\t\t\t\t\t\t\t\t<p style=\"text-align: justify;\">Depuis 2011, l\u2019Agence du Service civique met en place gratuitement des formations de tuteurs.<\/p>\n<p style=\"text-align: justify;\">Cr\u00e9\u00e9 par la loi du 10 mars 2010, le Service Civique est un <b>engagement citoyen<\/b> et ne doit pas \u00eatre confondu avec un emploi, un stage, ni m\u00eame avec un dispositif d\u2019insertion professionnelle. Les premiers acteurs de la r\u00e9ussite de cet engagement sont les organismes d\u2019accueil, en particulier les tuteurs et toutes les personnes concern\u00e9es par le dispositif.<\/p>\n<p style=\"text-align: justify;\">Ainsi, pour accompagner au mieux cette \u00e9tape de vie, ils auront \u00e0 questionner leur pratique, leur mani\u00e8re d\u2019accueillir et de suivre les volontaires dans leur mission et leur parcours citoyen.<\/p>\n<p style=\"text-align: justify;\">Avec la loi \u00ab \u00c9galit\u00e9-Citoyennet\u00e9 \u00bb du 27 janvier 2017, la formation des tuteurs et\/ou des personnes concern\u00e9es par l\u2019accueil de volontaires a \u00e9t\u00e9 rendue <b>obligatoire<\/b>.<\/p>\n<p style=\"text-align: justify;\">Depuis 2011, ces formations sont assur\u00e9es par le groupement solidaire <b>la Ligue de l\u2019Enseignement et Unis-Cit\u00e9<\/b>, associations pionni\u00e8res du Service Civique.<\/p>\t\t\t\t\t\t\t\t<\/div>\n\t\t\t\t<\/div>\n\t\t\t\t\t<\/div>\n\t\t<\/div>\n\t\t\t\t<div class=\"elementor-column elementor-col-33 elementor-top-column elementor-element elementor-element-7c7a4bd\" data-id=\"7c7a4bd\" data-element_type=\"column\" data-e-type=\"column\">\n\t\t\t<div class=\"elementor-widget-wrap elementor-element-populated\">\n\t\t\t\t\t\t<div class=\"elementor-element elementor-element-80d4dd8 elementor-widget elementor-widget-image\" data-id=\"80d4dd8\" data-element_type=\"widget\" data-e-type=\"widget\" data-widget_type=\"image.default\">\n\t\t\t\t<div class=\"elementor-widget-container\">\n\t\t\t\t\t\t\t\t\t\t\t\t\t\t\t\t<a href=\"https:\/\/www.service-civique.gouv.fr\/uploads\/content\/files\/02_sc_parcoursformation_depliant_20180802_bdpages_page_a_page.pdf\" target=\"_blank\">\n\t\t\t\t\t\t\t<img decoding=\"async\" width=\"488\" height=\"1024\" src=\"https:\/\/www.fol49.org\/laligue49\/wp-content\/uploads\/2021\/09\/FOA-488x1024.jpg\" class=\"attachment-large size-large wp-image-5037\" alt=\"\" srcset=\"https:\/\/www.fol49.org\/laligue49\/wp-content\/uploads\/2021\/09\/FOA-488x1024.jpg 488w, https:\/\/www.fol49.org\/laligue49\/wp-content\/uploads\/2021\/09\/FOA-143x300.jpg 143w, https:\/\/www.fol49.org\/laligue49\/wp-content\/uploads\/2021\/09\/FOA.jpg 591w\" sizes=\"(max-width: 488px) 100vw, 488px\" \/>\t\t\t\t\t\t\t\t<\/a>\n\t\t\t\t\t\t\t\t\t\t\t\t\t\t\t<\/div>\n\t\t\t\t<\/div>\n\t\t\t\t\t<\/div>\n\t\t<\/div>\n\t\t\t\t\t<\/div>\n\t\t<\/section>\n\t\t\t\t<section class=\"elementor-section elementor-top-section elementor-element elementor-element-4952f87 elementor-section-boxed elementor-section-height-default elementor-section-height-default\" data-id=\"4952f87\" data-element_type=\"section\" data-e-type=\"section\">\n\t\t\t\t\t\t<div class=\"elementor-container elementor-column-gap-default\">\n\t\t\t\t\t<div class=\"elementor-column elementor-col-100 elementor-top-column elementor-element elementor-element-040844a\" data-id=\"040844a\" data-element_type=\"column\" data-e-type=\"column\">\n\t\t\t<div class=\"elementor-widget-wrap elementor-element-populated\">\n\t\t\t\t\t\t<div class=\"elementor-element elementor-element-756fab0 elementor-tabs-view-horizontal elementor-widget elementor-widget-tabs\" data-id=\"756fab0\" data-element_type=\"widget\" data-e-type=\"widget\" data-widget_type=\"tabs.default\">\n\t\t\t\t<div class=\"elementor-widget-container\">\n\t\t\t\t\t\t\t<div class=\"elementor-tabs\">\n\t\t\t<div class=\"elementor-tabs-wrapper\" role=\"tablist\" >\n\t\t\t\t\t\t\t\t\t<div id=\"elementor-tab-title-1231\" class=\"elementor-tab-title elementor-tab-desktop-title\" aria-selected=\"true\" data-tab=\"1\" role=\"tab\" tabindex=\"0\" aria-controls=\"elementor-tab-content-1231\" aria-expanded=\"false\">CONTENU DE LA FORMATION<\/div>\n\t\t\t\t\t\t\t\t\t<div id=\"elementor-tab-title-1232\" class=\"elementor-tab-title elementor-tab-desktop-title\" aria-selected=\"false\" data-tab=\"2\" role=\"tab\" tabindex=\"-1\" aria-controls=\"elementor-tab-content-1232\" aria-expanded=\"false\">PUBLIC CIBL\u00c9 <\/div>\n\t\t\t\t\t\t\t\t\t<div id=\"elementor-tab-title-1233\" class=\"elementor-tab-title elementor-tab-desktop-title\" aria-selected=\"false\" data-tab=\"3\" role=\"tab\" tabindex=\"-1\" aria-controls=\"elementor-tab-content-1233\" aria-expanded=\"false\">FINANCEMENT<\/div>\n\t\t\t\t\t\t\t\t\t<div id=\"elementor-tab-title-1234\" class=\"elementor-tab-title elementor-tab-desktop-title\" aria-selected=\"false\" data-tab=\"4\" role=\"tab\" tabindex=\"-1\" aria-controls=\"elementor-tab-content-1234\" aria-expanded=\"false\">S\u2019INSCRIRE<\/div>\n\t\t\t\t\t\t\t<\/div>\n\t\t\t<div class=\"elementor-tabs-content-wrapper\" role=\"tablist\" aria-orientation=\"vertical\">\n\t\t\t\t\t\t\t\t\t<div class=\"elementor-tab-title elementor-tab-mobile-title\" aria-selected=\"true\" data-tab=\"1\" role=\"tab\" tabindex=\"0\" aria-controls=\"elementor-tab-content-1231\" aria-expanded=\"false\">CONTENU DE LA FORMATION<\/div>\n\t\t\t\t\t<div id=\"elementor-tab-content-1231\" class=\"elementor-tab-content elementor-clearfix\" data-tab=\"1\" role=\"tabpanel\" aria-labelledby=\"elementor-tab-title-1231\" tabindex=\"0\" hidden=\"false\"><h4>ATELIER : D\u00e9couverte du r\u00f4le du Tuteur<\/h4><p><strong><span style=\"text-decoration: underline;\">Objectif g\u00e9n\u00e9ral<\/span> : <\/strong>Contribuer directement \u00e0 la r\u00e9ussite de la mission de Service Civique par la formation d\u2019un acteur cl\u00e9 : le tuteur. R\u00e9pondre aux obligations l\u00e9gales de formation du tuteur pour accompagner un volontaire.<\/p><p><strong><span style=\"text-decoration: underline;\">R\u00e9sum\u00e9 du contenu<\/span> :<\/strong><\/p><ul><li>Se former au cadre r\u00e8glementaire du Service Civique,<\/li><li>Comprendre le r\u00f4le du tuteur et son importance dans la r\u00e9ussite du Service Civique.<\/li><li>R\u00e9fl\u00e9chir sur les solutions \u00e0 apporter \u00e0 des \u00e9tudes de cas pr\u00e9sentant des difficult\u00e9s ou des craintes dans l\u2019accueil d\u2019un volontaire en service civique<\/li><li>R\u00e9fl\u00e9chir autour du positionnement du tuteur et de sa posture<\/li><li>Rencontrer une communaut\u00e9 de tuteurs sur son territoire et \u00e9changer des exp\u00e9riences.<\/li><\/ul><\/div>\n\t\t\t\t\t\t\t\t\t<div class=\"elementor-tab-title elementor-tab-mobile-title\" aria-selected=\"false\" data-tab=\"2\" role=\"tab\" tabindex=\"-1\" aria-controls=\"elementor-tab-content-1232\" aria-expanded=\"false\">PUBLIC CIBL\u00c9 <\/div>\n\t\t\t\t\t<div id=\"elementor-tab-content-1232\" class=\"elementor-tab-content elementor-clearfix\" data-tab=\"2\" role=\"tabpanel\" aria-labelledby=\"elementor-tab-title-1232\" tabindex=\"0\" hidden=\"hidden\"><ul><li>A toute personne d\u00e9sign\u00e9e comme tuteur d\u2019un ou plusieurs volontaires en Service Civique, quel que soit l\u2019organisme d\u2019accueil.<\/li><li>Les gestionnaires d\u2019agr\u00e9ment des organismes d\u2019accueil.<\/li><li>Toutes les personnes qui sont en lien avec le dispositif Service Civique que ce soit pour la partie administrative, l\u2019accompagnement du jeune, le d\u00e9veloppement etc\u2026<\/li><li>Les tuteurs d\u2019un ou plusieurs volontaires en service civique \u00e0 l\u2019\u00e9tranger.<\/li><\/ul><p>\u00a0<\/p><\/div>\n\t\t\t\t\t\t\t\t\t<div class=\"elementor-tab-title elementor-tab-mobile-title\" aria-selected=\"false\" data-tab=\"3\" role=\"tab\" tabindex=\"-1\" aria-controls=\"elementor-tab-content-1233\" aria-expanded=\"false\">FINANCEMENT<\/div>\n\t\t\t\t\t<div id=\"elementor-tab-content-1233\" class=\"elementor-tab-content elementor-clearfix\" data-tab=\"3\" role=\"tabpanel\" aria-labelledby=\"elementor-tab-title-1233\" tabindex=\"0\" hidden=\"hidden\"><p>Les sessions sont prises en charge par l\u2019Agence du Service Civique et propos\u00e9es gratuitement \u00e0 tous les organismes d\u2019accueil.<\/p><\/div>\n\t\t\t\t\t\t\t\t\t<div class=\"elementor-tab-title elementor-tab-mobile-title\" aria-selected=\"false\" data-tab=\"4\" role=\"tab\" tabindex=\"-1\" aria-controls=\"elementor-tab-content-1234\" aria-expanded=\"false\">S\u2019INSCRIRE<\/div>\n\t\t\t\t\t<div id=\"elementor-tab-content-1234\" class=\"elementor-tab-content elementor-clearfix\" data-tab=\"4\" role=\"tabpanel\" aria-labelledby=\"elementor-tab-title-1234\" tabindex=\"0\" hidden=\"hidden\"><p>Inscriptions sur la <a href=\"http:\/\/www.tuteurs-service-civique.fr\/\" target=\"_blank\" rel=\"noopener\">plateforme tuteur d\u00e9di\u00e9e<\/a> gr\u00e2ce au num\u00e9ro d\u2019agr\u00e9ment de Service Civique de votre organisme.<\/p><\/div>\n\t\t\t\t\t\t\t<\/div>\n\t\t<\/div>\n\t\t\t\t\t\t<\/div>\n\t\t\t\t<\/div>\n\t\t\t\t\t<\/div>\n\t\t<\/div>\n\t\t\t\t\t<\/div>\n\t\t<\/section>\n\t\t\t\t<\/div>\n\t\t","protected":false},"excerpt":{"rendered":"<p>FORMATIONS TUTEUR Depuis 2011, l\u2019Agence du Service civique met en place gratuitement des formations de tuteurs. Cr\u00e9\u00e9 par la loi du 10 mars 2010, le Service Civique est un engagement citoyen et ne doit pas \u00eatre confondu avec un emploi, un stage, ni m\u00eame avec un dispositif d\u2019insertion professionnelle. Les premiers acteurs de la r\u00e9ussite &#8230;<\/p>\n","protected":false},"author":1,"featured_media":0,"parent":0,"menu_order":0,"comment_status":"closed","ping_status":"closed","template":"","meta":{"jetpack_post_was_ever_published":false,"footnotes":""},"class_list":["post-5035","page","type-page","status-publish","hentry"],"jetpack_sharing_enabled":true,"jetpack_shortlink":"https:\/\/wp.me\/P8tWm3-1jd","_links":{"self":[{"href":"https:\/\/www.fol49.org\/laligue49\/wp-json\/wp\/v2\/pages\/5035","targetHints":{"allow":["GET"]}}],"collection":[{"href":"https:\/\/www.fol49.org\/laligue49\/wp-json\/wp\/v2\/pages"}],"about":[{"href":"https:\/\/www.fol49.org\/laligue49\/wp-json\/wp\/v2\/types\/page"}],"author":[{"embeddable":true,"href":"https:\/\/www.fol49.org\/laligue49\/wp-json\/wp\/v2\/users\/1"}],"replies":[{"embeddable":true,"href":"https:\/\/www.fol49.org\/laligue49\/wp-json\/wp\/v2\/comments?post=5035"}],"version-history":[{"count":7,"href":"https:\/\/www.fol49.org\/laligue49\/wp-json\/wp\/v2\/pages\/5035\/revisions"}],"predecessor-version":[{"id":5048,"href":"https:\/\/www.fol49.org\/laligue49\/wp-json\/wp\/v2\/pages\/5035\/revisions\/5048"}],"wp:attachment":[{"href":"https:\/\/www.fol49.org\/laligue49\/wp-json\/wp\/v2\/media?parent=5035"}],"curies":[{"name":"wp","href":"https:\/\/api.w.org\/{rel}","templated":true}]}}