{"id":4979,"date":"2021-09-07T10:35:05","date_gmt":"2021-09-07T09:35:05","guid":{"rendered":"http:\/\/www.fol49.org\/laligue49\/?page_id=4979"},"modified":"2026-03-24T12:45:45","modified_gmt":"2026-03-24T11:45:45","slug":"formation-civique-et-citoyenne","status":"publish","type":"page","link":"https:\/\/www.fol49.org\/laligue49\/formation-civique-et-citoyenne\/","title":{"rendered":"Formations Civiques et Citoyennes"},"content":{"rendered":"\t\t<div data-elementor-type=\"wp-page\" data-elementor-id=\"4979\" class=\"elementor elementor-4979\">\n\t\t\t\t\t\t<section class=\"elementor-section elementor-top-section elementor-element elementor-element-8ee607f elementor-section-boxed elementor-section-height-default elementor-section-height-default\" data-id=\"8ee607f\" data-element_type=\"section\" data-e-type=\"section\">\n\t\t\t\t\t\t<div class=\"elementor-container elementor-column-gap-default\">\n\t\t\t\t\t<div class=\"elementor-column elementor-col-100 elementor-top-column elementor-element elementor-element-9b4cbf6\" data-id=\"9b4cbf6\" data-element_type=\"column\" data-e-type=\"column\">\n\t\t\t<div class=\"elementor-widget-wrap elementor-element-populated\">\n\t\t\t\t\t\t<div class=\"elementor-element elementor-element-061ac2b elementor-widget elementor-widget-image\" data-id=\"061ac2b\" data-element_type=\"widget\" data-e-type=\"widget\" data-widget_type=\"image.default\">\n\t\t\t\t<div class=\"elementor-widget-container\">\n\t\t\t\t\t\t\t\t\t\t\t\t\t\t\t<img decoding=\"async\" width=\"650\" height=\"23\" src=\"https:\/\/www.fol49.org\/laligue49\/wp-content\/uploads\/2021\/09\/bandeau-FCC_Plan-de-travail-1.jpg\" class=\"attachment-large size-large wp-image-4983\" alt=\"\" srcset=\"https:\/\/www.fol49.org\/laligue49\/wp-content\/uploads\/2021\/09\/bandeau-FCC_Plan-de-travail-1.jpg 700w, https:\/\/www.fol49.org\/laligue49\/wp-content\/uploads\/2021\/09\/bandeau-FCC_Plan-de-travail-1-300x11.jpg 300w\" sizes=\"(max-width: 650px) 100vw, 650px\" \/>\t\t\t\t\t\t\t\t\t\t\t\t\t\t\t<\/div>\n\t\t\t\t<\/div>\n\t\t\t\t<div class=\"elementor-element elementor-element-8f10f3a elementor-widget elementor-widget-image\" data-id=\"8f10f3a\" data-element_type=\"widget\" data-e-type=\"widget\" data-widget_type=\"image.default\">\n\t\t\t\t<div class=\"elementor-widget-container\">\n\t\t\t\t\t\t\t\t\t\t\t\t\t\t\t<img fetchpriority=\"high\" decoding=\"async\" width=\"650\" height=\"248\" src=\"https:\/\/www.fol49.org\/laligue49\/wp-content\/uploads\/2021\/09\/FCC-1024x390.jpeg\" class=\"attachment-large size-large wp-image-4982\" alt=\"\" srcset=\"https:\/\/www.fol49.org\/laligue49\/wp-content\/uploads\/2021\/09\/FCC-1024x390.jpeg 1024w, https:\/\/www.fol49.org\/laligue49\/wp-content\/uploads\/2021\/09\/FCC-300x114.jpeg 300w, https:\/\/www.fol49.org\/laligue49\/wp-content\/uploads\/2021\/09\/FCC-768x293.jpeg 768w, https:\/\/www.fol49.org\/laligue49\/wp-content\/uploads\/2021\/09\/FCC.jpeg 1280w\" sizes=\"(max-width: 650px) 100vw, 650px\" \/>\t\t\t\t\t\t\t\t\t\t\t\t\t\t\t<\/div>\n\t\t\t\t<\/div>\n\t\t\t\t<div class=\"elementor-element elementor-element-98a60e7 elementor-widget elementor-widget-heading\" data-id=\"98a60e7\" data-element_type=\"widget\" data-e-type=\"widget\" data-settings=\"{&quot;_animation&quot;:&quot;none&quot;}\" data-widget_type=\"heading.default\">\n\t\t\t\t<div class=\"elementor-widget-container\">\n\t\t\t\t\t<h1 class=\"elementor-heading-title elementor-size-default\">FORMATIONS CIVIQUES ET CITOYENNES<\/h1>\t\t\t\t<\/div>\n\t\t\t\t<\/div>\n\t\t\t\t\t<\/div>\n\t\t<\/div>\n\t\t\t\t\t<\/div>\n\t\t<\/section>\n\t\t\t\t<section class=\"elementor-section elementor-top-section elementor-element elementor-element-d7007e3 elementor-section-boxed elementor-section-height-default elementor-section-height-default\" data-id=\"d7007e3\" data-element_type=\"section\" data-e-type=\"section\">\n\t\t\t\t\t\t<div class=\"elementor-container elementor-column-gap-default\">\n\t\t\t\t\t<div class=\"elementor-column elementor-col-100 elementor-top-column elementor-element elementor-element-4aeb5d3\" data-id=\"4aeb5d3\" data-element_type=\"column\" data-e-type=\"column\">\n\t\t\t<div class=\"elementor-widget-wrap elementor-element-populated\">\n\t\t\t\t\t\t<div class=\"elementor-element elementor-element-a7ec816 elementor-widget-divider--view-line elementor-widget elementor-widget-divider\" data-id=\"a7ec816\" data-element_type=\"widget\" data-e-type=\"widget\" data-widget_type=\"divider.default\">\n\t\t\t\t<div class=\"elementor-widget-container\">\n\t\t\t\t\t\t\t<div class=\"elementor-divider\">\n\t\t\t<span class=\"elementor-divider-separator\">\n\t\t\t\t\t\t<\/span>\n\t\t<\/div>\n\t\t\t\t\t\t<\/div>\n\t\t\t\t<\/div>\n\t\t\t\t\t<\/div>\n\t\t<\/div>\n\t\t\t\t\t<\/div>\n\t\t<\/section>\n\t\t\t\t<section class=\"elementor-section elementor-top-section elementor-element elementor-element-4985de2 elementor-section-boxed elementor-section-height-default elementor-section-height-default\" data-id=\"4985de2\" data-element_type=\"section\" data-e-type=\"section\">\n\t\t\t\t\t\t<div class=\"elementor-container elementor-column-gap-default\">\n\t\t\t\t\t<div class=\"elementor-column elementor-col-50 elementor-top-column elementor-element elementor-element-ef38cf0\" data-id=\"ef38cf0\" data-element_type=\"column\" data-e-type=\"column\">\n\t\t\t<div class=\"elementor-widget-wrap elementor-element-populated\">\n\t\t\t\t\t\t<div class=\"elementor-element elementor-element-66337d2 elementor-widget elementor-widget-image\" data-id=\"66337d2\" data-element_type=\"widget\" data-e-type=\"widget\" data-widget_type=\"image.default\">\n\t\t\t\t<div class=\"elementor-widget-container\">\n\t\t\t\t\t\t\t\t\t\t\t\t\t\t\t<img decoding=\"async\" width=\"650\" height=\"368\" src=\"https:\/\/www.fol49.org\/laligue49\/wp-content\/uploads\/2021\/09\/LOGO_SC_SIGN_CARRE-1024x579.png\" class=\"attachment-large size-large wp-image-4984\" alt=\"\" srcset=\"https:\/\/www.fol49.org\/laligue49\/wp-content\/uploads\/2021\/09\/LOGO_SC_SIGN_CARRE-1024x579.png 1024w, https:\/\/www.fol49.org\/laligue49\/wp-content\/uploads\/2021\/09\/LOGO_SC_SIGN_CARRE-300x170.png 300w, https:\/\/www.fol49.org\/laligue49\/wp-content\/uploads\/2021\/09\/LOGO_SC_SIGN_CARRE-768x435.png 768w, https:\/\/www.fol49.org\/laligue49\/wp-content\/uploads\/2021\/09\/LOGO_SC_SIGN_CARRE-1536x869.png 1536w, https:\/\/www.fol49.org\/laligue49\/wp-content\/uploads\/2021\/09\/LOGO_SC_SIGN_CARRE.png 1571w\" sizes=\"(max-width: 650px) 100vw, 650px\" \/>\t\t\t\t\t\t\t\t\t\t\t\t\t\t\t<\/div>\n\t\t\t\t<\/div>\n\t\t\t\t\t<\/div>\n\t\t<\/div>\n\t\t\t\t<div class=\"elementor-column elementor-col-50 elementor-top-column elementor-element elementor-element-d3dc284\" data-id=\"d3dc284\" data-element_type=\"column\" data-e-type=\"column\">\n\t\t\t<div class=\"elementor-widget-wrap elementor-element-populated\">\n\t\t\t\t\t\t<div class=\"elementor-element elementor-element-b5401ce elementor-widget elementor-widget-text-editor\" data-id=\"b5401ce\" data-element_type=\"widget\" data-e-type=\"widget\" data-widget_type=\"text-editor.default\">\n\t\t\t\t<div class=\"elementor-widget-container\">\n\t\t\t\t\t\t\t\t\t<p style=\"text-align: justify;\">Dans le cadre de son contrat d\u2019engagement, le volontaire en Service civique doit participer \u00e0 3 journ\u00e9es de formation. Celles-ci se d\u00e9clinent comme suit :<\/p><ul><li style=\"text-align: justify;\">2 journ\u00e9es de formation <strong>Civique et Citoyenne<\/strong>.<\/li><li>1 journ\u00e9e de formation aux <strong>Premiers secours<\/strong> (PSC1).<\/li><\/ul><p style=\"text-align: justify;\"><strong>Participative et collective<\/strong>, la formation Civique et Citoyenne constitue avant tout une opportunit\u00e9 de permettre \u00e0 des jeunes volontaires de se rassembler, dans toute leur diversit\u00e9, pour \u00e9changer, d\u00e9battre, d\u00e9velopper ou exprimer leur citoyennet\u00e9, dans un cadre structur\u00e9 offert par le Service Civique.<\/p>\t\t\t\t\t\t\t\t<\/div>\n\t\t\t\t<\/div>\n\t\t\t\t\t<\/div>\n\t\t<\/div>\n\t\t\t\t\t<\/div>\n\t\t<\/section>\n\t\t\t\t<section class=\"elementor-section elementor-top-section elementor-element elementor-element-803e13c elementor-section-boxed elementor-section-height-default elementor-section-height-default\" data-id=\"803e13c\" data-element_type=\"section\" data-e-type=\"section\">\n\t\t\t\t\t\t<div class=\"elementor-container elementor-column-gap-default\">\n\t\t\t\t\t<div class=\"elementor-column elementor-col-50 elementor-top-column elementor-element elementor-element-f223d92\" data-id=\"f223d92\" data-element_type=\"column\" data-e-type=\"column\">\n\t\t\t<div class=\"elementor-widget-wrap elementor-element-populated\">\n\t\t\t\t\t\t<div class=\"elementor-element elementor-element-2dcd153 elementor-widget elementor-widget-text-editor\" data-id=\"2dcd153\" data-element_type=\"widget\" data-e-type=\"widget\" data-widget_type=\"text-editor.default\">\n\t\t\t\t<div class=\"elementor-widget-container\">\n\t\t\t\t\t\t\t\t\t<h4>OBJECTIFS :<\/h4><ul><li style=\"text-align: justify;\">Accompagner les volontaires dans une r\u00e9flexion sur <strong>leur place dans la soci\u00e9t\u00e9<\/strong> et les moyens d\u2019action et d\u2019engagement qui leur sont propos\u00e9s.<\/li><li style=\"text-align: justify;\">Sensibiliser les jeunes aux <strong>enjeux de la citoyennet\u00e9<\/strong> pour leur permettre de devenir des citoyens actifs et responsables.<\/li><li style=\"text-align: justify;\">Permettre aux jeunes d\u2019<strong>appr\u00e9hender leurs r\u00f4les et leurs missions<\/strong> dans les structures d\u2019accueil.<\/li><li style=\"text-align: justify;\">Favoriser la formation des volontaires en Service Civique via l\u2019<strong>\u00e9change et la pratique entre volontaires<\/strong>.<\/li><\/ul>\t\t\t\t\t\t\t\t<\/div>\n\t\t\t\t<\/div>\n\t\t\t\t\t<\/div>\n\t\t<\/div>\n\t\t\t\t<div class=\"elementor-column elementor-col-50 elementor-top-column elementor-element elementor-element-8b35048\" data-id=\"8b35048\" data-element_type=\"column\" data-e-type=\"column\">\n\t\t\t<div class=\"elementor-widget-wrap elementor-element-populated\">\n\t\t\t\t\t\t<div class=\"elementor-element elementor-element-e3551b9 elementor-widget elementor-widget-image\" data-id=\"e3551b9\" data-element_type=\"widget\" data-e-type=\"widget\" data-widget_type=\"image.default\">\n\t\t\t\t<div class=\"elementor-widget-container\">\n\t\t\t\t\t\t\t\t\t\t\t\t\t\t\t<img loading=\"lazy\" decoding=\"async\" width=\"400\" height=\"400\" src=\"https:\/\/www.fol49.org\/laligue49\/wp-content\/uploads\/2021\/09\/FCC-jeunes.jpg\" class=\"attachment-large size-large wp-image-4987\" alt=\"\" srcset=\"https:\/\/www.fol49.org\/laligue49\/wp-content\/uploads\/2021\/09\/FCC-jeunes.jpg 400w, https:\/\/www.fol49.org\/laligue49\/wp-content\/uploads\/2021\/09\/FCC-jeunes-300x300.jpg 300w, https:\/\/www.fol49.org\/laligue49\/wp-content\/uploads\/2021\/09\/FCC-jeunes-150x150.jpg 150w\" sizes=\"(max-width: 400px) 100vw, 400px\" \/>\t\t\t\t\t\t\t\t\t\t\t\t\t\t\t<\/div>\n\t\t\t\t<\/div>\n\t\t\t\t\t<\/div>\n\t\t<\/div>\n\t\t\t\t\t<\/div>\n\t\t<\/section>\n\t\t\t\t<section class=\"elementor-section elementor-top-section elementor-element elementor-element-0ba53cd elementor-section-boxed elementor-section-height-default elementor-section-height-default\" data-id=\"0ba53cd\" data-element_type=\"section\" data-e-type=\"section\">\n\t\t\t\t\t\t<div class=\"elementor-container elementor-column-gap-default\">\n\t\t\t\t\t<div class=\"elementor-column elementor-col-100 elementor-top-column elementor-element elementor-element-7595575\" data-id=\"7595575\" data-element_type=\"column\" data-e-type=\"column\">\n\t\t\t<div class=\"elementor-widget-wrap elementor-element-populated\">\n\t\t\t\t\t\t<div class=\"elementor-element elementor-element-cc9ed2b elementor-tabs-view-horizontal elementor-widget elementor-widget-tabs\" data-id=\"cc9ed2b\" data-element_type=\"widget\" data-e-type=\"widget\" data-widget_type=\"tabs.default\">\n\t\t\t\t<div class=\"elementor-widget-container\">\n\t\t\t\t\t\t\t<div class=\"elementor-tabs\">\n\t\t\t<div class=\"elementor-tabs-wrapper\" role=\"tablist\" >\n\t\t\t\t\t\t\t\t\t<div id=\"elementor-tab-title-2141\" class=\"elementor-tab-title elementor-tab-desktop-title\" aria-selected=\"true\" data-tab=\"1\" role=\"tab\" tabindex=\"0\" aria-controls=\"elementor-tab-content-2141\" aria-expanded=\"false\">ORGANISATION ET CONTENU DE LA FORMATION<\/div>\n\t\t\t\t\t\t\t\t\t<div id=\"elementor-tab-title-2142\" class=\"elementor-tab-title elementor-tab-desktop-title\" aria-selected=\"false\" data-tab=\"2\" role=\"tab\" tabindex=\"-1\" aria-controls=\"elementor-tab-content-2142\" aria-expanded=\"false\">PUBLIC CIBL\u00c9 <\/div>\n\t\t\t\t\t\t\t\t\t<div id=\"elementor-tab-title-2143\" class=\"elementor-tab-title elementor-tab-desktop-title\" aria-selected=\"false\" data-tab=\"3\" role=\"tab\" tabindex=\"-1\" aria-controls=\"elementor-tab-content-2143\" aria-expanded=\"false\">FINANCEMENT<\/div>\n\t\t\t\t\t\t\t\t\t<div id=\"elementor-tab-title-2144\" class=\"elementor-tab-title elementor-tab-desktop-title\" aria-selected=\"false\" data-tab=\"4\" role=\"tab\" tabindex=\"-1\" aria-controls=\"elementor-tab-content-2144\" aria-expanded=\"false\">S\u2019INSCRIRE<\/div>\n\t\t\t\t\t\t\t<\/div>\n\t\t\t<div class=\"elementor-tabs-content-wrapper\" role=\"tablist\" aria-orientation=\"vertical\">\n\t\t\t\t\t\t\t\t\t<div class=\"elementor-tab-title elementor-tab-mobile-title\" aria-selected=\"true\" data-tab=\"1\" role=\"tab\" tabindex=\"0\" aria-controls=\"elementor-tab-content-2141\" aria-expanded=\"false\">ORGANISATION ET CONTENU DE LA FORMATION<\/div>\n\t\t\t\t\t<div id=\"elementor-tab-content-2141\" class=\"elementor-tab-content elementor-clearfix\" data-tab=\"1\" role=\"tabpanel\" aria-labelledby=\"elementor-tab-title-2141\" tabindex=\"0\" hidden=\"false\"><p>Les organismes d\u2019accueil ont l\u2019obligation d\u2019inscrire les volontaires dans les 3 mois suivant la signature de leur contrat. Les deux journ\u00e9es de formation <strong><span style=\"text-decoration: underline;\">sont obligatoires<\/span><\/strong>.<\/p><p>Ces deux journ\u00e9es ont lieu \u00e0 Angers, \u00e0 la Cit\u00e9 des Associations, de 9h30 \u00e0 16h30.<br \/>Plus de d\u00e9tails vous seront communiqu\u00e9s apr\u00e8s inscription.<\/p><h4>JOURN\u00c9E 1<\/h4><p>\u2022 <strong><span style=\"text-decoration: underline;\">Module 1 : S\u2019engager comme volontaire en Service Civique<\/span><\/strong><br \/><strong>La notion d\u2019engagement et de volontariat. Qu\u2019est-ce qu\u2019une mission ? L\u2019int\u00e9r\u00eat g\u00e9n\u00e9ral. Droits et devoirs des volontaires.<br \/><\/strong>\u00c9changes sur le parcours, les missions et attentes de chacun des participants.<br \/><span style=\"text-decoration: underline;\">Ateliers autour de la question de l\u2019engagement<\/span> : les motivations, les diff\u00e9rents types d\u2019engagement, l\u2019engagement tout au long de la vie, l\u2019int\u00e9r\u00eat de s\u2019engager\u2026<br \/>Interventions de responsables associatifs.<\/p><p><strong>\u2022 <\/strong><span style=\"text-decoration: underline;\"><strong>Module 2 : Vivre ensemble et respecter les diff\u00e9rences<\/strong><\/span><br \/><strong>\u00c9changes entre volontaires pour mieux se connaitre et travail sur les repr\u00e9sentations.<\/strong><br \/><span style=\"text-decoration: underline;\">D\u00e9bats et r\u00e9flexion<\/span> autour des in\u00e9galit\u00e9s et des luttes contre les discriminations (\u00e9galit\u00e9 homme\/femme, ..)<br \/>Les discriminations de quoi parle-t-on ?<br \/>Mes propres pr\u00e9jug\u00e9s et repr\u00e9sentations\u2026<\/p><h4>JOURN\u00c9E 2<\/h4><p><strong>\u2022 <\/strong><span style=\"text-decoration: underline;\"><strong>Module 3 : D\u00e9velopper sa citoyennet\u00e9 au quotidien<\/strong><\/span><br \/><strong>Principe de La\u00efcit\u00e9, valeurs de la r\u00e9publique et d\u00e9couverte des institutions<\/strong><br \/>Rep\u00e8res historiques<br \/>Atelier et d\u00e9bat sur les principes et valeurs de la r\u00e9publique.<\/p><p>\u2022 <span style=\"text-decoration: underline;\"><strong>Module 4 : Valoriser son parcours d\u2019engagement<\/strong><\/span><br \/><strong>Que faire apr\u00e8s son service civique ?<\/strong><br \/>La notion d\u2019engagement et ses diff\u00e9rentes formes.<br \/>Valoriser les comp\u00e9tences acquises pendant la mission.<br \/>L\u2019engagement dans le projet d\u2019avenir (personnel et professionnel).<\/p><\/div>\n\t\t\t\t\t\t\t\t\t<div class=\"elementor-tab-title elementor-tab-mobile-title\" aria-selected=\"false\" data-tab=\"2\" role=\"tab\" tabindex=\"-1\" aria-controls=\"elementor-tab-content-2142\" aria-expanded=\"false\">PUBLIC CIBL\u00c9 <\/div>\n\t\t\t\t\t<div id=\"elementor-tab-content-2142\" class=\"elementor-tab-content elementor-clearfix\" data-tab=\"2\" role=\"tabpanel\" aria-labelledby=\"elementor-tab-title-2142\" tabindex=\"0\" hidden=\"hidden\"><p>Les volontaires Ligue de l\u2019enseignement et associations affili\u00e9es, les volontaires de l\u2019\u00c9ducation Nationale, les volontaires d\u2019autres organismes b\u00e9n\u00e9ficiant d\u2019un agr\u00e9ment Service Civique.<br \/>18 places par sessions.<\/p><\/div>\n\t\t\t\t\t\t\t\t\t<div class=\"elementor-tab-title elementor-tab-mobile-title\" aria-selected=\"false\" data-tab=\"3\" role=\"tab\" tabindex=\"-1\" aria-controls=\"elementor-tab-content-2143\" aria-expanded=\"false\">FINANCEMENT<\/div>\n\t\t\t\t\t<div id=\"elementor-tab-content-2143\" class=\"elementor-tab-content elementor-clearfix\" data-tab=\"3\" role=\"tabpanel\" aria-labelledby=\"elementor-tab-title-2143\" tabindex=\"0\" hidden=\"hidden\"><p>100\u20ac pour les 2 journ\u00e9es. Une facture sera envoy\u00e9e \u00e0 la structure d\u2019accueil suite \u00e0 la participation du volontaire. <br \/>Le transport et les repas ne sont pas compris.<\/p><\/div>\n\t\t\t\t\t\t\t\t\t<div class=\"elementor-tab-title elementor-tab-mobile-title\" aria-selected=\"false\" data-tab=\"4\" role=\"tab\" tabindex=\"-1\" aria-controls=\"elementor-tab-content-2144\" aria-expanded=\"false\">S\u2019INSCRIRE<\/div>\n\t\t\t\t\t<div id=\"elementor-tab-content-2144\" class=\"elementor-tab-content elementor-clearfix\" data-tab=\"4\" role=\"tabpanel\" aria-labelledby=\"elementor-tab-title-2144\" tabindex=\"0\" hidden=\"hidden\"><h4>Calendrier des formations 2025-2026<\/h4><ul><li>Jeudi 16 et vendredi 17 octobre 2025 (complet)<\/li><li>Lundi 3 et mardi 4 novembre 2025 (complet)<\/li><li>Lundi 24 et mardi 25 novembre 2025 (complet)<\/li><li>Lundi 8 et mardi 9 d\u00e9cembre 2025 (complet)<\/li><li>Lundi 12 et mardi 13 janvier 2026 (complet)<\/li><li>Jeudi 12 et vendredi 13 f\u00e9vrier 2026 (complet)<\/li><li>Lundi 9 et mardi 10 mars 2026 (complet)<\/li><li>Lundi 16 et mardi 17 mars 2026 (complet)<\/li><li>Jeudi 9 et vendredi 10 avril 2026 (annul\u00e9e)<\/li><li>Lundi 11 et mardi 12 mai 2026<\/li><li>Lundi 8 et mardi 9 juin 2026<\/li><li>Lundi 22 et mardi 23 juin 2026<\/li><\/ul><p style=\"text-align: center;\"><em><strong>Pour vous inscrire, merci de compl\u00e9ter le formulaire suivant :<\/strong><\/em><\/p><p style=\"text-align: center;\"><a class=\"maxbutton-47 maxbutton maxbutton-inscriptions-fcc\" target=\"_blank\" rel=\"noopener\" href=\"https:\/\/forms.gle\/Cbc4wrSgoL2Hj7Gr7\"><span class='mb-text'>Formulaire d&#039;inscription Formation Civique et Citoyenne<\/span><\/a><\/p><\/div>\n\t\t\t\t\t\t\t<\/div>\n\t\t<\/div>\n\t\t\t\t\t\t<\/div>\n\t\t\t\t<\/div>\n\t\t\t\t\t<\/div>\n\t\t<\/div>\n\t\t\t\t\t<\/div>\n\t\t<\/section>\n\t\t\t\t<\/div>\n\t\t","protected":false},"excerpt":{"rendered":"<p>FORMATIONS CIVIQUES ET CITOYENNES Dans le cadre de son contrat d\u2019engagement, le volontaire en Service civique doit participer \u00e0 3 journ\u00e9es de formation. Celles-ci se d\u00e9clinent comme suit : 2 journ\u00e9es de formation Civique et Citoyenne. 1 journ\u00e9e de formation aux Premiers secours (PSC1). Participative et collective, la formation Civique et Citoyenne constitue avant tout &#8230;<\/p>\n","protected":false},"author":1,"featured_media":0,"parent":0,"menu_order":0,"comment_status":"closed","ping_status":"closed","template":"","meta":{"jetpack_post_was_ever_published":false,"footnotes":""},"class_list":["post-4979","page","type-page","status-publish","hentry"],"jetpack_sharing_enabled":true,"jetpack_shortlink":"https:\/\/wp.me\/P8tWm3-1ij","_links":{"self":[{"href":"https:\/\/www.fol49.org\/laligue49\/wp-json\/wp\/v2\/pages\/4979","targetHints":{"allow":["GET"]}}],"collection":[{"href":"https:\/\/www.fol49.org\/laligue49\/wp-json\/wp\/v2\/pages"}],"about":[{"href":"https:\/\/www.fol49.org\/laligue49\/wp-json\/wp\/v2\/types\/page"}],"author":[{"embeddable":true,"href":"https:\/\/www.fol49.org\/laligue49\/wp-json\/wp\/v2\/users\/1"}],"replies":[{"embeddable":true,"href":"https:\/\/www.fol49.org\/laligue49\/wp-json\/wp\/v2\/comments?post=4979"}],"version-history":[{"count":138,"href":"https:\/\/www.fol49.org\/laligue49\/wp-json\/wp\/v2\/pages\/4979\/revisions"}],"predecessor-version":[{"id":6764,"href":"https:\/\/www.fol49.org\/laligue49\/wp-json\/wp\/v2\/pages\/4979\/revisions\/6764"}],"wp:attachment":[{"href":"https:\/\/www.fol49.org\/laligue49\/wp-json\/wp\/v2\/media?parent=4979"}],"curies":[{"name":"wp","href":"https:\/\/api.w.org\/{rel}","templated":true}]}}