{"id":47,"date":"2016-05-04T09:47:56","date_gmt":"2016-05-04T08:47:56","guid":{"rendered":"http:\/\/fol49.org\/laligue49\/?page_id=47"},"modified":"2016-06-07T16:10:48","modified_gmt":"2016-06-07T15:10:48","slug":"affiliations-et-adhesions","status":"publish","type":"page","link":"https:\/\/www.fol49.org\/laligue49\/affiliations-et-adhesions\/","title":{"rendered":"Affiliations et adh\u00e9sions"},"content":{"rendered":"<p>Vous \u00eates membre d&#8217;une association loi 1901, d&#8217;un comit\u00e9 d&#8217;entreprise, d&#8217;une collectivit\u00e9 locale ?<\/p>\n<p>Vous d\u00e9fendez les valeurs de citoyennet\u00e9, la\u00efcit\u00e9, solidarit\u00e9 et vous \u00eates attach\u00e9s \u00e0 l&#8217;\u00e9ducation populaire ?<\/p>\n<p>Vous avez alors la possibilit\u00e9 de vous affilier \u00e0 la F.O.L de Maine et Loire, qui vous accompagnera dans la r\u00e9alisation de vos projets.<\/p>\n<p>&#8211; En adressant une demande \u00e9crite \u00e0 la F.O.L. 49<br \/>\n&#8211; En joignant les statuts de la structure, et le dernier rapport financier et d\u2019activit\u00e9s<br \/>\n&#8211; En s&#8217;acquittant, par la suite, d&#8217;une cotisation pour l&#8217;association et individuelle pour chaque membre de votre association.<\/p>\n<p>(On parle d\u2019affiliation pour la personne morale. L\u2019adh\u00e9sion concerne les personnes b\u00e9n\u00e9voles qui participent \u00e0 la vie de l\u2019association et payent une cotisation.)<\/p>\n<p>Vous trouverez dans la rubrique \u00ab Centre de ressources \u00bb les diff\u00e9rents services et prestations propos\u00e9s aux associations affili\u00e9es \u00e0 la FOL 49.<\/p>\n","protected":false},"excerpt":{"rendered":"<p>Vous \u00eates membre d&#8217;une association loi 1901, d&#8217;un comit\u00e9 d&#8217;entreprise, d&#8217;une collectivit\u00e9 locale ? Vous d\u00e9fendez les valeurs de citoyennet\u00e9, la\u00efcit\u00e9, solidarit\u00e9 et vous \u00eates attach\u00e9s \u00e0 l&#8217;\u00e9ducation populaire ? Vous avez alors la possibilit\u00e9 de vous affilier \u00e0 la F.O.L de Maine et Loire, qui vous accompagnera dans la r\u00e9alisation de vos projets. &#8211; &#8230;<\/p>\n","protected":false},"author":1,"featured_media":0,"parent":0,"menu_order":0,"comment_status":"closed","ping_status":"closed","template":"","meta":{"jetpack_post_was_ever_published":false,"footnotes":""},"class_list":["post-47","page","type-page","status-publish","hentry"],"jetpack_sharing_enabled":true,"jetpack_shortlink":"https:\/\/wp.me\/P8tWm3-L","_links":{"self":[{"href":"https:\/\/www.fol49.org\/laligue49\/wp-json\/wp\/v2\/pages\/47","targetHints":{"allow":["GET"]}}],"collection":[{"href":"https:\/\/www.fol49.org\/laligue49\/wp-json\/wp\/v2\/pages"}],"about":[{"href":"https:\/\/www.fol49.org\/laligue49\/wp-json\/wp\/v2\/types\/page"}],"author":[{"embeddable":true,"href":"https:\/\/www.fol49.org\/laligue49\/wp-json\/wp\/v2\/users\/1"}],"replies":[{"embeddable":true,"href":"https:\/\/www.fol49.org\/laligue49\/wp-json\/wp\/v2\/comments?post=47"}],"version-history":[{"count":2,"href":"https:\/\/www.fol49.org\/laligue49\/wp-json\/wp\/v2\/pages\/47\/revisions"}],"predecessor-version":[{"id":920,"href":"https:\/\/www.fol49.org\/laligue49\/wp-json\/wp\/v2\/pages\/47\/revisions\/920"}],"wp:attachment":[{"href":"https:\/\/www.fol49.org\/laligue49\/wp-json\/wp\/v2\/media?parent=47"}],"curies":[{"name":"wp","href":"https:\/\/api.w.org\/{rel}","templated":true}]}}