{"id":4606,"date":"2020-12-17T16:48:24","date_gmt":"2020-12-17T15:48:24","guid":{"rendered":"http:\/\/www.fol49.org\/laligue49\/?page_id=4606"},"modified":"2021-10-27T11:41:51","modified_gmt":"2021-10-27T10:41:51","slug":"prix-litteraire-de-la-citoyennete-comite-de-lecture","status":"publish","type":"page","link":"https:\/\/www.fol49.org\/laligue49\/prix-litteraire-de-la-citoyennete-comite-de-lecture\/","title":{"rendered":"prix-litteraire-de-la-citoyennete &#8211; Comit\u00e9 de lecture"},"content":{"rendered":"\n<figure class=\"wp-block-image size-large\"><img decoding=\"async\" width=\"700\" height=\"25\" src=\"https:\/\/www.fol49.org\/laligue49\/wp-content\/uploads\/2020\/12\/bandeau-PLC_Plan-de-travail-1.jpg\" alt=\"\" class=\"wp-image-4555\" srcset=\"https:\/\/www.fol49.org\/laligue49\/wp-content\/uploads\/2020\/12\/bandeau-PLC_Plan-de-travail-1.jpg 700w, https:\/\/www.fol49.org\/laligue49\/wp-content\/uploads\/2020\/12\/bandeau-PLC_Plan-de-travail-1-300x11.jpg 300w\" sizes=\"(max-width: 700px) 100vw, 700px\" \/><\/figure>\n\n\n\n<h1 class=\"wp-block-heading\">Comit\u00e9 de lecture<\/h1>\n\n\n\n<p>Compos\u00e9 d\u2019une trentaine de membres b\u00e9n\u00e9voles (enseignants, libraires, biblioth\u00e9caires, documentalistes, animateurs p\u00e9riscolaire, \u00e9tudiants, retrait\u00e9s), notre comit\u00e9 de lecture se r\u00e9unit 8 fois par an pour s\u00e9lectionner avec soin les 20 ouvrages qui seront propos\u00e9s l\u2019ann\u00e9e suivante aux classes inscrites au Prix.<\/p>\n\n\n\n<p>De septembre \u00e0 juin, plus de 150 ouvrages sont lus, \u00e9tudi\u00e9s, analys\u00e9s et font l\u2019objet de d\u00e9bats anim\u00e9s et passionn\u00e9s entre les lecteurs.<\/p>\n\n\n\n<p>Ces comit\u00e9s de lecture se font en partenariat avec les librairies <strong>La Luciole<\/strong>, la <strong>SADEL<\/strong>, <strong>Contact<\/strong>, <strong>Azu Manga<\/strong>, le <strong>Bibliop\u00f4le 49<\/strong> et le r\u00e9seau des <strong>Biblioth\u00e8ques d\u2019Angers<\/strong>,<\/p>\n\n\n\n<h4 class=\"wp-block-heading\"><span style=\"color:#005aa7\" class=\"has-inline-color\">Nous soumettre des livres<\/span><\/h4>\n\n\n\n<p><strong><em>Vous \u00eates une maison d\u2019\u00e9dition, auteur.e ou illustrateur.rice et souhaitez soumettre un ouvrage au comit\u00e9 de lecture ? Vos titres sont les bienvenus !<\/em><\/strong><\/p>\n\n\n\n<p><strong>Nos modalit\u00e9s de s\u00e9lection :<\/strong><\/p>\n\n\n\n<ul class=\"wp-block-list\"><li>Album, roman, po\u00e9sie, th\u00e9\u00e2tre, manga, BD, roman graphique : tous les formats sont les bienvenus sauf les documentaires.<\/li><li>Th\u00e9matiques citoyennes permettant le d\u00e9bat d\u2019id\u00e9es : vivre ensemble, lutte contre les discriminations, solidarit\u00e9, ouverture sur l\u2019Autre, estime de soi, partage, Histoire, etc.<\/li><li>Parution r\u00e9cente : de mai&nbsp; \u00e0 mai. Par exemple : le comit\u00e9 de lecture travaillant en 2020-2021 sur les s\u00e9lections 2021-2022 \u00e9tudiera des ouvrages parus de mai 2020 \u00e0 mai 2021.<\/li><li>Livres imprim\u00e9s en quantit\u00e9 suffisante et disponibles en librairie<\/li><\/ul>\n\n\n\n<p>L\u2019envoi de services de presse se fait \u00e0 cette adresse :<br>F\u00e9d\u00e9ration des \u0152uvres La\u00efques 49<br>Service Education &#8211; Culture<br>14 bis avenue Marie Talet<br>49100 ANGERS<\/p>\n","protected":false},"excerpt":{"rendered":"<p>Comit\u00e9 de lecture Compos\u00e9 d\u2019une trentaine de membres b\u00e9n\u00e9voles (enseignants, libraires, biblioth\u00e9caires, documentalistes, animateurs p\u00e9riscolaire, \u00e9tudiants, retrait\u00e9s), notre comit\u00e9 de lecture se r\u00e9unit 8 fois par an pour s\u00e9lectionner avec soin les 20 ouvrages qui seront propos\u00e9s l\u2019ann\u00e9e suivante aux classes inscrites au Prix. De septembre \u00e0 juin, plus de 150 ouvrages sont lus, \u00e9tudi\u00e9s, &#8230;<\/p>\n","protected":false},"author":1,"featured_media":0,"parent":0,"menu_order":0,"comment_status":"closed","ping_status":"closed","template":"","meta":{"jetpack_post_was_ever_published":false,"footnotes":""},"class_list":["post-4606","page","type-page","status-publish","hentry"],"jetpack_sharing_enabled":true,"jetpack_shortlink":"https:\/\/wp.me\/P8tWm3-1ci","_links":{"self":[{"href":"https:\/\/www.fol49.org\/laligue49\/wp-json\/wp\/v2\/pages\/4606","targetHints":{"allow":["GET"]}}],"collection":[{"href":"https:\/\/www.fol49.org\/laligue49\/wp-json\/wp\/v2\/pages"}],"about":[{"href":"https:\/\/www.fol49.org\/laligue49\/wp-json\/wp\/v2\/types\/page"}],"author":[{"embeddable":true,"href":"https:\/\/www.fol49.org\/laligue49\/wp-json\/wp\/v2\/users\/1"}],"replies":[{"embeddable":true,"href":"https:\/\/www.fol49.org\/laligue49\/wp-json\/wp\/v2\/comments?post=4606"}],"version-history":[{"count":8,"href":"https:\/\/www.fol49.org\/laligue49\/wp-json\/wp\/v2\/pages\/4606\/revisions"}],"predecessor-version":[{"id":5176,"href":"https:\/\/www.fol49.org\/laligue49\/wp-json\/wp\/v2\/pages\/4606\/revisions\/5176"}],"wp:attachment":[{"href":"https:\/\/www.fol49.org\/laligue49\/wp-json\/wp\/v2\/media?parent=4606"}],"curies":[{"name":"wp","href":"https:\/\/api.w.org\/{rel}","templated":true}]}}