{"id":4585,"date":"2020-12-17T15:45:42","date_gmt":"2020-12-17T14:45:42","guid":{"rendered":"http:\/\/www.fol49.org\/laligue49\/?page_id=4585"},"modified":"2021-10-27T11:41:18","modified_gmt":"2021-10-27T10:41:18","slug":"prix-litteraire-de-la-citoyennete-inscriptions","status":"publish","type":"page","link":"https:\/\/www.fol49.org\/laligue49\/prix-litteraire-de-la-citoyennete-inscriptions\/","title":{"rendered":"prix litteraire de la citoyennete &#8211; inscriptions"},"content":{"rendered":"\n<figure class=\"wp-block-image size-large\"><img decoding=\"async\" width=\"700\" height=\"25\" src=\"https:\/\/www.fol49.org\/laligue49\/wp-content\/uploads\/2020\/12\/bandeau-PLC_Plan-de-travail-1.jpg\" alt=\"\" class=\"wp-image-4555\" srcset=\"https:\/\/www.fol49.org\/laligue49\/wp-content\/uploads\/2020\/12\/bandeau-PLC_Plan-de-travail-1.jpg 700w, https:\/\/www.fol49.org\/laligue49\/wp-content\/uploads\/2020\/12\/bandeau-PLC_Plan-de-travail-1-300x11.jpg 300w\" sizes=\"(max-width: 700px) 100vw, 700px\" \/><\/figure>\n\n\n\n<h1 class=\"has-text-align-left wp-block-heading\">Inscriptions<\/h1>\n\n\n\n<p>Le Prix Litt\u00e9raire de la Citoyennet\u00e9 est propos\u00e9 \u00e0 tous les \u00e9tablissements scolaires publics de Maine-et-Loire, de la maternelle au lyc\u00e9e.<\/p>\n\n\n\n<p>L\u2019inscription et les modalit\u00e9s de participation sont pr\u00e9sent\u00e9es sur la page d\u00e9di\u00e9e du site de la DSDEN 49<\/p>\n\n\n<p class=\"has-text-align-center\"><a class=\"maxbutton-32 maxbutton maxbutton-inscription-plc\" href=\"https:\/\/www.pedagogie1d.ac-nantes.fr\/maine-et-loire\/actions-educatives\/prix-litteraire-de-la-citoyennete\/\"><span class='mb-text'>INSCRIPTIONS SUR LE SITE DE LA DSDEN 49<\/span><\/a><\/p>\n\n\n\n<div style=\"height:30px\" aria-hidden=\"true\" class=\"wp-block-spacer\"><\/div>\n\n\n\n<figure class=\"wp-block-image size-large\"><img fetchpriority=\"high\" decoding=\"async\" width=\"830\" height=\"295\" src=\"https:\/\/www.fol49.org\/laligue49\/wp-content\/uploads\/2021\/03\/Timeline-PLC.jpg\" alt=\"\" class=\"wp-image-4737\" srcset=\"https:\/\/www.fol49.org\/laligue49\/wp-content\/uploads\/2021\/03\/Timeline-PLC.jpg 830w, https:\/\/www.fol49.org\/laligue49\/wp-content\/uploads\/2021\/03\/Timeline-PLC-300x107.jpg 300w, https:\/\/www.fol49.org\/laligue49\/wp-content\/uploads\/2021\/03\/Timeline-PLC-768x273.jpg 768w\" sizes=\"(max-width: 830px) 100vw, 830px\" \/><\/figure>\n\n\n\n<p><strong><span style=\"color:#005aa7\" class=\"has-inline-color\">Vous souhaitez proposer le PLC dans votre structure (accueil de loisirs, biblioth\u00e8ques, etc.) ?<br>N\u2019h\u00e9sitez pas \u00e0 prendre contact avec nous !<\/span><\/strong><\/p>\n","protected":false},"excerpt":{"rendered":"<p>Inscriptions Le Prix Litt\u00e9raire de la Citoyennet\u00e9 est propos\u00e9 \u00e0 tous les \u00e9tablissements scolaires publics de Maine-et-Loire, de la maternelle au lyc\u00e9e. L\u2019inscription et les modalit\u00e9s de participation sont pr\u00e9sent\u00e9es sur la page d\u00e9di\u00e9e du site de la DSDEN 49 Vous souhaitez proposer le PLC dans votre structure (accueil de loisirs, biblioth\u00e8ques, etc.) ?N\u2019h\u00e9sitez pas &#8230;<\/p>\n","protected":false},"author":1,"featured_media":0,"parent":0,"menu_order":0,"comment_status":"closed","ping_status":"closed","template":"","meta":{"jetpack_post_was_ever_published":false,"footnotes":""},"class_list":["post-4585","page","type-page","status-publish","hentry"],"jetpack_sharing_enabled":true,"jetpack_shortlink":"https:\/\/wp.me\/P8tWm3-1bX","_links":{"self":[{"href":"https:\/\/www.fol49.org\/laligue49\/wp-json\/wp\/v2\/pages\/4585","targetHints":{"allow":["GET"]}}],"collection":[{"href":"https:\/\/www.fol49.org\/laligue49\/wp-json\/wp\/v2\/pages"}],"about":[{"href":"https:\/\/www.fol49.org\/laligue49\/wp-json\/wp\/v2\/types\/page"}],"author":[{"embeddable":true,"href":"https:\/\/www.fol49.org\/laligue49\/wp-json\/wp\/v2\/users\/1"}],"replies":[{"embeddable":true,"href":"https:\/\/www.fol49.org\/laligue49\/wp-json\/wp\/v2\/comments?post=4585"}],"version-history":[{"count":20,"href":"https:\/\/www.fol49.org\/laligue49\/wp-json\/wp\/v2\/pages\/4585\/revisions"}],"predecessor-version":[{"id":5175,"href":"https:\/\/www.fol49.org\/laligue49\/wp-json\/wp\/v2\/pages\/4585\/revisions\/5175"}],"wp:attachment":[{"href":"https:\/\/www.fol49.org\/laligue49\/wp-json\/wp\/v2\/media?parent=4585"}],"curies":[{"name":"wp","href":"https:\/\/api.w.org\/{rel}","templated":true}]}}