{"id":4506,"date":"2020-12-03T14:56:11","date_gmt":"2020-12-03T13:56:11","guid":{"rendered":"http:\/\/www.fol49.org\/laligue49\/?page_id=4506"},"modified":"2026-01-20T09:59:54","modified_gmt":"2026-01-20T08:59:54","slug":"lire-et-faire-lire-devenir-structure-daccueil","status":"publish","type":"page","link":"https:\/\/www.fol49.org\/laligue49\/lire-et-faire-lire-devenir-structure-daccueil\/","title":{"rendered":"Lire et faire lire &#8211; devenir structure d&#8217;accueil"},"content":{"rendered":"\n<figure class=\"wp-block-image size-large\"><img decoding=\"async\" width=\"700\" height=\"25\" src=\"https:\/\/www.fol49.org\/laligue49\/wp-content\/uploads\/2020\/12\/bandeau-lire-et-faire-lire1.jpg\" alt=\"\" class=\"wp-image-4473\" srcset=\"https:\/\/www.fol49.org\/laligue49\/wp-content\/uploads\/2020\/12\/bandeau-lire-et-faire-lire1.jpg 700w, https:\/\/www.fol49.org\/laligue49\/wp-content\/uploads\/2020\/12\/bandeau-lire-et-faire-lire1-300x11.jpg 300w\" sizes=\"(max-width: 700px) 100vw, 700px\" \/><\/figure>\n\n\n\n<h1 class=\"wp-block-heading\">Devenez structure d&#8217;accueil<\/h1>\n\n\n\n<p><strong><em>Vous souhaitez mettre en place des s\u00e9ances de lecture Lire et faire lire dans votre commune ou dans votre structure \u00e9ducative ?<\/em><\/strong><\/p>\n\n\n\n<div class=\"wp-block-columns is-layout-flex wp-container-core-columns-is-layout-9d6595d7 wp-block-columns-is-layout-flex\">\n<div class=\"wp-block-column is-layout-flow wp-block-column-is-layout-flow\">\n<figure class=\"wp-block-image size-large\"><img fetchpriority=\"high\" decoding=\"async\" width=\"802\" height=\"707\" src=\"https:\/\/www.fol49.org\/laligue49\/wp-content\/uploads\/2020\/12\/Lire-et-faire-lire-Chalonnes1.jpg\" alt=\"\" class=\"wp-image-4513\" srcset=\"https:\/\/www.fol49.org\/laligue49\/wp-content\/uploads\/2020\/12\/Lire-et-faire-lire-Chalonnes1.jpg 802w, https:\/\/www.fol49.org\/laligue49\/wp-content\/uploads\/2020\/12\/Lire-et-faire-lire-Chalonnes1-300x264.jpg 300w, https:\/\/www.fol49.org\/laligue49\/wp-content\/uploads\/2020\/12\/Lire-et-faire-lire-Chalonnes1-768x677.jpg 768w\" sizes=\"(max-width: 802px) 100vw, 802px\" \/><\/figure>\n<\/div>\n\n\n\n<div class=\"wp-block-column is-layout-flow wp-block-column-is-layout-flow\">\n<p>Nos b\u00e9n\u00e9voles interviennent en :<\/p>\n\n\n\n<ul class=\"wp-block-list\">\n<li>\u00c9cole maternelle et primaire (temps p\u00e9riscolaire uniquement)<\/li>\n\n\n\n<li>ALSH \/ ALAE<\/li>\n\n\n\n<li>Structure petite enfance<\/li>\n\n\n\n<li>Coll\u00e8ge<\/li>\n\n\n\n<li>Biblioth\u00e8que<\/li>\n\n\n\n<li>Centres sociaux<\/li>\n\n\n\n<li>\u2026<\/li>\n<\/ul>\n<\/div>\n<\/div>\n\n\n\n<p class=\"has-text-align-justify\">En coh\u00e9rence avec le <strong>projet \u00e9ducatif<\/strong> et les <strong>pratiques p\u00e9dagogiques<\/strong> des structures, la coordination d\u00e9partementale a pour mission :<\/p>\n\n\n\n<p>\u2022 d\u2019<strong>aider les responsables d\u2019\u00e9tablissements<\/strong> \u00e0 int\u00e9grer des temps Lire et Faire Lire dans leur projet d\u2019\u00e9tablissement<br>\u2022 d\u2019affecter et de <strong>coordonner<\/strong> tout au long de l\u2019ann\u00e9e<strong> les b\u00e9n\u00e9voles<\/strong>, de leur proposer un plan de formation afin de les sensibiliser \u00e0 la litt\u00e9rature de jeunesse, \u00e0 la gestion d\u2019un groupe d\u2019enfants, \u00e0 la ma\u00eetrise de la lecture \u00e0 haute voix, etc.<br>\u2022 de <strong>fournir une assurance<\/strong> aux b\u00e9n\u00e9voles pour leurs interventions<br>\u2022 d\u2019<strong>organiser<\/strong> r\u00e9guli\u00e8rement <strong>des \u00e9v\u00e9nements<\/strong> autour de la lecture pour dynamiser et enrichir le r\u00e9seau d\u2019exp\u00e9riences diverses et nouvelles (rencontre d\u2019auteurs et d\u2019illustrateurs jeunesse, d\u00e9couverte d\u2019expositions, participation \u00e0 des \u00e9v\u00e9nements litt\u00e9raires, etc.).<\/p>\n\n\n\n<p class=\"has-text-align-justify\">Une<strong> convention<\/strong> est sign\u00e9e entre la coordination d\u00e9partementale et les structures partenaires ou responsables (mairie, collectivit\u00e9s\u2026). Chaque ann\u00e9e, un avenant pr\u00e9cise les b\u00e9n\u00e9voles actifs et leurs horaires. La coordination effectue une demande de subvention annuelle aupr\u00e8s de chaque structure participante pour financer la formation des b\u00e9n\u00e9voles et le d\u00e9veloppement de l\u2019action.<\/p>\n\n\n\n<p class=\"has-text-align-justify\">Nos b\u00e9n\u00e9voles peuvent aussi intervenir de mani\u00e8re plus ponctuelle, lors d\u2019<strong>\u00e9v\u00e8nements<\/strong> comme des salons du livres, des rencontres d\u2019auteurs, des manifestations culturelles, etc.<\/p>\n\n\n\n<p class=\"has-text-align-justify\">Pour penser un partenariat, n\u2019h\u00e9sitez pas \u00e0 prendre contact avec nous !<\/p>\n\n\n\n<p><strong><em>Documents \u00e0 t\u00e9l\u00e9charger<\/em><\/strong> :<\/p>\n\n\n<div class='w3eden'><!-- WPDM Link Template: Default Template -->\n\n<div class=\"link-template-default card mb-2\">\n    <div class=\"card-body\">\n        <div class=\"media\">\n            <div class=\"mr-3 img-48\"><img decoding=\"async\" class=\"wpdm_icon\" alt=\"Ic\u00f4ne\"   src=\"http:\/\/www.fol49.org\/laligue49\/wp-content\/plugins\/download-manager\/assets\/file-type-icons\/down2.png\" \/><\/div>\n            <div class=\"media-body\">\n                <h3 class=\"package-title\"><a href='https:\/\/www.fol49.org\/laligue49\/download\/charte-des-structures-educatives\/'>Charte des structures \u00e9ducatives<\/a><\/h3>\n                <div class=\"text-muted text-small\"><i class=\"fas fa-copy\"><\/i> 1 fichier\u00b7s <i class=\"fas fa-hdd ml-3\"><\/i> 157.21 KB<\/div>\n            <\/div>\n            <div class=\"ml-3\">\n                <a class='wpdm-download-link download-on-click btn btn-primary ' rel='nofollow' href='#' data-downloadurl=\"https:\/\/www.fol49.org\/laligue49\/download\/charte-des-structures-educatives\/?wpdmdl=4516&refresh=69e06c80c1b821776315520\">T\u00e9l\u00e9charger<\/a>\n            <\/div>\n        <\/div>\n    <\/div>\n<\/div>\n\n<\/div>\n\n\n<div class='w3eden'><!-- WPDM Link Template: Default Template -->\n\n<div class=\"link-template-default card mb-2\">\n    <div class=\"card-body\">\n        <div class=\"media\">\n            <div class=\"mr-3 img-48\"><img decoding=\"async\" class=\"wpdm_icon\" alt=\"Ic\u00f4ne\"   src=\"http:\/\/www.fol49.org\/laligue49\/wp-content\/plugins\/download-manager\/assets\/file-type-icons\/down2.png\" \/><\/div>\n            <div class=\"media-body\">\n                <h3 class=\"package-title\"><a href='https:\/\/www.fol49.org\/laligue49\/download\/modalites-financieres\/'>Modalit\u00e9s financi\u00e8res<\/a><\/h3>\n                <div class=\"text-muted text-small\"><i class=\"fas fa-copy\"><\/i> 1 fichier\u00b7s <i class=\"fas fa-hdd ml-3\"><\/i> 486.61 KB<\/div>\n            <\/div>\n            <div class=\"ml-3\">\n                <a class='wpdm-download-link download-on-click btn btn-primary ' rel='nofollow' href='#' data-downloadurl=\"https:\/\/www.fol49.org\/laligue49\/download\/modalites-financieres\/?wpdmdl=4521&refresh=69e06c80c50811776315520\">T\u00e9l\u00e9charger<\/a>\n            <\/div>\n        <\/div>\n    <\/div>\n<\/div>\n\n<\/div>\n\n\n\n<div class=\"wp-block-columns is-layout-flex wp-container-core-columns-is-layout-9d6595d7 wp-block-columns-is-layout-flex\">\n<div class=\"wp-block-column is-layout-flow wp-block-column-is-layout-flow\"><a class=\"maxbutton-25 maxbutton maxbutton-www-lireetfairelire-org\" target=\"_blank\" rel=\"noopener\" href=\"https:\/\/www.lireetfairelire.org\/\"><span class='mb-text'>www.lireetfairelire.org<\/span><\/a><\/div>\n\n\n\n<div class=\"wp-block-column is-layout-flow wp-block-column-is-layout-flow\"><a class=\"maxbutton-24 maxbutton maxbutton-le-blog-des-benevoles\" target=\"_blank\" rel=\"noopener\" href=\"https:\/\/lireetfairelire49.fr\/\"><span class='mb-text'>Le blog des b\u00e9n\u00e9voles 49<\/span><\/a><\/div>\n<\/div>\n","protected":false},"excerpt":{"rendered":"<p>Devenez structure d&#8217;accueil Vous souhaitez mettre en place des s\u00e9ances de lecture Lire et faire lire dans votre commune ou dans votre structure \u00e9ducative ? Nos b\u00e9n\u00e9voles interviennent en : En coh\u00e9rence avec le projet \u00e9ducatif et les pratiques p\u00e9dagogiques des structures, la coordination d\u00e9partementale a pour mission : \u2022 d\u2019aider les responsables d\u2019\u00e9tablissements \u00e0 &#8230;<\/p>\n","protected":false},"author":1,"featured_media":0,"parent":0,"menu_order":0,"comment_status":"closed","ping_status":"closed","template":"","meta":{"jetpack_post_was_ever_published":false,"footnotes":""},"class_list":["post-4506","page","type-page","status-publish","hentry"],"jetpack_sharing_enabled":true,"jetpack_shortlink":"https:\/\/wp.me\/P8tWm3-1aG","_links":{"self":[{"href":"https:\/\/www.fol49.org\/laligue49\/wp-json\/wp\/v2\/pages\/4506","targetHints":{"allow":["GET"]}}],"collection":[{"href":"https:\/\/www.fol49.org\/laligue49\/wp-json\/wp\/v2\/pages"}],"about":[{"href":"https:\/\/www.fol49.org\/laligue49\/wp-json\/wp\/v2\/types\/page"}],"author":[{"embeddable":true,"href":"https:\/\/www.fol49.org\/laligue49\/wp-json\/wp\/v2\/users\/1"}],"replies":[{"embeddable":true,"href":"https:\/\/www.fol49.org\/laligue49\/wp-json\/wp\/v2\/comments?post=4506"}],"version-history":[{"count":18,"href":"https:\/\/www.fol49.org\/laligue49\/wp-json\/wp\/v2\/pages\/4506\/revisions"}],"predecessor-version":[{"id":6629,"href":"https:\/\/www.fol49.org\/laligue49\/wp-json\/wp\/v2\/pages\/4506\/revisions\/6629"}],"wp:attachment":[{"href":"https:\/\/www.fol49.org\/laligue49\/wp-json\/wp\/v2\/media?parent=4506"}],"curies":[{"name":"wp","href":"https:\/\/api.w.org\/{rel}","templated":true}]}}