{"id":4491,"date":"2020-12-03T14:14:07","date_gmt":"2020-12-03T13:14:07","guid":{"rendered":"http:\/\/www.fol49.org\/laligue49\/?page_id=4491"},"modified":"2026-01-20T10:45:58","modified_gmt":"2026-01-20T09:45:58","slug":"lire-et-faire-lire-devenir-benevole","status":"publish","type":"page","link":"https:\/\/www.fol49.org\/laligue49\/lire-et-faire-lire-devenir-benevole\/","title":{"rendered":"Lire et faire lire &#8211; devenir b\u00e9n\u00e9vole"},"content":{"rendered":"\n<figure class=\"wp-block-image size-large\"><img decoding=\"async\" width=\"700\" height=\"25\" src=\"https:\/\/www.fol49.org\/laligue49\/wp-content\/uploads\/2020\/12\/bandeau-lire-et-faire-lire1.jpg\" alt=\"\" class=\"wp-image-4473\" srcset=\"https:\/\/www.fol49.org\/laligue49\/wp-content\/uploads\/2020\/12\/bandeau-lire-et-faire-lire1.jpg 700w, https:\/\/www.fol49.org\/laligue49\/wp-content\/uploads\/2020\/12\/bandeau-lire-et-faire-lire1-300x11.jpg 300w\" sizes=\"(max-width: 700px) 100vw, 700px\" \/><\/figure>\n\n\n\n<h1 class=\"wp-block-heading\">Devenez b\u00e9n\u00e9vole Lire et faire lire !<\/h1>\n\n\n\n<p class=\"has-text-align-justify\"><em><strong>Vous avez plus de cinquante ans, et d\u00e9sirez consacrer une partie de votre temps aux enfants de votre r\u00e9gion afin de leur permettre de d\u00e9velopper leur go\u00fbt pour la lecture, tout en leur donnant la chance de tisser des liens affectifs avec vous ?<\/strong><\/em><\/p>\n\n\n\n<figure class=\"wp-block-image size-large\"><img decoding=\"async\" src=\"https:\/\/www.fol49.org\/laligue49\/wp-content\/uploads\/2020\/12\/lire-et-faire-mosaique.jpg\" alt=\"\" class=\"wp-image-4495\"\/><\/figure>\n\n\n\n<p class=\"has-text-align-justify\">Pour devenir b\u00e9n\u00e9vole, un seul mot d\u2019ordre : <strong><span style=\"color:#ec6ea5\" class=\"has-inline-color\">PLAISIR<\/span><\/strong>.<br>Plaisir de lire, plaisir de d\u00e9couvrir et faire d\u00e9couvrir les livres, plaisir de transmettre, d\u2019\u00e9changer avec les enfants.<br>Lire et faire lire accueille tout au long de l\u2019ann\u00e9e, des b\u00e9n\u00e9voles de +50ans pr\u00eats \u00e0 s\u2019engager de mani\u00e8re r\u00e9guli\u00e8re aupr\u00e8s de petits groupes d\u2019enfants pour des s\u00e9ances de lecture de 30 minutes.<\/p>\n\n\n\n<p class=\"has-text-align-justify\">Notre coordination d\u00e9partementale est pr\u00e9sente pour vous permettre d\u2019intervenir dans nos structures partenaires proches de chez vous : \u00e9cole, structure petite enfance, coll\u00e8ge, centre de loisirs, biblioth\u00e8que, etc.<\/p>\n\n\n\n<p class=\"has-text-align-justify\">Nous vous accompagnons \u00e9galement dans votre r\u00f4le de b\u00e9n\u00e9vole lecteur en vous proposant notamment :<br>\u2022 Des <strong>formations gratuites<\/strong> par des professionnels du livre jeunesse (Comment lire \u00e0 voix haute, comment choisir ses livres, comment lire de la po\u00e9sie, etc.)<br>\u2022 Des invitations \u00e0 des <strong>\u00e9v\u00e9nements litt\u00e9raires<\/strong> (Randonn\u00e9es cont\u00e9es, Salons du livre, Tables rondes, etc.)<br>\u2022 Des <strong>emprunts privil\u00e9gi\u00e9s<\/strong> en biblioth\u00e8que et l\u2019acc\u00e8s \u00e0 notre Centre de Ressources pour vous aider dans le choix de vos livres<br>\u2022 De participer \u00e0 la <strong>vie de notre r\u00e9seau<\/strong> \u00e0 travers le blog de nos b\u00e9n\u00e9voles : <a href=\"https:\/\/lireetfairelire49.fr\/\" target=\"_blank\" rel=\"noreferrer noopener\">https:\/\/lireetfairelire49.fr\/<\/a><\/p>\n\n\n\n<p><strong><em>Document \u00e0 t\u00e9l\u00e9charger :<\/em><\/strong><\/p>\n\n\n<div class='w3eden'><!-- WPDM Link Template: Default Template -->\n\n<div class=\"link-template-default card mb-2\">\n    <div class=\"card-body\">\n        <div class=\"media\">\n            <div class=\"mr-3 img-48\"><img decoding=\"async\" class=\"wpdm_icon\" alt=\"Ic\u00f4ne\"   src=\"http:\/\/www.fol49.org\/laligue49\/wp-content\/plugins\/download-manager\/assets\/file-type-icons\/down2.png\" \/><\/div>\n            <div class=\"media-body\">\n                <h3 class=\"package-title\"><a href='https:\/\/www.fol49.org\/laligue49\/download\/charte-du-lecteur-benevole\/'>Charte du lecteur b\u00e9n\u00e9vole<\/a><\/h3>\n                <div class=\"text-muted text-small\"><i class=\"fas fa-copy\"><\/i> 1 fichier\u00b7s <i class=\"fas fa-hdd ml-3\"><\/i> 235.00 KB<\/div>\n            <\/div>\n            <div class=\"ml-3\">\n                <a class='wpdm-download-link download-on-click btn btn-primary ' rel='nofollow' href='#' data-downloadurl=\"https:\/\/www.fol49.org\/laligue49\/download\/charte-du-lecteur-benevole\/?wpdmdl=4499&refresh=69e3374bc210f1776498507\">T\u00e9l\u00e9charger<\/a>\n            <\/div>\n        <\/div>\n    <\/div>\n<\/div>\n\n<\/div>\n\n\n\n<h3 class=\"wp-block-heading has-text-align-center\">Enchantez votre quotidien,<br>lisez des histoires aux enfants !<\/h3>\n\n\n\n<div class=\"wp-block-columns is-layout-flex wp-container-core-columns-is-layout-9d6595d7 wp-block-columns-is-layout-flex\">\n<div class=\"wp-block-column is-layout-flow wp-block-column-is-layout-flow\"><a class=\"maxbutton-25 maxbutton maxbutton-www-lireetfairelire-org\" target=\"_blank\" rel=\"noopener\" href=\"https:\/\/www.lireetfairelire.org\/\"><span class='mb-text'>www.lireetfairelire.org<\/span><\/a><\/div>\n\n\n\n<div class=\"wp-block-column is-layout-flow wp-block-column-is-layout-flow\"><a class=\"maxbutton-24 maxbutton maxbutton-le-blog-des-benevoles\" target=\"_blank\" rel=\"noopener\" href=\"https:\/\/lireetfairelire49.fr\/\"><span class='mb-text'>Le blog des b\u00e9n\u00e9voles 49<\/span><\/a><\/div>\n<\/div>\n","protected":false},"excerpt":{"rendered":"<p>Devenez b\u00e9n\u00e9vole Lire et faire lire ! Vous avez plus de cinquante ans, et d\u00e9sirez consacrer une partie de votre temps aux enfants de votre r\u00e9gion afin de leur permettre de d\u00e9velopper leur go\u00fbt pour la lecture, tout en leur donnant la chance de tisser des liens affectifs avec vous ? Pour devenir b\u00e9n\u00e9vole, un &#8230;<\/p>\n","protected":false},"author":1,"featured_media":0,"parent":0,"menu_order":0,"comment_status":"closed","ping_status":"closed","template":"","meta":{"jetpack_post_was_ever_published":false,"footnotes":""},"class_list":["post-4491","page","type-page","status-publish","hentry"],"jetpack_sharing_enabled":true,"jetpack_shortlink":"https:\/\/wp.me\/P8tWm3-1ar","_links":{"self":[{"href":"https:\/\/www.fol49.org\/laligue49\/wp-json\/wp\/v2\/pages\/4491","targetHints":{"allow":["GET"]}}],"collection":[{"href":"https:\/\/www.fol49.org\/laligue49\/wp-json\/wp\/v2\/pages"}],"about":[{"href":"https:\/\/www.fol49.org\/laligue49\/wp-json\/wp\/v2\/types\/page"}],"author":[{"embeddable":true,"href":"https:\/\/www.fol49.org\/laligue49\/wp-json\/wp\/v2\/users\/1"}],"replies":[{"embeddable":true,"href":"https:\/\/www.fol49.org\/laligue49\/wp-json\/wp\/v2\/comments?post=4491"}],"version-history":[{"count":18,"href":"https:\/\/www.fol49.org\/laligue49\/wp-json\/wp\/v2\/pages\/4491\/revisions"}],"predecessor-version":[{"id":6633,"href":"https:\/\/www.fol49.org\/laligue49\/wp-json\/wp\/v2\/pages\/4491\/revisions\/6633"}],"wp:attachment":[{"href":"https:\/\/www.fol49.org\/laligue49\/wp-json\/wp\/v2\/media?parent=4491"}],"curies":[{"name":"wp","href":"https:\/\/api.w.org\/{rel}","templated":true}]}}