{"id":41,"date":"2016-05-04T09:47:08","date_gmt":"2016-05-04T08:47:08","guid":{"rendered":"http:\/\/fol49.org\/laligue49\/?page_id=41"},"modified":"2021-10-27T11:40:20","modified_gmt":"2021-10-27T10:40:20","slug":"prix-litteraire-de-la-citoyennete","status":"publish","type":"page","link":"https:\/\/www.fol49.org\/laligue49\/prix-litteraire-de-la-citoyennete\/","title":{"rendered":"Prix litt\u00e9raire de la citoyennet\u00e9"},"content":{"rendered":"\n<figure class=\"wp-block-image size-large\"><img decoding=\"async\" width=\"700\" height=\"25\" src=\"https:\/\/www.fol49.org\/laligue49\/wp-content\/uploads\/2020\/12\/bandeau-PLC_Plan-de-travail-1.jpg\" alt=\"\" class=\"wp-image-4555\" srcset=\"https:\/\/www.fol49.org\/laligue49\/wp-content\/uploads\/2020\/12\/bandeau-PLC_Plan-de-travail-1.jpg 700w, https:\/\/www.fol49.org\/laligue49\/wp-content\/uploads\/2020\/12\/bandeau-PLC_Plan-de-travail-1-300x11.jpg 300w\" sizes=\"(max-width: 700px) 100vw, 700px\" \/><\/figure>\n\n\n\n<h1 class=\"wp-block-heading\">Prix Litt\u00e9raire de la Citoyennet\u00e9<\/h1>\n\n\n\n<div class=\"wp-block-columns is-layout-flex wp-container-core-columns-is-layout-9d6595d7 wp-block-columns-is-layout-flex\">\n<div class=\"wp-block-column is-layout-flow wp-block-column-is-layout-flow\" style=\"flex-basis:33.33%\">\n<figure class=\"wp-block-image size-large is-resized\"><img decoding=\"async\" src=\"https:\/\/www.fol49.org\/laligue49\/wp-content\/uploads\/2018\/07\/logo_PLC_rvb-541x1024.jpg\" alt=\"\" class=\"wp-image-3148\" width=\"113\" height=\"214\" srcset=\"https:\/\/www.fol49.org\/laligue49\/wp-content\/uploads\/2018\/07\/logo_PLC_rvb-541x1024.jpg 541w, https:\/\/www.fol49.org\/laligue49\/wp-content\/uploads\/2018\/07\/logo_PLC_rvb-159x300.jpg 159w, https:\/\/www.fol49.org\/laligue49\/wp-content\/uploads\/2018\/07\/logo_PLC_rvb-768x1453.jpg 768w, https:\/\/www.fol49.org\/laligue49\/wp-content\/uploads\/2018\/07\/logo_PLC_rvb.jpg 870w\" sizes=\"(max-width: 113px) 100vw, 113px\" \/><\/figure>\n<\/div>\n\n\n\n<div class=\"wp-block-column is-layout-flow wp-block-column-is-layout-flow\" style=\"flex-basis:66.66%\">\n<p class=\"has-text-align-justify\">Cr\u00e9e en 1999 par la <strong>F\u00e9d\u00e9rations des \u0152uvres La\u00efques 49<\/strong> et la <strong>Direction des Services D\u00e9partementaux de l\u2019\u00c9ducation Nationale<\/strong> (DSDEN 49), le Prix litt\u00e9raire de la Citoyennet\u00e9 permet \u00e0 partir d&#8217;une s\u00e9lection d&#8217;ouvrages de litt\u00e9rature jeunesse choisis pour leurs valeurs citoyennes et litt\u00e9raires, de lire et faire vivre le d\u00e9bat d&#8217;id\u00e9es \u00e0 l\u2019\u00e9cole.<\/p>\n\n\n\n<p class=\"has-text-align-justify\">Propos\u00e9 \u00e0 l\u2019ensemble des \u00e9tablissements scolaires publics de Maine-et-Loire, ce prix mobilise chaque ann\u00e9e environ <strong>9000 \u00e9l\u00e8ves<\/strong>, dont plus de 8000 du premier degr\u00e9.<\/p>\n<\/div>\n<\/div>\n\n\n\n<h3 class=\"has-text-align-left wp-block-heading\"><span style=\"color:#005aa7\" class=\"has-inline-color\">Lire &#8211; D\u00e9battre &#8211; \u00c9lire<\/span><\/h3>\n\n\n\n<p class=\"has-text-align-justify\">En partenariat avec les librairies&nbsp; <strong>La Luciole<\/strong>, la <strong>SADEL<\/strong>, <strong>Contact<\/strong>, <strong>Azu Manga<\/strong>, le <strong>Bibliop\u00f4le 49<\/strong> et le r\u00e9seau des <strong>Biblioth\u00e8ques d\u2019Angers<\/strong>, un comit\u00e9 de lecture se r\u00e9unit 8 fois par an pour s\u00e9lectionner avec soin les 20 ouvrages qui seront propos\u00e9s l\u2019ann\u00e9e suivante aux classes inscrites au Prix. De la maternelle \u00e0 la seconde, chacune des 5 s\u00e9lections comporte 4 ouvrages. Album, roman, po\u00e9sie, manga, BD, roman graphique : les formats sont riches et vari\u00e9s !<\/p>\n\n\n\n<figure class=\"wp-block-image size-large\"><img fetchpriority=\"high\" decoding=\"async\" width=\"929\" height=\"184\" src=\"https:\/\/www.fol49.org\/laligue49\/wp-content\/uploads\/2020\/12\/vignettes-PLC-site-01.jpg\" alt=\"\" class=\"wp-image-4565\" srcset=\"https:\/\/www.fol49.org\/laligue49\/wp-content\/uploads\/2020\/12\/vignettes-PLC-site-01.jpg 929w, https:\/\/www.fol49.org\/laligue49\/wp-content\/uploads\/2020\/12\/vignettes-PLC-site-01-300x59.jpg 300w, https:\/\/www.fol49.org\/laligue49\/wp-content\/uploads\/2020\/12\/vignettes-PLC-site-01-768x152.jpg 768w\" sizes=\"(max-width: 929px) 100vw, 929px\" \/><\/figure>\n\n\n\n<p>Les th\u00e8mes propos\u00e9s ont pour but de d\u00e9velopper la culture humaniste des \u00e9l\u00e8ves et participent \u00e0 leur formation de futurs citoyens :<\/p>\n\n\n\n<h5 class=\"has-text-align-center wp-block-heading\"><span style=\"color:#005aa7\" class=\"has-inline-color\">Vivre ensemble \u2022 Lutte contre les discriminations \u2022 Solidarit\u00e9 \u2022 Ouverture sur l\u2019Autre \u2022 Estime de soi \u2022 Partage \u2022 &#8230;<\/span><\/h5>\n\n\n\n<p>Courant avril-mai, au terme d\u2019activit\u00e9s, de rencontres d\u2019auteur.e.s, de rencontres inter-\u00e9tablissement et d\u2019ateliers \u00ab&nbsp;d\u00e9bat&nbsp;\u00bb, les \u00e9l\u00e8ves se prononcent par vote pour l\u2019ouvrage de la s\u00e9lection qui remplit, selon eux, le maximum de qualit\u00e9s pour recevoir le titre de laur\u00e9at.<\/p>\n\n\n\n<p>Cinq ouvrages sont ainsi d\u00e9clar\u00e9s laur\u00e9ats du Prix litt\u00e9raire de la Citoyennet\u00e9 lors d\u2019une c\u00e9r\u00e9monie de cl\u00f4ture se d\u00e9roulant en juin.<\/p>\n\n\n\n<div class=\"wp-block-columns is-layout-flex wp-container-core-columns-is-layout-9d6595d7 wp-block-columns-is-layout-flex\">\n<div class=\"wp-block-column is-layout-flow wp-block-column-is-layout-flow\" style=\"flex-basis:33.33%\">\n<figure class=\"wp-block-image size-large\"><img loading=\"lazy\" decoding=\"async\" width=\"700\" height=\"986\" src=\"https:\/\/www.fol49.org\/laligue49\/wp-content\/uploads\/2020\/12\/Affiche-PLC-20-ans-def-LD.jpg\" alt=\"\" class=\"wp-image-4570\" srcset=\"https:\/\/www.fol49.org\/laligue49\/wp-content\/uploads\/2020\/12\/Affiche-PLC-20-ans-def-LD.jpg 700w, https:\/\/www.fol49.org\/laligue49\/wp-content\/uploads\/2020\/12\/Affiche-PLC-20-ans-def-LD-213x300.jpg 213w\" sizes=\"(max-width: 700px) 100vw, 700px\" \/><\/figure>\n<\/div>\n\n\n\n<div class=\"wp-block-column is-layout-flow wp-block-column-is-layout-flow\" style=\"flex-basis:66.66%\">\n<p><strong>Nos objectifs :<\/strong><\/p>\n\n\n\n<ul class=\"wp-block-list\"><li>Favoriser la pratique culturelle autour du livre<\/li><li>Faire vivre le d\u00e9bat d\u2019id\u00e9es en classe et d\u00e9velopper l\u2019esprit critique des \u00e9l\u00e8ves<\/li><li>Promouvoir la litt\u00e9rature jeunesse r\u00e9cente, engag\u00e9e et cr\u00e9ative<\/li><li>F\u00e9d\u00e9rer les \u00e9tablissements autour d\u2019une action collective<\/li><\/ul>\n<\/div>\n<\/div>\n\n\n\n<figure class=\"wp-block-image size-large\"><img decoding=\"async\" width=\"700\" height=\"25\" src=\"https:\/\/www.fol49.org\/laligue49\/wp-content\/uploads\/2020\/12\/bandeau-PLC_Plan-de-travail-1.jpg\" alt=\"\" class=\"wp-image-4555\" srcset=\"https:\/\/www.fol49.org\/laligue49\/wp-content\/uploads\/2020\/12\/bandeau-PLC_Plan-de-travail-1.jpg 700w, https:\/\/www.fol49.org\/laligue49\/wp-content\/uploads\/2020\/12\/bandeau-PLC_Plan-de-travail-1-300x11.jpg 300w\" sizes=\"(max-width: 700px) 100vw, 700px\" \/><\/figure>\n\n\n\n<div class=\"wp-block-columns is-layout-flex wp-container-core-columns-is-layout-9d6595d7 wp-block-columns-is-layout-flex\">\n<div class=\"wp-block-column is-layout-flow wp-block-column-is-layout-flow\"><\/div>\n<\/div>\n\n\n\n<p><\/p>\n","protected":false},"excerpt":{"rendered":"<p>Prix Litt\u00e9raire de la Citoyennet\u00e9 Cr\u00e9e en 1999 par la F\u00e9d\u00e9rations des \u0152uvres La\u00efques 49 et la Direction des Services D\u00e9partementaux de l\u2019\u00c9ducation Nationale (DSDEN 49), le Prix litt\u00e9raire de la Citoyennet\u00e9 permet \u00e0 partir d&#8217;une s\u00e9lection d&#8217;ouvrages de litt\u00e9rature jeunesse choisis pour leurs valeurs citoyennes et litt\u00e9raires, de lire et faire vivre le d\u00e9bat &#8230;<\/p>\n","protected":false},"author":1,"featured_media":0,"parent":0,"menu_order":0,"comment_status":"closed","ping_status":"closed","template":"","meta":{"jetpack_post_was_ever_published":false,"footnotes":""},"class_list":["post-41","page","type-page","status-publish","hentry"],"jetpack_sharing_enabled":true,"jetpack_shortlink":"https:\/\/wp.me\/P8tWm3-F","_links":{"self":[{"href":"https:\/\/www.fol49.org\/laligue49\/wp-json\/wp\/v2\/pages\/41","targetHints":{"allow":["GET"]}}],"collection":[{"href":"https:\/\/www.fol49.org\/laligue49\/wp-json\/wp\/v2\/pages"}],"about":[{"href":"https:\/\/www.fol49.org\/laligue49\/wp-json\/wp\/v2\/types\/page"}],"author":[{"embeddable":true,"href":"https:\/\/www.fol49.org\/laligue49\/wp-json\/wp\/v2\/users\/1"}],"replies":[{"embeddable":true,"href":"https:\/\/www.fol49.org\/laligue49\/wp-json\/wp\/v2\/comments?post=41"}],"version-history":[{"count":41,"href":"https:\/\/www.fol49.org\/laligue49\/wp-json\/wp\/v2\/pages\/41\/revisions"}],"predecessor-version":[{"id":5174,"href":"https:\/\/www.fol49.org\/laligue49\/wp-json\/wp\/v2\/pages\/41\/revisions\/5174"}],"wp:attachment":[{"href":"https:\/\/www.fol49.org\/laligue49\/wp-json\/wp\/v2\/media?parent=41"}],"curies":[{"name":"wp","href":"https:\/\/api.w.org\/{rel}","templated":true}]}}