{"id":39,"date":"2016-05-04T09:46:51","date_gmt":"2016-05-04T08:46:51","guid":{"rendered":"http:\/\/fol49.org\/laligue49\/?page_id=39"},"modified":"2026-01-20T10:43:54","modified_gmt":"2026-01-20T09:43:54","slug":"lire-et-faire-lire","status":"publish","type":"page","link":"https:\/\/www.fol49.org\/laligue49\/lire-et-faire-lire\/","title":{"rendered":"Lire et faire lire"},"content":{"rendered":"\n<figure class=\"wp-block-image size-full is-resized\"><img decoding=\"async\" width=\"700\" height=\"25\" src=\"https:\/\/www.fol49.org\/laligue49\/wp-content\/uploads\/2020\/12\/bandeau-lire-et-faire-lire1.jpg\" alt=\"\" class=\"wp-image-4473\" style=\"width:700px;height:25px\" srcset=\"https:\/\/www.fol49.org\/laligue49\/wp-content\/uploads\/2020\/12\/bandeau-lire-et-faire-lire1.jpg 700w, https:\/\/www.fol49.org\/laligue49\/wp-content\/uploads\/2020\/12\/bandeau-lire-et-faire-lire1-300x11.jpg 300w\" sizes=\"(max-width: 700px) 100vw, 700px\" \/><\/figure>\n\n\n\n<h1 class=\"wp-block-heading has-text-align-left\">Lire et faire lire<\/h1>\n\n\n\n<div class=\"wp-block-columns is-layout-flex wp-container-core-columns-is-layout-9d6595d7 wp-block-columns-is-layout-flex\">\n<div class=\"wp-block-column is-layout-flow wp-block-column-is-layout-flow\" style=\"flex-basis:33.33%\">\n<figure class=\"wp-block-image size-large is-resized\"><img decoding=\"async\" width=\"150\" height=\"133\" src=\"https:\/\/www.fol49.org\/laligue49\/wp-content\/uploads\/2020\/12\/Logo-LFL.jpg\" alt=\"\" class=\"wp-image-4478\" style=\"width:130px;height:115px\"\/><\/figure>\n<\/div>\n\n\n\n<div class=\"wp-block-column is-layout-flow wp-block-column-is-layout-flow\" style=\"flex-basis:66.66%\">\n<p class=\"has-text-align-justify\">Lire et Faire Lire est un <strong>programme national d\u2019ouverture \u00e0 la lecture<\/strong> et de <strong>solidarit\u00e9 interg\u00e9n\u00e9rationnelle<\/strong>. L\u2019association \u00ab&nbsp;Lire et Faire Lire&nbsp;\u00bb est n\u00e9e en 1999 \u00e0 l\u2019initiative d\u2019un collectif d\u2019\u00e9crivains avec \u00e0 sa t\u00eate l\u2019\u00e9crivain Alexandre Jardin.<\/p>\n<\/div>\n<\/div>\n\n\n\n<p class=\"has-text-align-justify\"><strong>Des b\u00e9n\u00e9voles de +50 ans offrent une partie de leur temps libre aux enfants pour leur faire d\u00e9couvrir les livres et la lecture<\/strong>. Des s\u00e9ances de lecture sont organis\u00e9es en petit groupe (2 \u00e0 6 enfants), une ou plusieurs fois par semaine, dans une d\u00e9marche ax\u00e9e sur le plaisir de lire et la rencontre entre g\u00e9n\u00e9rations. Les b\u00e9n\u00e9voles interviennent dans les structures \u00e9ducatives (\u00e9coles, coll\u00e8ges, accueils de loisirs, biblioth\u00e8que, etc.) en accord avec les responsables \u00e9ducatifs.&nbsp;<\/p>\n\n\n\n<p class=\"has-text-align-justify\">L\u2019association nationale est d\u00e9clin\u00e9e dans tous les d\u00e9partements et d\u00e9velopp\u00e9e conjointement par la <strong>Ligue de l\u2019Enseignement<\/strong> et l\u2019<strong>Union Nationale des Associations Familiales (UNAF)<\/strong>, et soutenu par les Minist\u00e8res de la Culture, de l\u2019Enseignement et des Solidarit\u00e9s.<\/p>\n\n\n\n<p class=\"has-text-align-justify\">A ce jour, Lire et Faire Lire compte plus de 20500 b\u00e9n\u00e9voles et concerne plus de 764000 enfants en France.<\/p>\n\n\n\n<div class=\"wp-block-columns is-layout-flex wp-container-core-columns-is-layout-9d6595d7 wp-block-columns-is-layout-flex\">\n<div class=\"wp-block-column is-layout-flow wp-block-column-is-layout-flow\" style=\"flex-basis:66.66%\"><p><iframe src=\"https:\/\/www.youtube.com\/embed\/WmZ-Ruvt06c\" allow=\"accelerometer; autoplay; clipboard-write; encrypted-media; gyroscope; picture-in-picture\" allowfullscreen=\"\" width=\"560\" height=\"315\" frameborder=\"0\"><\/iframe><\/p>\n<\/div>\n\n\n\n<div class=\"wp-block-column is-layout-flow wp-block-column-is-layout-flow\" style=\"flex-basis:33.33%\">\n<p><strong>Nos objectifs :&nbsp;<\/strong><br>\u2013 Stimuler et transmettre le go\u00fbt de la lecture<br>\u2013 Favoriser le lien entre les g\u00e9n\u00e9rations<br>\u2013 Lutter contre l\u2019illettrisme<br>&#8211; D\u00e9fendre la lecture plaisir et stimuler l\u2019imagination des enfants<\/p>\n<\/div>\n<\/div>\n\n\n\n<h3 class=\"wp-block-heading\">La coordination d\u00e9partementale&nbsp;:&nbsp;<\/h3>\n\n\n\n<p class=\"has-text-align-justify\">En Maine-et-Loire, l\u2019action Lire et faire lire est mise en \u0153uvre par la <strong>F\u00e9d\u00e9ration des \u0152uvres La\u00efques 49<\/strong> et l\u2019<strong>UDAF 49<\/strong>. Cette co-coordination accompagne et forme les b\u00e9n\u00e9voles, assure le lien et le suivi administratif avec les structures d\u2019accueil.<\/p>\n\n\n\n<p class=\"has-text-align-justify\">Ce r\u00e9seau r\u00e9unit aujourd\u2019hui pr\u00e8s de <strong>200 b\u00e9n\u00e9vole<\/strong>s lecteurs qui partagent chaque ann\u00e9e leur plaisir de lire avec plus de 8000 enfants accueillis dans <strong>86 structures.<\/strong>&nbsp;<\/p>\n\n\n\n<p class=\"has-text-align-justify\">Lire et faire lire 49 offre \u00e0 ses b\u00e9n\u00e9voles un <strong>calendrier de formations<\/strong> riche ainsi qu\u2019une vie associative nourrie de rencontres autour de la litt\u00e9rature jeunesse : Randonn\u00e9es cont\u00e9es, visite de salon du livre, participation \u00e0 des Prix litt\u00e9raires et des manifestations culturelles, etc.<\/p>\n\n\n\n<p class=\"has-text-align-justify\">La coordination peut aussi compter sur une formidable \u00e9quipe de <strong>b\u00e9n\u00e9voles relais<\/strong>, fervents d\u00e9fenseurs des valeurs de l\u2019action, chaperons des nouveaux b\u00e9n\u00e9voles et animateurs des diff\u00e9rents secteurs du d\u00e9partement.&nbsp;<\/p>\n\n\n\n<div class=\"wp-block-columns is-layout-flex wp-container-core-columns-is-layout-9d6595d7 wp-block-columns-is-layout-flex\">\n<div class=\"wp-block-column is-layout-flow wp-block-column-is-layout-flow\"><a class=\"maxbutton-25 maxbutton maxbutton-www-lireetfairelire-org\" target=\"_blank\" rel=\"noopener\" href=\"https:\/\/www.lireetfairelire.org\/\"><span class='mb-text'>www.lireetfairelire.org<\/span><\/a><\/div>\n\n\n\n<div class=\"wp-block-column is-layout-flow wp-block-column-is-layout-flow\"><a class=\"maxbutton-24 maxbutton maxbutton-le-blog-des-benevoles\" target=\"_blank\" rel=\"noopener\" href=\"https:\/\/lireetfairelire49.fr\/\"><span class='mb-text'>Le blog des b\u00e9n\u00e9voles 49<\/span><\/a><\/div>\n<\/div>\n\n\n\n<p><\/p>\n","protected":false},"excerpt":{"rendered":"<p>Lire et faire lire Lire et Faire Lire est un programme national d\u2019ouverture \u00e0 la lecture et de solidarit\u00e9 interg\u00e9n\u00e9rationnelle. L\u2019association \u00ab&nbsp;Lire et Faire Lire&nbsp;\u00bb est n\u00e9e en 1999 \u00e0 l\u2019initiative d\u2019un collectif d\u2019\u00e9crivains avec \u00e0 sa t\u00eate l\u2019\u00e9crivain Alexandre Jardin. Des b\u00e9n\u00e9voles de +50 ans offrent une partie de leur temps libre aux enfants &#8230;<\/p>\n","protected":false},"author":1,"featured_media":0,"parent":0,"menu_order":0,"comment_status":"closed","ping_status":"closed","template":"","meta":{"jetpack_post_was_ever_published":false,"footnotes":""},"class_list":["post-39","page","type-page","status-publish","hentry"],"jetpack_sharing_enabled":true,"jetpack_shortlink":"https:\/\/wp.me\/P8tWm3-D","_links":{"self":[{"href":"https:\/\/www.fol49.org\/laligue49\/wp-json\/wp\/v2\/pages\/39","targetHints":{"allow":["GET"]}}],"collection":[{"href":"https:\/\/www.fol49.org\/laligue49\/wp-json\/wp\/v2\/pages"}],"about":[{"href":"https:\/\/www.fol49.org\/laligue49\/wp-json\/wp\/v2\/types\/page"}],"author":[{"embeddable":true,"href":"https:\/\/www.fol49.org\/laligue49\/wp-json\/wp\/v2\/users\/1"}],"replies":[{"embeddable":true,"href":"https:\/\/www.fol49.org\/laligue49\/wp-json\/wp\/v2\/comments?post=39"}],"version-history":[{"count":37,"href":"https:\/\/www.fol49.org\/laligue49\/wp-json\/wp\/v2\/pages\/39\/revisions"}],"predecessor-version":[{"id":6632,"href":"https:\/\/www.fol49.org\/laligue49\/wp-json\/wp\/v2\/pages\/39\/revisions\/6632"}],"wp:attachment":[{"href":"https:\/\/www.fol49.org\/laligue49\/wp-json\/wp\/v2\/media?parent=39"}],"curies":[{"name":"wp","href":"https:\/\/api.w.org\/{rel}","templated":true}]}}