{"id":30,"date":"2016-05-04T09:45:41","date_gmt":"2016-05-04T08:45:41","guid":{"rendered":"http:\/\/fol49.org\/laligue49\/?page_id=30"},"modified":"2025-02-05T12:00:27","modified_gmt":"2025-02-05T11:00:27","slug":"contacts","status":"publish","type":"page","link":"https:\/\/www.fol49.org\/laligue49\/contacts\/","title":{"rendered":"Contacts"},"content":{"rendered":"<h3><strong>Si\u00e8ge social<\/strong><\/h3>\n<p>14 bis avenue Marie Talet &#8211; 49100 ANGERS : 02 41 96 11 50<\/p>\n<h5>Direction g\u00e9n\u00e9rale<\/h5>\n<p><strong>Directeur G\u00e9n\u00e9ral : <\/strong>Simon LHOMMEAU &#8211; slhommeau@fol49.org<br \/>\n<strong>Directrice G\u00e9n\u00e9rale Adjointe : <\/strong>Patricia MARTIN &#8211; pmartin@fol49.org<br \/>\n<strong>Charg\u00e9e de gestion sociale : <\/strong>Vanessa DROUIN &#8211; administration@fol49.org &#8211; 02 41 96 11 51<\/p>\n<p><strong>Comptabilit\u00e9<\/strong><br \/>\n02 41 96 11 52 &#8211; compta@fol49.org<\/p>\n<p><strong>Communication<\/strong><br \/>\n02 41 96 11 58 &#8211; pcherel@fol49.org<\/p>\n<h5><strong>Vacances pour tous et vacances passion<br \/>\n<\/strong><\/h5>\n<p>02 41 96 11 56 &#8211; vacances@fol49.org<\/p>\n<h5><strong>\u00c9ducation, Culture et Formations<\/strong><\/h5>\n<p>education@fol49.org<\/p>\n<h5><strong>F\u00e9d\u00e9ratif et Jeunesse<\/strong><\/h5>\n<p><strong>D\u00e9l\u00e9gu\u00e9e : C\u00e9cile ALLAIS<\/strong><br \/>\n06 02 28 45 79 &#8211; vie-federative@fol49.org<\/p>\n<h3><strong>Centre Bou\u00ebss\u00e9 &#8211; La Garenne<\/strong><\/h3>\n<p>7 route de Nantes &#8211; 49610 MURS-ERIGNE<br \/>\n02 41 57 71 10 &#8211; centrebouesselagarenne@fol49.org<br \/>\n<strong>D\u00e9l\u00e9gu\u00e9 : Nicolas FAUCON<\/strong><\/p>\n<p><strong>Comit\u00e9 D\u00e9partemental UFOLEP<\/strong><\/p>\n<p>14 bis avenue Marie Talet &#8211; 49100 ANGERS<br \/>\n02 41 96 11 53 &#8211; ufolep49@wanadoo.fr<br \/>\n<strong>D\u00e9l\u00e9gu\u00e9e : C\u00e9cile ALLAIS<\/strong><\/p>\n<h3><strong>Comit\u00e9 D\u00e9partemental USEP<\/strong><\/h3>\n<p>7 rue Lebas &#8211; 49000 ANGERS<br \/>\n02 53 61 00 44 &#8211; cdusep49@gmail.com<br \/>\n<strong>D\u00e9l\u00e9gu\u00e9e : Marina CHERBONNIER<\/strong><\/p>\n","protected":false},"excerpt":{"rendered":"<p>Si\u00e8ge social 14 bis avenue Marie Talet &#8211; 49100 ANGERS : 02 41 96 11 50 Direction g\u00e9n\u00e9rale Directeur G\u00e9n\u00e9ral : Simon LHOMMEAU &#8211; slhommeau@fol49.org Directrice G\u00e9n\u00e9rale Adjointe : Patricia MARTIN &#8211; pmartin@fol49.org Charg\u00e9e de gestion sociale : Vanessa DROUIN &#8211; administration@fol49.org &#8211; 02 41 96 11 51 Comptabilit\u00e9 02 41 96 11 52 &#8211; &#8230;<\/p>\n","protected":false},"author":1,"featured_media":0,"parent":0,"menu_order":0,"comment_status":"closed","ping_status":"closed","template":"","meta":{"jetpack_post_was_ever_published":false,"footnotes":""},"class_list":["post-30","page","type-page","status-publish","hentry"],"jetpack_sharing_enabled":true,"jetpack_shortlink":"https:\/\/wp.me\/P8tWm3-u","_links":{"self":[{"href":"https:\/\/www.fol49.org\/laligue49\/wp-json\/wp\/v2\/pages\/30","targetHints":{"allow":["GET"]}}],"collection":[{"href":"https:\/\/www.fol49.org\/laligue49\/wp-json\/wp\/v2\/pages"}],"about":[{"href":"https:\/\/www.fol49.org\/laligue49\/wp-json\/wp\/v2\/types\/page"}],"author":[{"embeddable":true,"href":"https:\/\/www.fol49.org\/laligue49\/wp-json\/wp\/v2\/users\/1"}],"replies":[{"embeddable":true,"href":"https:\/\/www.fol49.org\/laligue49\/wp-json\/wp\/v2\/comments?post=30"}],"version-history":[{"count":13,"href":"https:\/\/www.fol49.org\/laligue49\/wp-json\/wp\/v2\/pages\/30\/revisions"}],"predecessor-version":[{"id":6404,"href":"https:\/\/www.fol49.org\/laligue49\/wp-json\/wp\/v2\/pages\/30\/revisions\/6404"}],"wp:attachment":[{"href":"https:\/\/www.fol49.org\/laligue49\/wp-json\/wp\/v2\/media?parent=30"}],"curies":[{"name":"wp","href":"https:\/\/api.w.org\/{rel}","templated":true}]}}