{"id":2865,"date":"2018-04-18T12:43:11","date_gmt":"2018-04-18T11:43:11","guid":{"rendered":"http:\/\/www.fol49.org\/laligue49\/?page_id=2865"},"modified":"2018-11-06T17:23:35","modified_gmt":"2018-11-06T16:23:35","slug":"comment-sinscrire","status":"publish","type":"page","link":"https:\/\/www.fol49.org\/laligue49\/comment-sinscrire\/","title":{"rendered":"Comment s&#8217;inscrire ?"},"content":{"rendered":"<div id=\"accordion-1\" class=\"accordion no-js\"><br \/>\n\n\t\t\t\t\t<h3 role=\"button\" id=\"accordion-1-t1\" class=\"accordion-title js-accordion-controller\" aria-controls=\"accordion-1-c1\" aria-expanded=\"false\" tabindex=\"0\">\n\t\t\t\tInscription\t\t\t<\/h3>\n\t\t\n\t\t<div id=\"accordion-1-c1\" class=\"accordion-content\" aria-hidden=\"true\">\n\t\t\t<\/p>\n<p><img fetchpriority=\"high\" decoding=\"async\" class=\"alignnone size-full wp-image-3106\" src=\"https:\/\/www.fol49.org\/laligue49\/wp-content\/uploads\/2018\/06\/comment-sinscrire-e1529655273467.png\" alt=\"\" width=\"500\" height=\"710\" \/><\/p>\n<p>&nbsp;<\/p>\n<p>\t\t<\/div>\n\n\t\t<br \/>\n\n\t\t\t\t\t<h3 role=\"button\" id=\"accordion-1-t2\" class=\"accordion-title js-accordion-controller\" aria-controls=\"accordion-1-c2\" aria-expanded=\"false\" tabindex=\"0\">\n\t\t\t\tModalit\u00e9s de paiement\t\t\t<\/h3>\n\t\t\n\t\t<div id=\"accordion-1-c2\" class=\"accordion-content\" aria-hidden=\"true\">\n\t\t\t<\/p>\n<ul>\n<li>Vous devez vous acquitter de l&#8217;adh\u00e9sion de l&#8217;association.<\/li>\n<li>Vous devez payer \u00e0 l&#8217;inscription obligatoirement.<\/li>\n<li>Vous devez payer en esp\u00e8ces, ch\u00e8que bancaire, ch\u00e8ques vacances ou par virement.<\/li>\n<\/ul>\n<p>\t\t<\/div>\n\n\t\t<br \/>\n\n\t\t\t\t\t<h3 role=\"button\" id=\"accordion-1-t3\" class=\"accordion-title js-accordion-controller\" aria-controls=\"accordion-1-c3\" aria-expanded=\"false\" tabindex=\"0\">\n\t\t\t\tAides possibles\t\t\t<\/h3>\n\t\t\n\t\t<div id=\"accordion-1-c3\" class=\"accordion-content\" aria-hidden=\"true\">\n\t\t\t<\/p>\n<ul>\n<li>Tarifs d\u00e9gressifs pour le 2\u00e8me et 3\u00e8me enfant inscrits sur une m\u00eame p\u00e9riode : -1\u20ac par jour.<\/li>\n<li>Porteurs de la carte Cezam (5% de remise)<\/li>\n<li>Des comit\u00e9s d&#8217;entreprises et des CCAS participent certaines fois, renseignez -vous.<\/li>\n<li>Des aides CAF, informez &#8211; vous.<\/li>\n<\/ul>\n<p>\t\t<\/div>\n\n\t\t<br \/>\n\n\t\t\t\t\t<h3 role=\"button\" id=\"accordion-1-t4\" class=\"accordion-title js-accordion-controller\" aria-controls=\"accordion-1-c4\" aria-expanded=\"false\" tabindex=\"0\">\n\t\t\t\tTarifs \u00e0 la journ\u00e9e\t\t\t<\/h3>\n\t\t\n\t\t<div id=\"accordion-1-c4\" class=\"accordion-content\" aria-hidden=\"true\">\n\t\t\t<span style=\"color: #ff0000;\">\u00a0<\/span><\/p>\n<p><a href=\"https:\/\/www.fol49.org\/laligue49\/wp-content\/uploads\/2018\/11\/Tarifs-ALSH-20181023.jpg\"><img decoding=\"async\" class=\"alignnone wp-image-3417\" src=\"https:\/\/www.fol49.org\/laligue49\/wp-content\/uploads\/2018\/11\/Tarifs-ALSH-20181023.jpg\" alt=\"\" width=\"1277\" height=\"900\" \/><\/a>\u00a0<a href=\"https:\/\/www.fol49.org\/laligue49\/wp-content\/uploads\/2017\/04\/picto-telechargement-01-e1491490512395.png\"><img decoding=\"async\" class=\"alignnone size-full wp-image-1834\" src=\"https:\/\/www.fol49.org\/laligue49\/wp-content\/uploads\/2017\/04\/picto-telechargement-01-e1491490512395.png\" alt=\"\" width=\"40\" height=\"41\" \/><\/a> <a href=\"https:\/\/www.fol49.org\/laligue49\/wp-content\/uploads\/2018\/11\/Tarifs-ALSH-20181023.pdf\" target=\"_blank\" rel=\"noopener\">T\u00e9l\u00e9charger les nouveaux tarifs 2018\u00a0<\/a><\/p>\n<p><strong>Suppl\u00e9ments<br \/>\n<\/strong>Accueil entre 7h30 et 9h : + 0,50\u20ac par accueil<br \/>\nAccueil entre 17h15 et 18h30 : + 0,50\u20ac par accueil<br \/>\nTransport : + 1\u20ac par trajet soit 2\u20ac par jour \u00a0<strong><br \/>\n<\/strong><\/p>\n<p>\t\t<\/div>\n\n\t\t<br \/>\n\n\t\t\t\t\t<h3 role=\"button\" id=\"accordion-1-t5\" class=\"accordion-title js-accordion-controller\" aria-controls=\"accordion-1-c5\" aria-expanded=\"false\" tabindex=\"0\">\n\t\t\t\tAbsences\t\t\t<\/h3>\n\t\t\n\t\t<div id=\"accordion-1-c5\" class=\"accordion-content\" aria-hidden=\"true\">\n\t\t\t<\/p>\n<p>Pour les <strong>mercredis<\/strong> : Tout d\u00e9sistement se fera par \u00e9crit au plus tard <strong>le lundi 9h00<\/strong> pour le mercredi qui suit. Une fois ce d\u00e9lai pass\u00e9, il vous sera retenu la totalit\u00e9 du\u00a0s\u00e9jour.<\/p>\n<p>Pour les <strong>mercredis<\/strong> et \u00a0<strong>vacances scolaires<\/strong> : Au &#8211; del\u00e0 de la date limite d&#8217;inscription et du d\u00e9lai donn\u00e9, <strong><span style=\"color: #ff0000;\">les journ\u00e9es d&#8217;absence seront rembours\u00e9es uniquement en cas de force majeure ou de maladie sur pr\u00e9sentation d&#8217;un justificatif m\u00e9dical.\u00a0<\/span><\/strong><\/p>\n<p>\t\t<\/div>\n\n\t\t<\/div>\n","protected":false},"excerpt":{"rendered":"","protected":false},"author":1,"featured_media":0,"parent":0,"menu_order":0,"comment_status":"closed","ping_status":"closed","template":"","meta":{"jetpack_post_was_ever_published":false,"footnotes":""},"class_list":["post-2865","page","type-page","status-publish","hentry"],"jetpack_sharing_enabled":true,"jetpack_shortlink":"https:\/\/wp.me\/P8tWm3-Kd","_links":{"self":[{"href":"https:\/\/www.fol49.org\/laligue49\/wp-json\/wp\/v2\/pages\/2865","targetHints":{"allow":["GET"]}}],"collection":[{"href":"https:\/\/www.fol49.org\/laligue49\/wp-json\/wp\/v2\/pages"}],"about":[{"href":"https:\/\/www.fol49.org\/laligue49\/wp-json\/wp\/v2\/types\/page"}],"author":[{"embeddable":true,"href":"https:\/\/www.fol49.org\/laligue49\/wp-json\/wp\/v2\/users\/1"}],"replies":[{"embeddable":true,"href":"https:\/\/www.fol49.org\/laligue49\/wp-json\/wp\/v2\/comments?post=2865"}],"version-history":[{"count":13,"href":"https:\/\/www.fol49.org\/laligue49\/wp-json\/wp\/v2\/pages\/2865\/revisions"}],"predecessor-version":[{"id":3420,"href":"https:\/\/www.fol49.org\/laligue49\/wp-json\/wp\/v2\/pages\/2865\/revisions\/3420"}],"wp:attachment":[{"href":"https:\/\/www.fol49.org\/laligue49\/wp-json\/wp\/v2\/media?parent=2865"}],"curies":[{"name":"wp","href":"https:\/\/api.w.org\/{rel}","templated":true}]}}