{"id":2656,"date":"2018-03-13T14:56:34","date_gmt":"2018-03-13T13:56:34","guid":{"rendered":"http:\/\/www.fol49.org\/laligue49\/?page_id=2656"},"modified":"2020-03-02T16:36:18","modified_gmt":"2020-03-02T15:36:18","slug":"activitesalacarte","status":"publish","type":"page","link":"https:\/\/www.fol49.org\/laligue49\/activitesalacarte\/","title":{"rendered":"Activit\u00e9s \u00e0 la carte"},"content":{"rendered":"<h4><a href=\"https:\/\/www.fol49.org\/laligue49\/animations-sportives\/bandeau-activites-sportives\/\" rel=\"attachment wp-att-2745\"><img fetchpriority=\"high\" decoding=\"async\" class=\"alignnone size-full wp-image-2745\" src=\"https:\/\/www.fol49.org\/laligue49\/wp-content\/uploads\/2018\/03\/bandeau-activit\u00e9s-sportives.png\" alt=\"\" width=\"4907\" height=\"877\" srcset=\"https:\/\/www.fol49.org\/laligue49\/wp-content\/uploads\/2018\/03\/bandeau-activit\u00e9s-sportives.png 4907w, https:\/\/www.fol49.org\/laligue49\/wp-content\/uploads\/2018\/03\/bandeau-activit\u00e9s-sportives-300x54.png 300w, https:\/\/www.fol49.org\/laligue49\/wp-content\/uploads\/2018\/03\/bandeau-activit\u00e9s-sportives-768x137.png 768w, https:\/\/www.fol49.org\/laligue49\/wp-content\/uploads\/2018\/03\/bandeau-activit\u00e9s-sportives-1024x183.png 1024w\" sizes=\"(max-width: 4907px) 100vw, 4907px\" \/><\/a><\/h4>\n<p>Le Centre Bou\u00ebss\u00e9-La Garenne est un centre d\u2019<strong>animations sportives, environnementales et culturelles.<\/strong><br \/>\nToute l\u2019ann\u00e9e, notre <strong>\u00e9quipe d\u2019\u00e9ducateurs<\/strong> permanents et dipl\u00f4m\u00e9s, encadre des activit\u00e9s \u00e0 destination des groupes, sur notre site ou chez vous.<br \/>\nDiverses formules possibles :<\/p>\n<p style=\"text-align: left;\"><a href=\"https:\/\/www.fol49.org\/laligue49\/wp-content\/uploads\/2018\/06\/-lheure-e1528451368359.png\"><img decoding=\"async\" class=\"alignnone size-full wp-image-3069\" src=\"https:\/\/www.fol49.org\/laligue49\/wp-content\/uploads\/2018\/06\/-lheure-e1528451368359.png\" alt=\"\" width=\"20\" height=\"20\" \/><\/a> \u00a0 \u00c0<strong> l\u2019heure<\/strong><\/p>\n<p style=\"text-align: left;\"><a href=\"https:\/\/www.fol49.org\/laligue49\/wp-content\/uploads\/2018\/06\/-la-journ\u00e9e-e1528451412807.png\"><img decoding=\"async\" class=\"alignnone size-full wp-image-3070\" src=\"https:\/\/www.fol49.org\/laligue49\/wp-content\/uploads\/2018\/06\/-la-journ\u00e9e-e1528451412807.png\" alt=\"\" width=\"20\" height=\"20\" \/><\/a> \u00a0 \u00c0\u00a0<strong> la journ\u00e9e <\/strong><\/p>\n<p style=\"text-align: left;\"><a href=\"https:\/\/www.fol49.org\/laligue49\/wp-content\/uploads\/2018\/06\/s\u00e9jour-e1528451487245.png\"><img loading=\"lazy\" decoding=\"async\" class=\"alignnone size-full wp-image-3071\" src=\"https:\/\/www.fol49.org\/laligue49\/wp-content\/uploads\/2018\/06\/s\u00e9jour-e1528451487245.png\" alt=\"\" width=\"20\" height=\"20\" \/><\/a> \u00a0 \u00c0<strong> la p\u00e9riode, par cycle, \u00e0 l\u2019ann\u00e9e.<br \/>\n<\/strong><\/p>\n<p>Contactez-nous pour construire ensemble un projet d\u2019activit\u00e9s !<\/p>\n<div id=\"accordion-1\" class=\"accordion no-js\"><br \/>\n\n\t\t\t\t\t<h3 role=\"button\" id=\"accordion-1-t1\" class=\"accordion-title js-accordion-controller\" aria-controls=\"accordion-1-c1\" aria-expanded=\"false\" tabindex=\"0\">\n\t\t\t\tSport\t\t\t<\/h3>\n\t\t\n\t\t<div id=\"accordion-1-c1\" class=\"accordion-content\" aria-hidden=\"true\">\n\t\t\t<br \/>\nNotre \u00e9tablissement est sp\u00e9cialis\u00e9 dans les<strong> activit\u00e9s sportives et de pleine nature<\/strong>.<br \/>\nUne \u00e9quipe d\u2019<strong>\u00e9ducateurs<\/strong> permanents encadre l\u2019ensemble des activit\u00e9s, en fonction du public ( l\u2019\u00e2ge et le nombre des pratiquants), de la dur\u00e9e et des attentes p\u00e9dagogiques.<\/p>\n<p>Nos disciplines sont :<br \/>\n<img loading=\"lazy\" decoding=\"async\" class=\"alignnone size-medium wp-image-4263\" src=\"https:\/\/www.fol49.org\/laligue49\/wp-content\/uploads\/2020\/02\/Plaquette-sport-en-groupe-JPEG.jpg\" alt=\"\" width=\"1\" height=\"1\" \/><img loading=\"lazy\" decoding=\"async\" class=\"alignnone wp-image-4266\" src=\"https:\/\/www.fol49.org\/laligue49\/wp-content\/uploads\/2020\/02\/sport-groupe-152x300.jpg\" alt=\"sport en groupe\" width=\"598\" height=\"1180\" srcset=\"https:\/\/www.fol49.org\/laligue49\/wp-content\/uploads\/2020\/02\/sport-groupe-152x300.jpg 152w, https:\/\/www.fol49.org\/laligue49\/wp-content\/uploads\/2020\/02\/sport-groupe.jpg 441w\" sizes=\"(max-width: 598px) 100vw, 598px\" \/><\/p>\n<p>&gt; T\u00e9l\u00e9charger nos <strong>brochures<\/strong> selon vos publics\u2026<\/p>\n<p><a href=\"https:\/\/www.fol49.org\/laligue49\/wp-content\/uploads\/2019\/03\/Plaquette-sport-en-groupe-2019-def.pdf\"><img loading=\"lazy\" decoding=\"async\" class=\"alignnone wp-image-1834 size-full\" src=\"https:\/\/www.fol49.org\/laligue49\/wp-content\/uploads\/2017\/04\/picto-telechargement-01-e1491490512395.png\" alt=\"\" width=\"40\" height=\"41\" \/><\/a>\u00a0 <a href=\"https:\/\/www.fol49.org\/laligue49\/wp-content\/uploads\/2019\/03\/Plaquette-sport-en-groupe-2019-def.pdf\" target=\"_blank\" rel=\"noopener noreferrer\">Sport en groupe<\/a><\/p>\n<p><a href=\"https:\/\/www.fol49.org\/laligue49\/wp-content\/uploads\/2017\/04\/picto-telechargement-01-e1491490512395.png\"><img loading=\"lazy\" decoding=\"async\" class=\"alignnone size-full wp-image-1834\" src=\"https:\/\/www.fol49.org\/laligue49\/wp-content\/uploads\/2017\/04\/picto-telechargement-01-e1491490512395.png\" alt=\"\" width=\"40\" height=\"41\" \/><\/a>\u00a0 <a href=\"https:\/\/www.fol49.org\/laligue49\/wp-content\/uploads\/2018\/03\/Brochure-EAPS-Seniors.pdf\">Sport seniors<\/a><\/p>\n<p style=\"text-align: left;\"><a href=\"https:\/\/www.fol49.org\/laligue49\/wp-content\/uploads\/2017\/04\/picto-telechargement-01-e1491490512395.png\"><img loading=\"lazy\" decoding=\"async\" class=\"alignnone size-full wp-image-1834\" src=\"https:\/\/www.fol49.org\/laligue49\/wp-content\/uploads\/2017\/04\/picto-telechargement-01-e1491490512395.png\" alt=\"\" width=\"40\" height=\"41\" \/><\/a> <a href=\"https:\/\/www.fol49.org\/laligue49\/wp-content\/uploads\/2018\/03\/Plaquette-sport-adapte\u0301.pdf\">Sport adapt\u00e9 &#8211; handisport<\/a><\/p>\n<p style=\"text-align: left;\"><a href=\"https:\/\/www.fol49.org\/laligue49\/wp-content\/uploads\/2017\/04\/picto-telechargement-01-e1491490512395.png\"><img loading=\"lazy\" decoding=\"async\" class=\"alignnone size-full wp-image-1834\" src=\"https:\/\/www.fol49.org\/laligue49\/wp-content\/uploads\/2017\/04\/picto-telechargement-01-e1491490512395.png\" alt=\"\" width=\"40\" height=\"41\" \/><\/a> <a href=\"https:\/\/www.fol49.org\/laligue49\/wp-content\/uploads\/2018\/03\/Plaquette-sport-insertion-2.pdf\">Sport insertion\u00a0<\/a><\/p>\n<p>\t\t<\/div>\n\n\t\t<br \/>\n\n\t\t\t\t\t<h3 role=\"button\" id=\"accordion-1-t2\" class=\"accordion-title js-accordion-controller\" aria-controls=\"accordion-1-c2\" aria-expanded=\"false\" tabindex=\"0\">\n\t\t\t\tEnvironnement\t\t\t<\/h3>\n\t\t\n\t\t<div id=\"accordion-1-c2\" class=\"accordion-content\" aria-hidden=\"true\">\n\t\t\t<\/p>\n<h4>Nature et environnement<\/h4>\n<p>\u2022 Arbre, qui es tu ?<br \/>\n\u2022 La p\u00eache d\u2019invert\u00e9br\u00e9s aquatiques<br \/>\n\u2022 Les relations pr\u00e9dateurs-proies<br \/>\n\u2022 Les petites b\u00eates de nos jardins<\/p>\n<p><a href=\"https:\/\/www.fol49.org\/laligue49\/wp-content\/uploads\/2018\/04\/P1000600.jpg\"><img loading=\"lazy\" decoding=\"async\" class=\"alignnone wp-image-2878\" src=\"https:\/\/www.fol49.org\/laligue49\/wp-content\/uploads\/2018\/04\/P1000600.jpg\" alt=\"\" width=\"198\" height=\"149\" srcset=\"https:\/\/www.fol49.org\/laligue49\/wp-content\/uploads\/2018\/04\/P1000600.jpg 3072w, https:\/\/www.fol49.org\/laligue49\/wp-content\/uploads\/2018\/04\/P1000600-300x225.jpg 300w, https:\/\/www.fol49.org\/laligue49\/wp-content\/uploads\/2018\/04\/P1000600-768x576.jpg 768w, https:\/\/www.fol49.org\/laligue49\/wp-content\/uploads\/2018\/04\/P1000600-1024x768.jpg 1024w\" sizes=\"(max-width: 198px) 100vw, 198px\" \/>\u00a0<\/a><a href=\"https:\/\/www.fol49.org\/laligue49\/wp-content\/uploads\/2018\/04\/Image2.jpg\"><img loading=\"lazy\" decoding=\"async\" class=\"alignnone wp-image-2873\" src=\"https:\/\/www.fol49.org\/laligue49\/wp-content\/uploads\/2018\/04\/Image2.jpg\" alt=\"\" width=\"213\" height=\"150\" srcset=\"https:\/\/www.fol49.org\/laligue49\/wp-content\/uploads\/2018\/04\/Image2.jpg 313w, https:\/\/www.fol49.org\/laligue49\/wp-content\/uploads\/2018\/04\/Image2-300x211.jpg 300w\" sizes=\"(max-width: 213px) 100vw, 213px\" \/><\/a>\u00a0<a href=\"https:\/\/www.fol49.org\/laligue49\/wp-content\/uploads\/2018\/04\/faucons-1.jpg\"><img loading=\"lazy\" decoding=\"async\" class=\"alignnone wp-image-2877\" src=\"https:\/\/www.fol49.org\/laligue49\/wp-content\/uploads\/2018\/04\/faucons-1.jpg\" alt=\"\" width=\"166\" height=\"151\" srcset=\"https:\/\/www.fol49.org\/laligue49\/wp-content\/uploads\/2018\/04\/faucons-1.jpg 787w, https:\/\/www.fol49.org\/laligue49\/wp-content\/uploads\/2018\/04\/faucons-1-300x273.jpg 300w, https:\/\/www.fol49.org\/laligue49\/wp-content\/uploads\/2018\/04\/faucons-1-768x699.jpg 768w\" sizes=\"(max-width: 166px) 100vw, 166px\" \/><\/a><\/p>\n<h4>Sant\u00e9 et alimentation<\/h4>\n<p>\u2022 Sport, sant\u00e9 et sensibilisation \u00e0 la nutrition<br \/>\n\u2022 Jardinage, cuisine, \u00e9ducation au go\u00fbt<\/p>\n<p><img loading=\"lazy\" decoding=\"async\" class=\"alignnone wp-image-2875\" src=\"https:\/\/www.fol49.org\/laligue49\/wp-content\/uploads\/2018\/04\/PICT0018.jpg\" alt=\"\" width=\"188\" height=\"141\" srcset=\"https:\/\/www.fol49.org\/laligue49\/wp-content\/uploads\/2018\/04\/PICT0018.jpg 3968w, https:\/\/www.fol49.org\/laligue49\/wp-content\/uploads\/2018\/04\/PICT0018-300x225.jpg 300w, https:\/\/www.fol49.org\/laligue49\/wp-content\/uploads\/2018\/04\/PICT0018-768x576.jpg 768w, https:\/\/www.fol49.org\/laligue49\/wp-content\/uploads\/2018\/04\/PICT0018-1024x768.jpg 1024w\" sizes=\"(max-width: 188px) 100vw, 188px\" \/>\u00a0<a href=\"https:\/\/www.fol49.org\/laligue49\/wp-content\/uploads\/2018\/06\/iStock-687716160-e1528453473777.jpg\"><img loading=\"lazy\" decoding=\"async\" class=\"alignnone size-full wp-image-3076\" src=\"https:\/\/www.fol49.org\/laligue49\/wp-content\/uploads\/2018\/06\/iStock-687716160-e1528453473777.jpg\" alt=\"\" width=\"199\" height=\"146\" \/><\/a><\/p>\n<h4>Faune et flore<\/h4>\n<p>D\u00e9couverte de la biodiversit\u00e9 lig\u00e9rienne avec possibilit\u00e9 de<br \/>\nvisite :<br \/>\n\u2022 <strong>Bioparc Dou\u00e9 la Fontaine<\/strong> (zoo)<br \/>\n\u2022 <strong>Terra Botanica<\/strong> (parc du v\u00e9g\u00e9tal)<br \/>\n\u2022 <strong>Camifolia<\/strong> (jardin des plantes m\u00e9dicinales et<br \/>\naromatiques)<br \/>\n\u2022 <strong>Mus\u00e9e de la vigne et du vin<\/strong> (biodiversit\u00e9 des vignes)<\/p>\n<p><a href=\"https:\/\/www.fol49.org\/laligue49\/wp-content\/uploads\/2018\/06\/terra-botanica-1-e1528453345694.png\"><img loading=\"lazy\" decoding=\"async\" class=\"alignnone size-full wp-image-3074\" src=\"https:\/\/www.fol49.org\/laligue49\/wp-content\/uploads\/2018\/06\/terra-botanica-1-e1528453345694.png\" alt=\"\" width=\"250\" height=\"167\" \/> <\/a><img loading=\"lazy\" decoding=\"async\" class=\"alignnone wp-image-2883 \" src=\"https:\/\/www.fol49.org\/laligue49\/wp-content\/uploads\/2018\/04\/enfant-au-zoo-1.jpg\" alt=\"\" width=\"248\" height=\"165\" srcset=\"https:\/\/www.fol49.org\/laligue49\/wp-content\/uploads\/2018\/04\/enfant-au-zoo-1.jpg 6000w, https:\/\/www.fol49.org\/laligue49\/wp-content\/uploads\/2018\/04\/enfant-au-zoo-1-300x200.jpg 300w, https:\/\/www.fol49.org\/laligue49\/wp-content\/uploads\/2018\/04\/enfant-au-zoo-1-768x513.jpg 768w, https:\/\/www.fol49.org\/laligue49\/wp-content\/uploads\/2018\/04\/enfant-au-zoo-1-1024x683.jpg 1024w\" sizes=\"(max-width: 248px) 100vw, 248px\" \/><\/p>\n<h4>D\u00e9couverte de la Loire<\/h4>\n<p><strong>\u2022 V\u00e9lo, rando, tuffeau<\/strong><br \/>\nD\u00e9couverte du patrimoine lig\u00e9rien (ch\u00e2teaux de la Loire, taille<br \/>\nde tuffeau, navigation sur la Loire), course d\u2019orientation,<br \/>\nparcours de la Loire en v\u00e9lo, \u2026<\/p>\n<p><img loading=\"lazy\" decoding=\"async\" class=\"alignnone wp-image-2895\" src=\"https:\/\/www.fol49.org\/laligue49\/wp-content\/uploads\/2018\/04\/20161006_103307_resized.jpg\" alt=\"\" width=\"258\" height=\"145\" srcset=\"https:\/\/www.fol49.org\/laligue49\/wp-content\/uploads\/2018\/04\/20161006_103307_resized.jpg 2064w, https:\/\/www.fol49.org\/laligue49\/wp-content\/uploads\/2018\/04\/20161006_103307_resized-300x169.jpg 300w, https:\/\/www.fol49.org\/laligue49\/wp-content\/uploads\/2018\/04\/20161006_103307_resized-768x432.jpg 768w, https:\/\/www.fol49.org\/laligue49\/wp-content\/uploads\/2018\/04\/20161006_103307_resized-1024x576.jpg 1024w\" sizes=\"(max-width: 258px) 100vw, 258px\" \/>\u00a0<img loading=\"lazy\" decoding=\"async\" class=\"alignnone wp-image-2882\" src=\"https:\/\/www.fol49.org\/laligue49\/wp-content\/uploads\/2018\/04\/v\u00e9lo.jpg\" alt=\"\" width=\"172\" height=\"145\" srcset=\"https:\/\/www.fol49.org\/laligue49\/wp-content\/uploads\/2018\/04\/v\u00e9lo.jpg 720w, https:\/\/www.fol49.org\/laligue49\/wp-content\/uploads\/2018\/04\/v\u00e9lo-300x253.jpg 300w\" sizes=\"(max-width: 172px) 100vw, 172px\" \/><\/p>\n<p>\t\t<\/div>\n\n\t\t<br \/>\n\n\t\t\t\t\t<h3 role=\"button\" id=\"accordion-1-t3\" class=\"accordion-title js-accordion-controller\" aria-controls=\"accordion-1-c3\" aria-expanded=\"false\" tabindex=\"0\">\n\t\t\t\tCulture\t\t\t<\/h3>\n\t\t\n\t\t<div id=\"accordion-1-c3\" class=\"accordion-content\" aria-hidden=\"true\">\n\t\t\t<\/p>\n<h4>C<b>in\u00e9ma\u00a0<\/b><\/h4>\n<p><b><\/b>L&#8217;activit\u00e9 cin\u00e9ma permet de devenir auteurs, acteurs et r\u00e9alisateurs, en se lan\u00e7ant dans la grande aventure d&#8217;un tournage cin\u00e9matographique\u00a0; elle favorise l&#8217;interdisciplinarit\u00e9 entre les arts et les techniques. Une activit\u00e9 id\u00e9ale pour devenir le prochain Woody Allen !<\/p>\n<h4>Radio, information et \u00e9ducation \u00e0 l&#8217;image<\/h4>\n<p>Durant l&#8217;activit\u00e9, les personnes auront acc\u00e8s \u00e0 une v\u00e9ritable radio itin\u00e9rante. Partant d&#8217;un atelier \u00e9criture, ils d\u00e9couvriront tous les secrets d&#8217;une \u00e9mission de radio (conception, composition, \u00e9criture radiophonique, etc&#8230;). De la technique autour du mat\u00e9riel radiophonique \u00e0 la r\u00e9alisation, ils r\u00e9aliseront leur \u00e9mission diffus\u00e9e sur une web-radio.<\/p>\n<h4><b>Science et robotique<\/b><\/h4>\n<p><b><\/b>D\u00e9couvrant d&#8217;abord le cheminement de l&#8217;\u00e9lectricit\u00e9, les personnes pourront tester le Makey Makey, v\u00e9ritable exemple d&#8217;outil de demain, et r\u00e9aliser un robot filoguid\u00e9 capable de se d\u00e9placer avec un bras articul\u00e9.<\/p>\n<p><img loading=\"lazy\" decoding=\"async\" class=\"alignnone size-full wp-image-3077\" src=\"https:\/\/www.fol49.org\/laligue49\/wp-content\/uploads\/2018\/06\/IMG_0300-e1528454199193.jpg\" alt=\"\" width=\"200\" height=\"179\" \/>\u00a0<img loading=\"lazy\" decoding=\"async\" class=\"alignnone size-full wp-image-3078\" src=\"https:\/\/www.fol49.org\/laligue49\/wp-content\/uploads\/2018\/06\/IMG_0303-e1528454215566.jpg\" alt=\"\" width=\"200\" height=\"179\" \/><\/p>\n<p>\t\t<\/div>\n\n\t\t<\/div>\n","protected":false},"excerpt":{"rendered":"<p>Le Centre Bou\u00ebss\u00e9-La Garenne est un centre d\u2019animations sportives, environnementales et culturelles. Toute l\u2019ann\u00e9e, notre \u00e9quipe d\u2019\u00e9ducateurs permanents et dipl\u00f4m\u00e9s, encadre des activit\u00e9s \u00e0 destination des groupes, sur notre site ou chez vous. Diverses formules possibles : \u00a0 \u00c0 l\u2019heure \u00a0 \u00c0\u00a0 la journ\u00e9e \u00a0 \u00c0 la p\u00e9riode, par cycle, \u00e0 l\u2019ann\u00e9e. Contactez-nous pour construire &#8230;<\/p>\n","protected":false},"author":1,"featured_media":0,"parent":0,"menu_order":0,"comment_status":"closed","ping_status":"closed","template":"","meta":{"jetpack_post_was_ever_published":false,"footnotes":""},"class_list":["post-2656","page","type-page","status-publish","hentry"],"jetpack_sharing_enabled":true,"jetpack_shortlink":"https:\/\/wp.me\/P8tWm3-GQ","_links":{"self":[{"href":"https:\/\/www.fol49.org\/laligue49\/wp-json\/wp\/v2\/pages\/2656","targetHints":{"allow":["GET"]}}],"collection":[{"href":"https:\/\/www.fol49.org\/laligue49\/wp-json\/wp\/v2\/pages"}],"about":[{"href":"https:\/\/www.fol49.org\/laligue49\/wp-json\/wp\/v2\/types\/page"}],"author":[{"embeddable":true,"href":"https:\/\/www.fol49.org\/laligue49\/wp-json\/wp\/v2\/users\/1"}],"replies":[{"embeddable":true,"href":"https:\/\/www.fol49.org\/laligue49\/wp-json\/wp\/v2\/comments?post=2656"}],"version-history":[{"count":16,"href":"https:\/\/www.fol49.org\/laligue49\/wp-json\/wp\/v2\/pages\/2656\/revisions"}],"predecessor-version":[{"id":4302,"href":"https:\/\/www.fol49.org\/laligue49\/wp-json\/wp\/v2\/pages\/2656\/revisions\/4302"}],"wp:attachment":[{"href":"https:\/\/www.fol49.org\/laligue49\/wp-json\/wp\/v2\/media?parent=2656"}],"curies":[{"name":"wp","href":"https:\/\/api.w.org\/{rel}","templated":true}]}}