{"id":2630,"date":"2018-03-13T14:56:55","date_gmt":"2018-03-13T13:56:55","guid":{"rendered":"http:\/\/www.fol49.org\/laligue49\/?page_id=2630"},"modified":"2020-02-25T11:31:46","modified_gmt":"2020-02-25T10:31:46","slug":"groupes-enfants","status":"publish","type":"page","link":"https:\/\/www.fol49.org\/laligue49\/groupes-enfants\/","title":{"rendered":"Groupes enfants"},"content":{"rendered":"<p><img fetchpriority=\"high\" decoding=\"async\" class=\"alignnone size-full wp-image-3091\" src=\"https:\/\/www.fol49.org\/laligue49\/wp-content\/uploads\/2018\/06\/bandeau-groupes-denfants.png\" alt=\"\" width=\"10042\" height=\"1827\" srcset=\"https:\/\/www.fol49.org\/laligue49\/wp-content\/uploads\/2018\/06\/bandeau-groupes-denfants.png 10042w, https:\/\/www.fol49.org\/laligue49\/wp-content\/uploads\/2018\/06\/bandeau-groupes-denfants-300x55.png 300w, https:\/\/www.fol49.org\/laligue49\/wp-content\/uploads\/2018\/06\/bandeau-groupes-denfants-768x140.png 768w, https:\/\/www.fol49.org\/laligue49\/wp-content\/uploads\/2018\/06\/bandeau-groupes-denfants-1024x186.png 1024w\" sizes=\"(max-width: 10042px) 100vw, 10042px\" \/><\/p>\n<p>Nous accueillons, toute l&#8217;ann\u00e9e, des <strong>groupes d&#8217;enfants<\/strong> et leurs accompagnateurs, pour des s\u00e9jours <strong>\u00e0 la journ\u00e9e<\/strong> ou avec <strong>nuit\u00e9e<\/strong>.<br \/>\nNotre \u00e9tablissement compos\u00e9 d&#8217;h\u00e9bergement, de restauration et d&#8217;activit\u00e9s. Ce sont des lieux adapt\u00e9s \u00e0 l&#8217;organisation de <strong>mini &#8211; camps<\/strong>, <strong>colonies de vacances<\/strong> ou de <strong>stages<\/strong>.<br \/>\nPlusieurs formules sont envisageables, en fonction de la p\u00e9riode de l&#8217;ann\u00e9e et du type d&#8217;h\u00e9bergement (en chambre ou en camping).<span style=\"font-size: 10.0pt; font-family: 'Arial',sans-serif;\"><br \/>\n<\/span><\/p>\n<h4><a href=\"https:\/\/www.fol49.org\/laligue49\/le-point-accueil-jeunesse-p-aj\/\">Point Accueil Jeunes &#8211; Bases d&#8217;\u00e9t\u00e9\u00a0<\/a><\/h4>\n<h4 style=\"text-align: left;\"><a href=\"https:\/\/www.fol49.org\/laligue49\/en-sejour\/\">En s\u00e9jour<\/a><\/h4>\n<h4 style=\"text-align: left;\"><a href=\"https:\/\/www.fol49.org\/laligue49\/a-la-journee\/\">\u00c0 la journ\u00e9e<\/a><\/h4>\n<p>&nbsp;<\/p>\n","protected":false},"excerpt":{"rendered":"<p>Nous accueillons, toute l&#8217;ann\u00e9e, des groupes d&#8217;enfants et leurs accompagnateurs, pour des s\u00e9jours \u00e0 la journ\u00e9e ou avec nuit\u00e9e. Notre \u00e9tablissement compos\u00e9 d&#8217;h\u00e9bergement, de restauration et d&#8217;activit\u00e9s. Ce sont des lieux adapt\u00e9s \u00e0 l&#8217;organisation de mini &#8211; camps, colonies de vacances ou de stages. Plusieurs formules sont envisageables, en fonction de la p\u00e9riode de l&#8217;ann\u00e9e &#8230;<\/p>\n","protected":false},"author":1,"featured_media":0,"parent":0,"menu_order":0,"comment_status":"closed","ping_status":"closed","template":"","meta":{"jetpack_post_was_ever_published":false,"footnotes":""},"class_list":["post-2630","page","type-page","status-publish","hentry"],"jetpack_sharing_enabled":true,"jetpack_shortlink":"https:\/\/wp.me\/P8tWm3-Gq","_links":{"self":[{"href":"https:\/\/www.fol49.org\/laligue49\/wp-json\/wp\/v2\/pages\/2630","targetHints":{"allow":["GET"]}}],"collection":[{"href":"https:\/\/www.fol49.org\/laligue49\/wp-json\/wp\/v2\/pages"}],"about":[{"href":"https:\/\/www.fol49.org\/laligue49\/wp-json\/wp\/v2\/types\/page"}],"author":[{"embeddable":true,"href":"https:\/\/www.fol49.org\/laligue49\/wp-json\/wp\/v2\/users\/1"}],"replies":[{"embeddable":true,"href":"https:\/\/www.fol49.org\/laligue49\/wp-json\/wp\/v2\/comments?post=2630"}],"version-history":[{"count":11,"href":"https:\/\/www.fol49.org\/laligue49\/wp-json\/wp\/v2\/pages\/2630\/revisions"}],"predecessor-version":[{"id":4269,"href":"https:\/\/www.fol49.org\/laligue49\/wp-json\/wp\/v2\/pages\/2630\/revisions\/4269"}],"wp:attachment":[{"href":"https:\/\/www.fol49.org\/laligue49\/wp-json\/wp\/v2\/media?parent=2630"}],"curies":[{"name":"wp","href":"https:\/\/api.w.org\/{rel}","templated":true}]}}