{"id":2629,"date":"2018-03-13T14:56:58","date_gmt":"2018-03-13T13:56:58","guid":{"rendered":"http:\/\/www.fol49.org\/laligue49\/?page_id=2629"},"modified":"2018-07-12T10:26:34","modified_gmt":"2018-07-12T09:26:34","slug":"groupes-adultes","status":"publish","type":"page","link":"https:\/\/www.fol49.org\/laligue49\/groupes-adultes\/","title":{"rendered":"Groupes adultes"},"content":{"rendered":"<p>Situ\u00e9 pr\u00e8s d\u2019Angers et au <strong>centre de la r\u00e9gion Pays de la Loire<\/strong>, entre campagne et ville, le Centre Bou\u00ebss\u00e9-La Garenne vous accueille toute l\u2019ann\u00e9e et vous propose des services d\u2019<strong>h\u00e9bergement (en chambre ou en camping), de restauration et d\u2019animation<\/strong>.<\/p>\n<h5 style=\"text-align: left;\"><a href=\"https:\/\/www.fol49.org\/laligue49\/seminaires\/\">Formule S\u00e9minaire<\/a><\/h5>\n<h5 style=\"text-align: left;\"><a href=\"https:\/\/www.fol49.org\/laligue49\/pension-ou-demi-pension\/\">Formule S\u00e9jours Pension ou demi-pension\u00a0<\/a><\/h5>\n<h5 style=\"text-align: left;\"><a href=\"https:\/\/www.fol49.org\/laligue49\/locations-de-salles-de-reunion-et-infrastructures-sportives\/\">Formule Locations de salles de r\u00e9unions \/ infrastructures sportives<\/a><\/h5>\n<h5 style=\"text-align: left;\"><a href=\"https:\/\/www.fol49.org\/laligue49\/activitesalacarte\/\">Formule Activit\u00e9s \u00e0 la carte\u00a0<\/a><u><\/u><\/h5>\n","protected":false},"excerpt":{"rendered":"<p>Situ\u00e9 pr\u00e8s d\u2019Angers et au centre de la r\u00e9gion Pays de la Loire, entre campagne et ville, le Centre Bou\u00ebss\u00e9-La Garenne vous accueille toute l\u2019ann\u00e9e et vous propose des services d\u2019h\u00e9bergement (en chambre ou en camping), de restauration et d\u2019animation. Formule S\u00e9minaire Formule S\u00e9jours Pension ou demi-pension\u00a0 Formule Locations de salles de r\u00e9unions \/ infrastructures &#8230;<\/p>\n","protected":false},"author":1,"featured_media":0,"parent":0,"menu_order":0,"comment_status":"closed","ping_status":"closed","template":"","meta":{"jetpack_post_was_ever_published":false,"footnotes":""},"class_list":["post-2629","page","type-page","status-publish","hentry"],"jetpack_sharing_enabled":true,"jetpack_shortlink":"https:\/\/wp.me\/P8tWm3-Gp","_links":{"self":[{"href":"https:\/\/www.fol49.org\/laligue49\/wp-json\/wp\/v2\/pages\/2629","targetHints":{"allow":["GET"]}}],"collection":[{"href":"https:\/\/www.fol49.org\/laligue49\/wp-json\/wp\/v2\/pages"}],"about":[{"href":"https:\/\/www.fol49.org\/laligue49\/wp-json\/wp\/v2\/types\/page"}],"author":[{"embeddable":true,"href":"https:\/\/www.fol49.org\/laligue49\/wp-json\/wp\/v2\/users\/1"}],"replies":[{"embeddable":true,"href":"https:\/\/www.fol49.org\/laligue49\/wp-json\/wp\/v2\/comments?post=2629"}],"version-history":[{"count":8,"href":"https:\/\/www.fol49.org\/laligue49\/wp-json\/wp\/v2\/pages\/2629\/revisions"}],"predecessor-version":[{"id":2664,"href":"https:\/\/www.fol49.org\/laligue49\/wp-json\/wp\/v2\/pages\/2629\/revisions\/2664"}],"wp:attachment":[{"href":"https:\/\/www.fol49.org\/laligue49\/wp-json\/wp\/v2\/media?parent=2629"}],"curies":[{"name":"wp","href":"https:\/\/api.w.org\/{rel}","templated":true}]}}