{"id":2567,"date":"2018-02-20T14:36:06","date_gmt":"2018-02-20T13:36:06","guid":{"rendered":"http:\/\/www.fol49.org\/laligue49\/?page_id=2567"},"modified":"2020-02-03T16:42:11","modified_gmt":"2020-02-03T15:42:11","slug":"reception-de-plein-air","status":"publish","type":"page","link":"https:\/\/www.fol49.org\/laligue49\/reception-de-plein-air\/","title":{"rendered":"R\u00e9ception de plein air"},"content":{"rendered":"<h4>Pour organiser vos f\u00eates de famille ou de groupes : mariages, anniversaires&#8230;<\/h4>\n<h4><a href=\"https:\/\/www.fol49.org\/laligue49\/wp-content\/uploads\/2017\/04\/Bandeau-location-de-salle-3.jpg\"><img fetchpriority=\"high\" decoding=\"async\" class=\"alignleft wp-image-1853\" src=\"https:\/\/www.fol49.org\/laligue49\/wp-content\/uploads\/2017\/04\/Bandeau-location-de-salle-3.jpg\" alt=\"\" width=\"627\" height=\"194\" srcset=\"https:\/\/www.fol49.org\/laligue49\/wp-content\/uploads\/2017\/04\/Bandeau-location-de-salle-3.jpg 1000w, https:\/\/www.fol49.org\/laligue49\/wp-content\/uploads\/2017\/04\/Bandeau-location-de-salle-3-300x93.jpg 300w, https:\/\/www.fol49.org\/laligue49\/wp-content\/uploads\/2017\/04\/Bandeau-location-de-salle-3-768x238.jpg 768w\" sizes=\"(max-width: 627px) 100vw, 627px\" \/><\/a><\/h4>\n<p>Quel que soit l\u2019\u00e9v\u00e8nement que vous souhaitez organiser, nous vous proposons la <strong>location de salles<\/strong>\u00a0adapt\u00e9es pour accueillir vos invit\u00e9s tout au long de l\u2019ann\u00e9e, en int\u00e9rieur ou \u00e0 l\u2019ext\u00e9rieur.<\/p>\n<p>Pour organiser <b>vos r\u00e9ceptions de plein air,<\/b> un espace champ\u00eatre sp\u00e9cialement \u00e9quip\u00e9 pour accueillir les groupes :<\/p>\n<ul>\n<li>Grand Barnum am\u00e9nag\u00e9 (32 m2 \/ 50 personnes environ)<\/li>\n<li>Espaces verts cl\u00f4tur\u00e9s<\/li>\n<li>Equipements adapt\u00e9s : tables, chaises (pour 50 personnes), r\u00e9frig\u00e9rateurs, \u00e9viers et sanitaires<\/li>\n<\/ul>\n<p>&gt; t\u00e9l\u00e9charger<strong>\u00a0brochure<\/strong>\u00a0des r\u00e9ceptions de plein air\u00a0<em><strong><a href=\"https:\/\/www.fol49.org\/laligue49\/wp-content\/uploads\/2020\/02\/espace-champetre-201904.pdf\" target=\"_blank\" rel=\"noopener noreferrer\"><img decoding=\"async\" class=\"alignnone wp-image-1834 size-full\" src=\"https:\/\/www.fol49.org\/laligue49\/wp-content\/uploads\/2017\/04\/picto-telechargement-01-e1491490512395.png\" alt=\"\" width=\"40\" height=\"41\" \/><\/a><\/strong><\/em><br \/>\n&gt; t\u00e9l\u00e9charger<strong>\u00a0la fiche descriptive<\/strong>\u00a0du barnum et de\u00a0l&#8217;espace champ\u00eatre\u00a0<em><strong><a href=\"https:\/\/www.fol49.org\/laligue49\/wp-content\/uploads\/2017\/03\/fiches-espcace-champetre.pdf\" target=\"_blank\" rel=\"noopener noreferrer\"><img decoding=\"async\" class=\"alignnone wp-image-1834 size-full\" src=\"https:\/\/www.fol49.org\/laligue49\/wp-content\/uploads\/2017\/04\/picto-telechargement-01-e1491490512395.png\" alt=\"\" width=\"40\" height=\"41\" \/><\/a><\/strong><\/em><\/p>\n<style id=\"bwg-style-0\">    #bwg_container1_0 #bwg_container2_0 .bwg-container-0.bwg-standard-thumbnails {      width: 504px;              justify-content: center;        margin:0 auto !important;              background-color: rgba(255, 255, 255, 0.00);            padding-left: 4px;      padding-top: 4px;      max-width: 100%;            }        #bwg_container1_0 #bwg_container2_0 .bwg-container-0.bwg-standard-thumbnails .bwg-item {    justify-content: flex-start;      max-width: 100px;          }    #bwg_container1_0 #bwg_container2_0 .bwg-container-0.bwg-standard-thumbnails .bwg-item a {       margin-right: 4px;       margin-bottom: 4px;    }    #bwg_container1_0 #bwg_container2_0 .bwg-container-0.bwg-standard-thumbnails .bwg-item0 {      padding: 0px;            background-color:rgba(255,255,255, 0.30);      border: 0px none #CCCCCC;      opacity: 1.00;      border-radius: 0;      box-shadow: 0px 0px 0px #888888;    }    #bwg_container1_0 #bwg_container2_0 .bwg-container-0.bwg-standard-thumbnails .bwg-item1 img {      max-height: none;      max-width: none;      padding: 0 !important;    }        @media only screen and (min-width: 480px) {      #bwg_container1_0 #bwg_container2_0 .bwg-container-0.bwg-standard-thumbnails .bwg-item0 {        transition: all 0.3s ease 0s;-webkit-transition: all 0.3s ease 0s;      }      #bwg_container1_0 #bwg_container2_0 .bwg-container-0.bwg-standard-thumbnails .bwg-item0:hover {        -ms-transform: scale(1.1);        -webkit-transform: scale(1.1);        transform: scale(1.1);      }    }          #bwg_container1_0 #bwg_container2_0 .bwg-container-0.bwg-standard-thumbnails .bwg-item1 {      padding-top: 100%;    }        #bwg_container1_0 #bwg_container2_0 .bwg-container-0.bwg-standard-thumbnails .bwg-title2,    #bwg_container1_0 #bwg_container2_0 .bwg-container-0.bwg-standard-thumbnails .bwg-ecommerce2 {      color: #CCCCCC;      font-family: segoe ui;      font-size: 16px;      font-weight: bold;      padding: 2px;      text-shadow: 0px 0px 0px #888888;      max-height: 100%;    }    #bwg_container1_0 #bwg_container2_0 .bwg-container-0.bwg-standard-thumbnails .bwg-thumb-description span {    color: #323A45;    font-family: Ubuntu;    font-size: 12px;    max-height: 100%;    word-wrap: break-word;    }    #bwg_container1_0 #bwg_container2_0 .bwg-container-0.bwg-standard-thumbnails .bwg-play-icon2 {      font-size: 32px;    }    #bwg_container1_0 #bwg_container2_0 .bwg-container-0.bwg-standard-thumbnails .bwg-ecommerce2 {      font-size: 19.2px;      color: #CCCCCC;    }    <\/style>    <div id=\"bwg_container1_0\"         class=\"bwg_container bwg_thumbnail bwg_thumbnails \"         data-right-click-protection=\"0\"         data-bwg=\"0\"         data-scroll=\"0\"         data-gallery-type=\"thumbnails\"         data-gallery-view-type=\"thumbnails\"         data-current-url=\"\/laligue49\/wp-json\/wp\/v2\/pages\/2567\"         data-lightbox-url=\"https:\/\/www.fol49.org\/laligue49\/wp-admin\/admin-ajax.php?action=GalleryBox&#038;current_view=0&#038;gallery_id=10&#038;tag=0&#038;theme_id=1&#038;shortcode_id=13&#038;sort_by=order&#038;order_by=asc&#038;current_url=%2Flaligue49%2Fwp-json%2Fwp%2Fv2%2Fpages%2F2567\"         data-gallery-id=\"10\"         data-popup-width=\"800\"         data-popup-height=\"500\"         data-is-album=\"gallery\"         data-buttons-position=\"bottom\">      <div id=\"bwg_container2_0\">             <div id=\"ajax_loading_0\" class=\"bwg_loading_div_1\">      <div class=\"bwg_loading_div_2\">        <div class=\"bwg_loading_div_3\">          <div id=\"loading_div_0\" class=\"bwg_spider_ajax_loading\">          <\/div>        <\/div>      <\/div>    <\/div>            <form id=\"gal_front_form_0\"              class=\"bwg-hidden\"              method=\"post\"              action=\"#\"              data-current=\"0\"              data-shortcode-id=\"13\"              data-gallery-type=\"thumbnails\"              data-gallery-id=\"10\"              data-tag=\"0\"              data-album-id=\"0\"              data-theme-id=\"1\"              data-ajax-url=\"https:\/\/www.fol49.org\/laligue49\/wp-admin\/admin-ajax.php?action=bwg_frontend_data\">          <div id=\"bwg_container3_0\" class=\"bwg-background bwg-background-0\">                <div data-max-count=\"5\"         data-thumbnail-width=\"100\"         data-bwg=\"0\"         data-gallery-id=\"10\"         data-lightbox-url=\"https:\/\/www.fol49.org\/laligue49\/wp-admin\/admin-ajax.php?action=GalleryBox&amp;current_view=0&amp;gallery_id=10&amp;tag=0&amp;theme_id=1&amp;shortcode_id=13&amp;sort_by=order&amp;order_by=asc&amp;current_url=%2Flaligue49%2Fwp-json%2Fwp%2Fv2%2Fpages%2F2567\"         id=\"bwg_thumbnails_0\"         class=\"bwg-container-0 bwg-thumbnails bwg-standard-thumbnails bwg-container bwg-border-box\">            <div class=\"bwg-item\">        <a class=\"bwg-a  bwg_lightbox\"  data-image-id=\"82\" href=\"https:\/\/www.fol49.org\/laligue49\/wp-content\/uploads\/photo-gallery\/reception_de_plein_air-01.jpg\" data-elementor-open-lightbox=\"no\">                <div class=\"bwg-item0 \">          <div class=\"bwg-item1 \">            <div class=\"bwg-item2\">              <img decoding=\"async\" class=\"skip-lazy bwg_standart_thumb_img_0 \"                   data-id=\"82\"                   data-width=\"\"                   data-height=\"\"                   data-src=\"https:\/\/www.fol49.org\/laligue49\/wp-content\/uploads\/photo-gallery\/thumb\/reception_de_plein_air-01.jpg\"                   src=\"https:\/\/www.fol49.org\/laligue49\/wp-content\/uploads\/photo-gallery\/thumb\/reception_de_plein_air-01.jpg\"                   alt=\"reception de plein air-01\"                   title=\"reception de plein air-01\" \/>            <\/div>            <div class=\"\">                                                      <\/div>          <\/div>        <\/div>                        <\/a>              <\/div>            <div class=\"bwg-item\">        <a class=\"bwg-a  bwg_lightbox\"  data-image-id=\"83\" href=\"https:\/\/www.fol49.org\/laligue49\/wp-content\/uploads\/photo-gallery\/reception_de_plein_air-02.jpg\" data-elementor-open-lightbox=\"no\">                <div class=\"bwg-item0 \">          <div class=\"bwg-item1 \">            <div class=\"bwg-item2\">              <img decoding=\"async\" class=\"skip-lazy bwg_standart_thumb_img_0 \"                   data-id=\"83\"                   data-width=\"\"                   data-height=\"\"                   data-src=\"https:\/\/www.fol49.org\/laligue49\/wp-content\/uploads\/photo-gallery\/thumb\/reception_de_plein_air-02.jpg\"                   src=\"https:\/\/www.fol49.org\/laligue49\/wp-content\/uploads\/photo-gallery\/thumb\/reception_de_plein_air-02.jpg\"                   alt=\"reception de plein air-02\"                   title=\"reception de plein air-02\" \/>            <\/div>            <div class=\"\">                                                      <\/div>          <\/div>        <\/div>                        <\/a>              <\/div>            <div class=\"bwg-item\">        <a class=\"bwg-a  bwg_lightbox\"  data-image-id=\"85\" href=\"https:\/\/www.fol49.org\/laligue49\/wp-content\/uploads\/photo-gallery\/reception_de_plein_air-03.jpg\" data-elementor-open-lightbox=\"no\">                <div class=\"bwg-item0 \">          <div class=\"bwg-item1 \">            <div class=\"bwg-item2\">              <img decoding=\"async\" class=\"skip-lazy bwg_standart_thumb_img_0 \"                   data-id=\"85\"                   data-width=\"\"                   data-height=\"\"                   data-src=\"https:\/\/www.fol49.org\/laligue49\/wp-content\/uploads\/photo-gallery\/thumb\/reception_de_plein_air-03.jpg\"                   src=\"https:\/\/www.fol49.org\/laligue49\/wp-content\/uploads\/photo-gallery\/thumb\/reception_de_plein_air-03.jpg\"                   alt=\"reception de plein air-03\"                   title=\"reception de plein air-03\" \/>            <\/div>            <div class=\"\">                                                      <\/div>          <\/div>        <\/div>                        <\/a>              <\/div>            <div class=\"bwg-item\">        <a class=\"bwg-a  bwg_lightbox\"  data-image-id=\"84\" href=\"https:\/\/www.fol49.org\/laligue49\/wp-content\/uploads\/photo-gallery\/reception_de_plein_air-04.jpg\" data-elementor-open-lightbox=\"no\">                <div class=\"bwg-item0 \">          <div class=\"bwg-item1 \">            <div class=\"bwg-item2\">              <img decoding=\"async\" class=\"skip-lazy bwg_standart_thumb_img_0 \"                   data-id=\"84\"                   data-width=\"\"                   data-height=\"\"                   data-src=\"https:\/\/www.fol49.org\/laligue49\/wp-content\/uploads\/photo-gallery\/thumb\/reception_de_plein_air-04.jpg\"                   src=\"https:\/\/www.fol49.org\/laligue49\/wp-content\/uploads\/photo-gallery\/thumb\/reception_de_plein_air-04.jpg\"                   alt=\"reception de plein air-04\"                   title=\"reception de plein air-04\" \/>            <\/div>            <div class=\"\">                                                      <\/div>          <\/div>        <\/div>                        <\/a>              <\/div>          <\/div>    <style>      \/*pagination styles*\/      #bwg_container1_0 #bwg_container2_0 .tablenav-pages_0 {\t\t\t\ttext-align: center;\t\t\t\tfont-size: 12px;\t\t\t\tfont-family: segoe ui;\t\t\t\tfont-weight: bold;\t\t\t\tcolor: #666666;\t\t\t\tmargin: 6px 0 4px;\t\t\t\tdisplay: block;      }      @media only screen and (max-width : 320px) {      #bwg_container1_0 #bwg_container2_0 .displaying-num_0 {     \t display: none;      }      }      #bwg_container1_0 #bwg_container2_0 .displaying-num_0 {\t\t\t\tfont-size: 12px;\t\t\t\tfont-family: segoe ui;\t\t\t\tfont-weight: bold;\t\t\t\tcolor: #666666;\t\t\t\tmargin-right: 10px;\t\t\t\tvertical-align: middle;      }      #bwg_container1_0 #bwg_container2_0 .paging-input_0 {\t\t\t\tfont-size: 12px;\t\t\t\tfont-family: segoe ui;\t\t\t\tfont-weight: bold;\t\t\t\tcolor: #666666;\t\t\t\tvertical-align: middle;      }      #bwg_container1_0 #bwg_container2_0 .tablenav-pages_0 a.disabled,      #bwg_container1_0 #bwg_container2_0 .tablenav-pages_0 a.disabled:hover,      #bwg_container1_0 #bwg_container2_0 .tablenav-pages_0 a.disabled:focus,\t\t\t#bwg_container1_0 #bwg_container2_0 .tablenav-pages_0 input.bwg_current_page {\t\t\t\tcursor: default;\t\t\t\tcolor: rgba(102, 102, 102, 0.5);      }      #bwg_container1_0 #bwg_container2_0 .tablenav-pages_0 a,      #bwg_container1_0 #bwg_container2_0 .tablenav-pages_0 input.bwg_current_page {\t\t\t\tcursor: pointer;\t\t\t\ttext-align: center;\t\t\t\tfont-size: 12px;\t\t\t\tfont-family: segoe ui;\t\t\t\tfont-weight: bold;\t\t\t\tcolor: #666666;\t\t\t\ttext-decoration: none;\t\t\t\tpadding: 3px 6px;\t\t\t\tmargin: 0;\t\t\t\tborder-radius: 0;\t\t\t\tborder-style: solid;\t\t\t\tborder-width: 1px;\t\t\t\tborder-color: #E3E3E3;\t\t\t\t\t\t\t\tbackground-color: rgba(255, 255, 255, 1.00);\t\t\t\tbox-shadow: 0;\t\t\t\ttransition: all 0.3s ease 0s;-webkit-transition: all 0.3s ease 0s;      }      <\/style>      <span class=\"bwg_nav_cont_0\">              <div class=\"tablenav-pages_0\">                  <\/div>                <input type=\"hidden\" id=\"page_number_0\" name=\"page_number_0\" value=\"1\" \/>      <script type=\"text\/javascript\">        if( jQuery('.bwg_nav_cont_0').length > 1 ) {          jQuery('.bwg_nav_cont_0').first().remove()        }        function spider_page_0(cur, x, y, load_more) {          if (typeof load_more == \"undefined\") {            var load_more = false;          }          if (jQuery(cur).hasClass('disabled')) {            return false;          }          var items_county_0 = 1;          switch (y) {            case 1:              if (x >= items_county_0) {                document.getElementById('page_number_0').value = items_county_0;              }              else {                document.getElementById('page_number_0').value = x + 1;              }              break;            case 2:              document.getElementById('page_number_0').value = items_county_0;              break;            case -1:              if (x == 1) {                document.getElementById('page_number_0').value = 1;              }              else {                document.getElementById('page_number_0').value = x - 1;              }              break;            case -2:              document.getElementById('page_number_0').value = 1;              break;\t\t\t\t\t\tcase 0:              document.getElementById('page_number_0').value = x;              break;            default:              document.getElementById('page_number_0').value = 1;          }          bwg_ajax('gal_front_form_0', '0', 'bwg_thumbnails_0', '0', '', 'gallery', 0, '', '', load_more, '', 1);        }                    jQuery('.first-page-0').on('click', function () {              spider_page_0(this, 1, -2, 'numeric');              return false;            });            jQuery('.prev-page-0').on('click', function () {              spider_page_0(this, 1, -1, 'numeric');              return false;            });            jQuery('.next-page-0').on('click', function () {              spider_page_0(this, 1, 1, 'numeric');              return false;            });            jQuery('.last-page-0').on('click', function () {              spider_page_0(this, 1, 2, 'numeric');              return false;            });        \t\t\t\t\/* Change page on input enter. *\/        function bwg_change_page_0( e, that ) {          if (  e.key == 'Enter' ) {            var to_page = parseInt(jQuery(that).val());            var pages_count = jQuery(that).parents(\".pagination-links\").data(\"pages-count\");            var current_url_param = jQuery(that).attr('data-url-info');            if (to_page > pages_count) {              to_page = 1;            }\t \t\t\t\t\t\t\t\t\t\t\t\tspider_page_0(this, to_page, 0, 'numeric');\t\t\t\t\t\t\treturn false;\t\t\t\t\t\t          }          return true;        }        jQuery('.bwg_load_btn_0').on('click', function () {            spider_page_0(this, 1, 1, true);            return false;        });      <\/script>      <\/span>                <\/div>        <\/form>        <style>          #bwg_container1_0 #bwg_container2_0 #spider_popup_overlay_0 {          background-color: #000000;          opacity: 0.70;          }          <\/style>        <div id=\"bwg_spider_popup_loading_0\" class=\"bwg_spider_popup_loading\"><\/div>        <div id=\"spider_popup_overlay_0\" class=\"spider_popup_overlay\" onclick=\"spider_destroypopup(1000)\"><\/div>        <input type=\"hidden\" id=\"bwg_random_seed_0\" value=\"36432588\">                <\/div>    <\/div>    <script>      if (document.readyState === 'complete') {        if( typeof bwg_main_ready == 'function' ) {          if ( jQuery(\"#bwg_container1_0\").height() ) {            bwg_main_ready(jQuery(\"#bwg_container1_0\"));          }        }      } else {        document.addEventListener('DOMContentLoaded', function() {          if( typeof bwg_main_ready == 'function' ) {            if ( jQuery(\"#bwg_container1_0\").height() ) {             bwg_main_ready(jQuery(\"#bwg_container1_0\"));            }          }        });      }    <\/script>    \n<p><div id=\"accordion-1\" class=\"accordion no-js\"><br \/>\n\n\t\t\t\t\t<h3 role=\"button\" id=\"accordion-1-t1\" class=\"accordion-title js-accordion-controller\" aria-controls=\"accordion-1-c1\" aria-expanded=\"false\" tabindex=\"0\">\n\t\t\t\tFormules et Tarifs\t\t\t<\/h3>\n\t\t\n\t\t<div id=\"accordion-1-c1\" class=\"accordion-content\" aria-hidden=\"true\">\n\t\t\t<br \/>\n<b>Gestion Libre <\/b>:<\/p>\n<ul>\n<li>Dur\u00e9e au choix\u00a0: \u00e0 l\u2019heure \/ journ\u00e9e \/ week-end \/ semaine<\/li>\n<li>Dans un ou plusieurs \u00e9quipements<\/li>\n<\/ul>\n<p><b>Tarifs (devis \u00e0 la demande)<\/b><\/p>\n<ul>\n<li>\u00e0 partir de\u00a0170\u20ac<\/li>\n<\/ul>\n<p><b>Services optionnels<\/b><\/p>\n<ul>\n<li>Forfait m\u00e9nage<\/li>\n<li>Service traiteur<\/li>\n<li>Location de vaisselle ou mat\u00e9riel de r\u00e9ception<\/li>\n<li>Parking ext\u00e9rieur<\/li>\n<\/ul>\n<p>Une charg\u00e9e d\u2019accueil r\u00e9alise des astreintes t\u00e9l\u00e9phoniques\u00a0pendant tout le s\u00e9jour.<\/p>\n<p><strong>T\u00e9l\u00e9charger la brochure des tarifs<\/strong> <em><strong><a href=\"https:\/\/www.fol49.org\/laligue49\/wp-content\/uploads\/2018\/11\/tarifs-CBLG-2019-1.pdf\" target=\"_blank\" rel=\"noopener noreferrer\"><img decoding=\"async\" class=\"alignnone wp-image-1834 size-full\" src=\"https:\/\/www.fol49.org\/laligue49\/wp-content\/uploads\/2017\/04\/picto-telechargement-01-e1491490512395.png\" alt=\"\" width=\"40\" height=\"41\" \/><\/a><\/strong><\/em><\/p>\n<p>\t\t<\/div>\n\n\t\t<\/div><br \/>\n<strong>&gt; Voir aussi<\/strong> <a href=\"https:\/\/www.fol49.org\/laligue49\/locations-dhebergements-en-anjou-pour-les-particuliers\/\"><strong>nos solutions d&#8217;h\u00e9bergements<\/strong><\/a><\/p>\n","protected":false},"excerpt":{"rendered":"<p>Pour organiser vos f\u00eates de famille ou de groupes : mariages, anniversaires&#8230; Quel que soit l\u2019\u00e9v\u00e8nement que vous souhaitez organiser, nous vous proposons la location de salles\u00a0adapt\u00e9es pour accueillir vos invit\u00e9s tout au long de l\u2019ann\u00e9e, en int\u00e9rieur ou \u00e0 l\u2019ext\u00e9rieur. Pour organiser vos r\u00e9ceptions de plein air, un espace champ\u00eatre sp\u00e9cialement \u00e9quip\u00e9 pour accueillir &#8230;<\/p>\n","protected":false},"author":1,"featured_media":0,"parent":0,"menu_order":0,"comment_status":"closed","ping_status":"closed","template":"","meta":{"jetpack_post_was_ever_published":false,"footnotes":""},"class_list":["post-2567","page","type-page","status-publish","hentry"],"jetpack_sharing_enabled":true,"jetpack_shortlink":"https:\/\/wp.me\/P8tWm3-Fp","_links":{"self":[{"href":"https:\/\/www.fol49.org\/laligue49\/wp-json\/wp\/v2\/pages\/2567","targetHints":{"allow":["GET"]}}],"collection":[{"href":"https:\/\/www.fol49.org\/laligue49\/wp-json\/wp\/v2\/pages"}],"about":[{"href":"https:\/\/www.fol49.org\/laligue49\/wp-json\/wp\/v2\/types\/page"}],"author":[{"embeddable":true,"href":"https:\/\/www.fol49.org\/laligue49\/wp-json\/wp\/v2\/users\/1"}],"replies":[{"embeddable":true,"href":"https:\/\/www.fol49.org\/laligue49\/wp-json\/wp\/v2\/comments?post=2567"}],"version-history":[{"count":5,"href":"https:\/\/www.fol49.org\/laligue49\/wp-json\/wp\/v2\/pages\/2567\/revisions"}],"predecessor-version":[{"id":4165,"href":"https:\/\/www.fol49.org\/laligue49\/wp-json\/wp\/v2\/pages\/2567\/revisions\/4165"}],"wp:attachment":[{"href":"https:\/\/www.fol49.org\/laligue49\/wp-json\/wp\/v2\/media?parent=2567"}],"curies":[{"name":"wp","href":"https:\/\/api.w.org\/{rel}","templated":true}]}}