{"id":2422,"date":"2018-02-14T15:28:52","date_gmt":"2018-02-14T14:28:52","guid":{"rendered":"http:\/\/www.fol49.org\/laligue49\/?page_id=2422"},"modified":"2021-04-08T14:57:14","modified_gmt":"2021-04-08T13:57:14","slug":"loisirs-enfants-individuels","status":"publish","type":"page","link":"https:\/\/www.fol49.org\/laligue49\/loisirs-enfants-individuels\/","title":{"rendered":"Loisirs enfants (individuels)"},"content":{"rendered":"<p>Le Centre Bou\u00ebss\u00e9-La Garenne d\u00e9fend le droit \u00e0 l\u2019acc\u00e8s aux loisirs et aux vacances.<br \/>\nAinsi toute l\u2019ann\u00e9e, <strong>mercredi et vacances scolaires<\/strong>, nous organisons des activit\u00e9s \u00e0 destination des enfants de 3 \u00e0 12 ans.<br \/>\nL\u2019\u00e9t\u00e9, des <strong>mini-camps<\/strong> sont propos\u00e9s aux enfants et aux jeunes.<\/p>\n<h4 style=\"text-align: left;\"><a href=\"https:\/\/www.fol49.org\/laligue49\/accueil-de-loisirs3-12ans\/\" rel=\"noopener\">Accueil de loisirs 3\/12 ans\u00a0<\/a><\/h4>\n<hr \/>\n<p style=\"text-align: left;\">\n","protected":false},"excerpt":{"rendered":"<p>Le Centre Bou\u00ebss\u00e9-La Garenne d\u00e9fend le droit \u00e0 l\u2019acc\u00e8s aux loisirs et aux vacances. Ainsi toute l\u2019ann\u00e9e, mercredi et vacances scolaires, nous organisons des activit\u00e9s \u00e0 destination des enfants de 3 \u00e0 12 ans. L\u2019\u00e9t\u00e9, des mini-camps sont propos\u00e9s aux enfants et aux jeunes. Accueil de loisirs 3\/12 ans\u00a0<\/p>\n","protected":false},"author":1,"featured_media":0,"parent":0,"menu_order":0,"comment_status":"closed","ping_status":"closed","template":"","meta":{"jetpack_post_was_ever_published":false,"footnotes":""},"class_list":["post-2422","page","type-page","status-publish","hentry"],"jetpack_sharing_enabled":true,"jetpack_shortlink":"https:\/\/wp.me\/P8tWm3-D4","_links":{"self":[{"href":"https:\/\/www.fol49.org\/laligue49\/wp-json\/wp\/v2\/pages\/2422","targetHints":{"allow":["GET"]}}],"collection":[{"href":"https:\/\/www.fol49.org\/laligue49\/wp-json\/wp\/v2\/pages"}],"about":[{"href":"https:\/\/www.fol49.org\/laligue49\/wp-json\/wp\/v2\/types\/page"}],"author":[{"embeddable":true,"href":"https:\/\/www.fol49.org\/laligue49\/wp-json\/wp\/v2\/users\/1"}],"replies":[{"embeddable":true,"href":"https:\/\/www.fol49.org\/laligue49\/wp-json\/wp\/v2\/comments?post=2422"}],"version-history":[{"count":29,"href":"https:\/\/www.fol49.org\/laligue49\/wp-json\/wp\/v2\/pages\/2422\/revisions"}],"predecessor-version":[{"id":4768,"href":"https:\/\/www.fol49.org\/laligue49\/wp-json\/wp\/v2\/pages\/2422\/revisions\/4768"}],"wp:attachment":[{"href":"https:\/\/www.fol49.org\/laligue49\/wp-json\/wp\/v2\/media?parent=2422"}],"curies":[{"name":"wp","href":"https:\/\/api.w.org\/{rel}","templated":true}]}}