{"id":2419,"date":"2018-02-14T15:32:22","date_gmt":"2018-02-14T14:32:22","guid":{"rendered":"http:\/\/www.fol49.org\/laligue49\/?page_id=2419"},"modified":"2025-03-11T15:11:50","modified_gmt":"2025-03-11T14:11:50","slug":"locations-gestion-libre","status":"publish","type":"page","link":"https:\/\/www.fol49.org\/laligue49\/locations-gestion-libre\/","title":{"rendered":"Locations pour les particuliers"},"content":{"rendered":"<p><strong>Venir en famille ou entre amis\u2026<\/strong><br \/>Sur nos sites, sont propos\u00e9s \u00e0 la location <strong>plusieurs h\u00e9bergements en campagne, ou en ville :<\/strong><\/p>\n<p><strong>\u00c0 M\u00fbrs-\u00c9rign\u00e9 (49), <\/strong>2 \u00e9quipements proches l\u2019un de l\u2019autre de 33 et 48 lits = 81 lits et une aire de camping (50 places). Des offres de plein air et de locations de salles ( salles de 12 \u00e0 100 personnes) viennent compl\u00e9ter les h\u00e9bergements, \u00e0 la journ\u00e9e, en soir\u00e9e ou en s\u00e9jours.<\/p>\n<p><strong>A Tr\u00e9laz\u00e9 (49)<\/strong>, situ\u00e9 en ville, permet d\u2019accueillir jusqu\u2019\u00e0 34 personnes (uniquement en gestion libre).<\/p>\n<p>Sur rendez-vous, visitez nos h\u00e9bergements et d\u00e9couvrez nos formules.<\/p>\n<p>Si vous d\u00e9sirez <strong>partir en dehors de ces destinations<\/strong>, nos correspondantes locales peuvent r\u00e9aliser des demandes de devis, pour vous, au sein de notre r\u00e9seau de partenaires.<\/p>\n\n\n<h2 class=\"wp-block-heading has-text-color\" style=\"color:#36bfc8\">Campagne<br><a href=\"https:\/\/www.fol49.org\/laligue49\/locations-dhebergements-en-anjou-pour-les-particuliers\/\">Centre Bou\u00ebss\u00e9 &#8211; La Garenne \u00e0 M\u00fbrs-Erign\u00e9 (49)<\/a><\/h2>\n\n\n\n<h2 class=\"wp-block-heading has-text-color\" style=\"color:#36bfc8\">Ville<br><a href=\"https:\/\/www.fol49.org\/laligue49\/le-centre-bleu-loire-a-trelaze-49\/\">Centre Bleu Loire \u00e0 Tr\u00e9laz\u00e9 (49)<\/a><\/h2>\n\n\n\n<h2 class=\"wp-block-heading has-text-color\" style=\"color:#36bfc8\">Mer<br><a href=\"https:\/\/www.fol49.org\/laligue49\/?page_id=4276&amp;preview=true\">D\u00e9part \u00e0 la mer<\/a><\/h2>\n\n\n\n<p>&nbsp;<\/p>\n","protected":false},"excerpt":{"rendered":"<p>Venir en famille ou entre amis\u2026Sur nos sites, sont propos\u00e9s \u00e0 la location plusieurs h\u00e9bergements en campagne, ou en ville : \u00c0 M\u00fbrs-\u00c9rign\u00e9 (49), 2 \u00e9quipements proches l\u2019un de l\u2019autre de 33 et 48 lits = 81 lits et une aire de camping (50 places). Des offres de plein air et de locations de salles &#8230;<\/p>\n","protected":false},"author":1,"featured_media":0,"parent":0,"menu_order":0,"comment_status":"closed","ping_status":"closed","template":"","meta":{"jetpack_post_was_ever_published":false,"footnotes":""},"class_list":["post-2419","page","type-page","status-publish","hentry"],"jetpack_sharing_enabled":true,"jetpack_shortlink":"https:\/\/wp.me\/P8tWm3-D1","_links":{"self":[{"href":"https:\/\/www.fol49.org\/laligue49\/wp-json\/wp\/v2\/pages\/2419","targetHints":{"allow":["GET"]}}],"collection":[{"href":"https:\/\/www.fol49.org\/laligue49\/wp-json\/wp\/v2\/pages"}],"about":[{"href":"https:\/\/www.fol49.org\/laligue49\/wp-json\/wp\/v2\/types\/page"}],"author":[{"embeddable":true,"href":"https:\/\/www.fol49.org\/laligue49\/wp-json\/wp\/v2\/users\/1"}],"replies":[{"embeddable":true,"href":"https:\/\/www.fol49.org\/laligue49\/wp-json\/wp\/v2\/comments?post=2419"}],"version-history":[{"count":22,"href":"https:\/\/www.fol49.org\/laligue49\/wp-json\/wp\/v2\/pages\/2419\/revisions"}],"predecessor-version":[{"id":6470,"href":"https:\/\/www.fol49.org\/laligue49\/wp-json\/wp\/v2\/pages\/2419\/revisions\/6470"}],"wp:attachment":[{"href":"https:\/\/www.fol49.org\/laligue49\/wp-json\/wp\/v2\/media?parent=2419"}],"curies":[{"name":"wp","href":"https:\/\/api.w.org\/{rel}","templated":true}]}}