{"id":24,"date":"2016-05-04T09:44:53","date_gmt":"2016-05-04T08:44:53","guid":{"rendered":"http:\/\/fol49.org\/laligue49\/?page_id=24"},"modified":"2016-09-13T14:36:00","modified_gmt":"2016-09-13T13:36:00","slug":"qui-sommes-nous","status":"publish","type":"page","link":"https:\/\/www.fol49.org\/laligue49\/qui-sommes-nous\/","title":{"rendered":"Qui sommes nous"},"content":{"rendered":"<h3><img fetchpriority=\"high\" decoding=\"async\" class=\"alignnone wp-image-168 size-full\" src=\"http:\/\/fol49.org\/laligue49\/wp-content\/uploads\/2016\/05\/La_ligue_jeunes-e1462353132606.jpg\" alt=\"La_ligue_jeunes\" width=\"600\" height=\"276\" srcset=\"https:\/\/www.fol49.org\/laligue49\/wp-content\/uploads\/2016\/05\/La_ligue_jeunes-e1462353132606.jpg 600w, https:\/\/www.fol49.org\/laligue49\/wp-content\/uploads\/2016\/05\/La_ligue_jeunes-e1462353132606-300x138.jpg 300w\" sizes=\"(max-width: 600px) 100vw, 600px\" \/><\/h3>\n<h3>Qu&#8217;est-ce que la F\u00e9d\u00e9ration des \u0152uvres La\u00efques de Maine et Loire ?<\/h3>\n<p>La F\u00e9d\u00e9ration des \u0152uvres La\u00efques de Maine et Loire est une association faisant parti de La Ligue de l&#8217;Enseignement. Cette derni\u00e8re a \u00e9t\u00e9 cr\u00e9\u00e9e en 1866 par des R\u00e9publicains soucieux de permettre \u00e0 tous d&#8217;acc\u00e9der \u00e0 l&#8217;\u00e9ducation et \u00e0 la culture. Les temps et les moyens ont chang\u00e9&#8230; Mais l&#8217;id\u00e9al demeure!<\/p>\n<p>La Ligue de l&#8217;Enseignement f\u00e9d\u00e8re 2 000 000 d&#8217;adh\u00e9rents, via ses structures d\u00e9partementales, commun\u00e9ment nomm\u00e9es F\u00e9d\u00e9ration des \u0152uvres La\u00efques &#8211; FOL. Lorsqu&#8217;elles int\u00e8grent le sport comme moteur d\u2019\u00c9ducation populaire, c&#8217;est sous les initiales d&#8217;UFOLEP (Union Fran\u00e7aise des \u0152uvres La\u00efques d\u2019\u00c9ducation Physique) ou USEP (Union Sportive des \u00c9coles Primaires).<\/p>\n<p>Aujourd&#8217;hui, La Ligue de l&#8217;enseignement est un mouvement d\u2019\u00c9ducation populaire qui contribue \u00e0 former des citoyens par le d\u00e9veloppement d&#8217;activit\u00e9s \u00e9ducatives, sociales, sportives, culturelles et de loisirs au sein d&#8217;associations f\u00e9d\u00e9r\u00e9es. La Ligue de l&#8217;enseignement permet ainsi \u00e0\u00a0des femmes et des hommes de r\u00e9fl\u00e9chir et d&#8217;agir pour une soci\u00e9t\u00e9 la\u00efque respectueuse de sa diversit\u00e9.<\/p>\n<p><span class=\"embed-youtube\" style=\"text-align:center; display: block;\"><iframe class=\"youtube-player\" width=\"650\" height=\"366\" src=\"https:\/\/www.youtube.com\/embed\/c_0LFgaGn7Y?version=3&#038;rel=1&#038;showsearch=0&#038;showinfo=1&#038;iv_load_policy=1&#038;fs=1&#038;hl=fr-FR&#038;autohide=2&#038;wmode=transparent\" allowfullscreen=\"true\" style=\"border:0;\" sandbox=\"allow-scripts allow-same-origin allow-popups allow-presentation allow-popups-to-escape-sandbox\"><\/iframe><\/span><\/p>\n","protected":false},"excerpt":{"rendered":"<p>Qu&#8217;est-ce que la F\u00e9d\u00e9ration des \u0152uvres La\u00efques de Maine et Loire ? La F\u00e9d\u00e9ration des \u0152uvres La\u00efques de Maine et Loire est une association faisant parti de La Ligue de l&#8217;Enseignement. Cette derni\u00e8re a \u00e9t\u00e9 cr\u00e9\u00e9e en 1866 par des R\u00e9publicains soucieux de permettre \u00e0 tous d&#8217;acc\u00e9der \u00e0 l&#8217;\u00e9ducation et \u00e0 la culture. Les temps &#8230;<\/p>\n","protected":false},"author":1,"featured_media":0,"parent":0,"menu_order":0,"comment_status":"closed","ping_status":"closed","template":"","meta":{"jetpack_post_was_ever_published":false,"footnotes":""},"class_list":["post-24","page","type-page","status-publish","hentry"],"jetpack_sharing_enabled":true,"jetpack_shortlink":"https:\/\/wp.me\/P8tWm3-o","_links":{"self":[{"href":"https:\/\/www.fol49.org\/laligue49\/wp-json\/wp\/v2\/pages\/24","targetHints":{"allow":["GET"]}}],"collection":[{"href":"https:\/\/www.fol49.org\/laligue49\/wp-json\/wp\/v2\/pages"}],"about":[{"href":"https:\/\/www.fol49.org\/laligue49\/wp-json\/wp\/v2\/types\/page"}],"author":[{"embeddable":true,"href":"https:\/\/www.fol49.org\/laligue49\/wp-json\/wp\/v2\/users\/1"}],"replies":[{"embeddable":true,"href":"https:\/\/www.fol49.org\/laligue49\/wp-json\/wp\/v2\/comments?post=24"}],"version-history":[{"count":13,"href":"https:\/\/www.fol49.org\/laligue49\/wp-json\/wp\/v2\/pages\/24\/revisions"}],"predecessor-version":[{"id":984,"href":"https:\/\/www.fol49.org\/laligue49\/wp-json\/wp\/v2\/pages\/24\/revisions\/984"}],"wp:attachment":[{"href":"https:\/\/www.fol49.org\/laligue49\/wp-json\/wp\/v2\/media?parent=24"}],"curies":[{"name":"wp","href":"https:\/\/api.w.org\/{rel}","templated":true}]}}