{"id":2385,"date":"2018-02-01T15:49:24","date_gmt":"2018-02-01T14:49:24","guid":{"rendered":"http:\/\/www.fol49.org\/laligue49\/?page_id=2385"},"modified":"2024-12-06T17:08:07","modified_gmt":"2024-12-06T16:08:07","slug":"jouons-la-carte-de-la-fraternite","status":"publish","type":"page","link":"https:\/\/www.fol49.org\/laligue49\/jouons-la-carte-de-la-fraternite\/","title":{"rendered":"Jouons la carte de la fraternit\u00e9"},"content":{"rendered":"\n<figure class=\"wp-block-image size-full is-resized\"><img fetchpriority=\"high\" decoding=\"async\" width=\"1280\" height=\"488\" src=\"https:\/\/www.fol49.org\/laligue49\/wp-content\/uploads\/2024\/12\/jouonslacarte2025-1280x488-1.png\" alt=\"\" class=\"wp-image-6279\" style=\"width:840px\" srcset=\"https:\/\/www.fol49.org\/laligue49\/wp-content\/uploads\/2024\/12\/jouonslacarte2025-1280x488-1.png 1280w, https:\/\/www.fol49.org\/laligue49\/wp-content\/uploads\/2024\/12\/jouonslacarte2025-1280x488-1-300x114.png 300w, https:\/\/www.fol49.org\/laligue49\/wp-content\/uploads\/2024\/12\/jouonslacarte2025-1280x488-1-1024x390.png 1024w, https:\/\/www.fol49.org\/laligue49\/wp-content\/uploads\/2024\/12\/jouonslacarte2025-1280x488-1-768x293.png 768w\" sizes=\"(max-width: 1280px) 100vw, 1280px\" \/><\/figure>\n\n\n\n<div class=\"wp-block-columns is-layout-flex wp-container-core-columns-is-layout-9d6595d7 wp-block-columns-is-layout-flex\">\n<div class=\"wp-block-column is-layout-flow wp-block-column-is-layout-flow\">\n<h3 class=\"wp-block-heading\"><strong>Une op\u00e9ration po\u00e9tique et politique<\/strong><\/h3>\n\n\n\n<p>Chaque ann\u00e9e, la Ligue de l&#8217;enseignement porte et anime le <strong>dispositif Jouons la Carte de la Fraternit\u00e9<\/strong>, une op\u00e9ration de sensibilisation au respect et \u00e0 la lutte contre les discriminations sur la base d&#8217;ateliers d&#8217;\u00e9criture et d&#8217;analyse de photographies.<\/p>\n\n\n\n<p>Gr\u00e2ce \u00e0 cette op\u00e9ration, les jeunes sont invit\u00e9\u00b7e.s \u00e0 <strong>d\u00e9construire leurs repr\u00e9sentations et s\u2019exprimer sur diff\u00e9rents sujets de soci\u00e9t\u00e9<\/strong>.<\/p>\n<\/div>\n\n\n\n<div class=\"wp-block-column is-layout-flow wp-block-column-is-layout-flow\">\n<figure class=\"wp-block-embed is-type-video is-provider-youtube wp-block-embed-youtube wp-embed-aspect-16-9 wp-has-aspect-ratio\"><div class=\"wp-block-embed__wrapper\">\n<span class=\"embed-youtube\" style=\"text-align:center; display: block;\"><iframe class=\"youtube-player\" width=\"650\" height=\"366\" src=\"https:\/\/www.youtube.com\/embed\/LMlcrsNU_7w?version=3&#038;rel=1&#038;showsearch=0&#038;showinfo=1&#038;iv_load_policy=1&#038;fs=1&#038;hl=fr-FR&#038;autohide=2&#038;wmode=transparent\" allowfullscreen=\"true\" style=\"border:0;\" sandbox=\"allow-scripts allow-same-origin allow-popups allow-presentation allow-popups-to-escape-sandbox\"><\/iframe><\/span>\n<\/div><\/figure>\n<\/div>\n<\/div>\n\n\n\n<p>Les cartes de Fraternit\u00e9 sont envoy\u00e9es \u00e0 des correspondant.e.s pour<strong> sensibiliser le plus grand nombre \u00e0 la lutte pour les \u00e9galit\u00e9s de traitement<\/strong> <strong>et \u00e0 la fraternit\u00e9.<\/strong><\/p>\n\n\n\n<p>A l\u2019occasion du <strong>21 mars<\/strong>, d\u00e9clar\u00e9 <strong>\u00ab Journ\u00e9e internationale pour l\u2019\u00e9limination des discriminations \u00bb<\/strong>, plus de 150 000 personnes adressent ainsi un message de fraternit\u00e9 \u00e0 des inconnu.e.s ou partenair.e.s de leur territoire ou \u00e0 l\u2019\u00e9tranger \u00a0sur une carte postale, les invitant \u00e0 y r\u00e9pondre.<\/p>\n\n\n\n<h3 class=\"wp-block-heading\"><strong>Commande de mat\u00e9riel<\/strong><\/h3>\n\n\n\n<p><strong>La FOL49 recense les commandes pour les structures du Maine et Loire afin de recevoir le kit complet\u00a0:<\/strong><\/p>\n\n\n\n<div class=\"wp-block-columns is-layout-flex wp-container-core-columns-is-layout-9d6595d7 wp-block-columns-is-layout-flex\">\n<div class=\"wp-block-column is-layout-flow wp-block-column-is-layout-flow\">\n<ul class=\"wp-block-list\">\n<li>Affiche de communication (dispo janv.25)<em> <\/em><\/li>\n\n\n\n<li>Posters photos<\/li>\n\n\n\n<li>Cartes de la fraternit\u00e9<\/li>\n\n\n\n<li>Dossier p\u00e9dagogique (dispo janv.25)<\/li>\n<\/ul>\n<\/div>\n<\/div>\n\n\n\n<p>Ces outils sont disponibles gratuitement sur inscription<br><strong>! COMMANDE A FAIRE AVANT LE\u00a0 5 DECEMBRE 2024\u00a0!<\/strong><br>A r\u00e9cup\u00e9rer au si\u00e8ge de notre association ou par envoi postal (les frais d\u2019exp\u00e9dition sont \u00e0 votre charge).<\/p>\n\n\n<a class=\"maxbutton-92 maxbutton maxbutton-cartes-de-la-fraternite\" target=\"_blank\" rel=\"noopener\" href=\"https:\/\/docs.google.com\/forms\/d\/e\/1FAIpQLScxzAzgG6-k-I6bIrsd7zN8rrz9k-c4hu_XVtROwr8SN01_Aw\/viewform\"><span class='mb-text'>R\u00e9servation Cartes de la fraternit\u00e9<\/span><\/a>\n\n\n<div style=\"height:100px\" aria-hidden=\"true\" class=\"wp-block-spacer\"><\/div>\n\n\n\n<h3 class=\"wp-block-heading\"><strong>Compl\u00e9ment (sur devis)<\/strong><\/h3>\n\n\n\n<p>La FOL49 peut vous accompagner dans la mise en place de l\u2019op\u00e9ration avec :<\/p>\n\n\n\n<ul class=\"wp-block-list\">\n<li>La mise en relation avec d\u2019autres \u00e9tablissements participants au projet.<\/li>\n\n\n\n<li>Des modules sur la lecture d\u2019images, l\u2019ateliers d\u2019\u00e9criture et mener un d\u00e9bat.<\/li>\n\n\n\n<li>Des formations sur La Luttes contre les Discriminations et La La\u00efcit\u00e9.<\/li>\n\n\n\n<li><a href=\"https:\/\/www.fol49.org\/laligue49\/malles-pedagogiques\/\">La location de malles p\u00e9dagogiques <\/a><\/li>\n<\/ul>\n\n\n\n<p><\/p>\n","protected":false},"excerpt":{"rendered":"<p>Une op\u00e9ration po\u00e9tique et politique Chaque ann\u00e9e, la Ligue de l&#8217;enseignement porte et anime le dispositif Jouons la Carte de la Fraternit\u00e9, une op\u00e9ration de sensibilisation au respect et \u00e0 la lutte contre les discriminations sur la base d&#8217;ateliers d&#8217;\u00e9criture et d&#8217;analyse de photographies. Gr\u00e2ce \u00e0 cette op\u00e9ration, les jeunes sont invit\u00e9\u00b7e.s \u00e0 d\u00e9construire leurs &#8230;<\/p>\n","protected":false},"author":1,"featured_media":0,"parent":0,"menu_order":0,"comment_status":"closed","ping_status":"closed","template":"","meta":{"jetpack_post_was_ever_published":false,"footnotes":""},"class_list":["post-2385","page","type-page","status-publish","hentry"],"jetpack_sharing_enabled":true,"jetpack_shortlink":"https:\/\/wp.me\/P8tWm3-Ct","_links":{"self":[{"href":"https:\/\/www.fol49.org\/laligue49\/wp-json\/wp\/v2\/pages\/2385","targetHints":{"allow":["GET"]}}],"collection":[{"href":"https:\/\/www.fol49.org\/laligue49\/wp-json\/wp\/v2\/pages"}],"about":[{"href":"https:\/\/www.fol49.org\/laligue49\/wp-json\/wp\/v2\/types\/page"}],"author":[{"embeddable":true,"href":"https:\/\/www.fol49.org\/laligue49\/wp-json\/wp\/v2\/users\/1"}],"replies":[{"embeddable":true,"href":"https:\/\/www.fol49.org\/laligue49\/wp-json\/wp\/v2\/comments?post=2385"}],"version-history":[{"count":18,"href":"https:\/\/www.fol49.org\/laligue49\/wp-json\/wp\/v2\/pages\/2385\/revisions"}],"predecessor-version":[{"id":6285,"href":"https:\/\/www.fol49.org\/laligue49\/wp-json\/wp\/v2\/pages\/2385\/revisions\/6285"}],"wp:attachment":[{"href":"https:\/\/www.fol49.org\/laligue49\/wp-json\/wp\/v2\/media?parent=2385"}],"curies":[{"name":"wp","href":"https:\/\/api.w.org\/{rel}","templated":true}]}}