{"id":2361,"date":"2018-02-14T15:13:33","date_gmt":"2018-02-14T14:13:33","guid":{"rendered":"http:\/\/www.fol49.org\/laligue49\/?page_id=2361"},"modified":"2018-04-03T15:41:06","modified_gmt":"2018-04-03T14:41:06","slug":"groupes-entreprises-collectivites","status":"publish","type":"page","link":"https:\/\/www.fol49.org\/laligue49\/groupes-entreprises-collectivites\/","title":{"rendered":"Groupes &#8211; Associations &#8211; Comit\u00e9s d&#8217;Entreprises"},"content":{"rendered":"<h5 style=\"text-align: left;\">Notre \u00e9tablissement est sp\u00e9cialis\u00e9 dans l\u2019accueil des <strong>groupes enfants<\/strong> ou<strong> adultes,<\/strong> et ce <strong>toute l\u2019ann\u00e9e et tous les jours.<\/strong><\/h5>\n<p style=\"text-align: left;\">Plusieurs formules sont ajustables \u00e0 tous les projets, <strong>\u00e0 la journ\u00e9e ou en s\u00e9jours<\/strong>, avec les services d\u2019<strong>h\u00e9bergement<\/strong> et\/ou de <strong>restauration<\/strong> et l\u2019encadrement d\u2019<strong>activit\u00e9s<\/strong> par notre \u00e9quipe d\u2019\u00e9ducateurs professionnels.<br \/>\nN\u2019h\u00e9sitez pas \u00e0 nous contacter pour affiner votre id\u00e9e !<\/p>\n<p style=\"text-align: center;\">\u00a0 <a href=\"https:\/\/www.fol49.org\/laligue49\/groupes-adultes\/\"><img decoding=\"async\" class=\"alignnone size-full wp-image-2813\" src=\"https:\/\/www.fol49.org\/laligue49\/wp-content\/uploads\/2018\/04\/adultes3-e1522764575353.png\" alt=\"\" width=\"150\" height=\"145\" \/><\/a>\u00a0<a href=\"https:\/\/www.fol49.org\/laligue49\/groupes-enfants\/\"><img decoding=\"async\" class=\"alignnone size-full wp-image-2814\" src=\"https:\/\/www.fol49.org\/laligue49\/wp-content\/uploads\/2018\/04\/enfants3-e1522764675116.png\" alt=\"\" width=\"150\" height=\"154\" \/><\/a><\/p>\n<p style=\"text-align: left;\">\n","protected":false},"excerpt":{"rendered":"<p>Notre \u00e9tablissement est sp\u00e9cialis\u00e9 dans l\u2019accueil des groupes enfants ou adultes, et ce toute l\u2019ann\u00e9e et tous les jours. Plusieurs formules sont ajustables \u00e0 tous les projets, \u00e0 la journ\u00e9e ou en s\u00e9jours, avec les services d\u2019h\u00e9bergement et\/ou de restauration et l\u2019encadrement d\u2019activit\u00e9s par notre \u00e9quipe d\u2019\u00e9ducateurs professionnels. N\u2019h\u00e9sitez pas \u00e0 nous contacter pour affiner &#8230;<\/p>\n","protected":false},"author":1,"featured_media":0,"parent":0,"menu_order":0,"comment_status":"closed","ping_status":"closed","template":"","meta":{"jetpack_post_was_ever_published":false,"footnotes":""},"class_list":["post-2361","page","type-page","status-publish","hentry"],"jetpack_sharing_enabled":true,"jetpack_shortlink":"https:\/\/wp.me\/P8tWm3-C5","_links":{"self":[{"href":"https:\/\/www.fol49.org\/laligue49\/wp-json\/wp\/v2\/pages\/2361","targetHints":{"allow":["GET"]}}],"collection":[{"href":"https:\/\/www.fol49.org\/laligue49\/wp-json\/wp\/v2\/pages"}],"about":[{"href":"https:\/\/www.fol49.org\/laligue49\/wp-json\/wp\/v2\/types\/page"}],"author":[{"embeddable":true,"href":"https:\/\/www.fol49.org\/laligue49\/wp-json\/wp\/v2\/users\/1"}],"replies":[{"embeddable":true,"href":"https:\/\/www.fol49.org\/laligue49\/wp-json\/wp\/v2\/comments?post=2361"}],"version-history":[{"count":21,"href":"https:\/\/www.fol49.org\/laligue49\/wp-json\/wp\/v2\/pages\/2361\/revisions"}],"predecessor-version":[{"id":2822,"href":"https:\/\/www.fol49.org\/laligue49\/wp-json\/wp\/v2\/pages\/2361\/revisions\/2822"}],"wp:attachment":[{"href":"https:\/\/www.fol49.org\/laligue49\/wp-json\/wp\/v2\/media?parent=2361"}],"curies":[{"name":"wp","href":"https:\/\/api.w.org\/{rel}","templated":true}]}}