{"id":2359,"date":"2018-02-14T12:41:19","date_gmt":"2018-02-14T11:41:19","guid":{"rendered":"http:\/\/www.fol49.org\/laligue49\/?page_id=2359"},"modified":"2021-09-23T14:21:38","modified_gmt":"2021-09-23T13:21:38","slug":"le-centre-bouesse-la-garenne","status":"publish","type":"page","link":"https:\/\/www.fol49.org\/laligue49\/le-centre-bouesse-la-garenne\/","title":{"rendered":"Le service Groupes et Location (dont le Centre Bou\u00ebss\u00e9-La Garenne\u2026)"},"content":{"rendered":"<h2 style=\"text-align: center;\">\u00a0 \u00a0 \u00a0<img decoding=\"async\" class=\"alignnone wp-image-2795\" src=\"https:\/\/www.fol49.org\/laligue49\/wp-content\/uploads\/2018\/03\/Sans-titre-6.png\" alt=\"\" width=\"100\" height=\"100\" \/> \u00a0 \u00a0\u00a0 <img decoding=\"async\" class=\"alignnone wp-image-2789\" src=\"https:\/\/www.fol49.org\/laligue49\/wp-content\/uploads\/2018\/03\/icone-1.png\" alt=\"\" width=\"101\" height=\"100\" \/> \u00a0 \u00a0\u00a0 <img decoding=\"async\" class=\"alignnone wp-image-2793\" src=\"https:\/\/www.fol49.org\/laligue49\/wp-content\/uploads\/2018\/03\/Sans-titre-4.png\" alt=\"\" width=\"99\" height=\"100\" \/><\/h2>\n<h5 style=\"text-align: right;\">\u2026 g\u00e8re des centres d&#8217;activit\u00e9s, d&#8217;h\u00e9bergements et de restauration.<\/h5>\n<h6 style=\"text-align: center;\"><span style=\"color: #71a87d;\">\u00c0 PROPOS<\/span><\/h6>\n<hr \/>\n<p style=\"text-align: center;\">Notre service Groupes et Location g\u00e8rent des centres d&#8217;accueil <strong>ouvert toute l&#8217;ann\u00e9e<\/strong> \u00e0 destination des enfants et des adultes, proposant diff\u00e9rentes formules de <strong>s\u00e9jours et de locations et selon plusieurs destinations (Mer, campagne, Ville, Montagne).<\/strong><\/p>\n<p style=\"text-align: center;\">Partant des principes de l&#8217;\u00c9ducation Populaire, nous organisons aussi des <strong>activit\u00e9s sportives, environnementales et culturelles<\/strong> au sein de nos infrastructures int\u00e9rieures et ext\u00e9rieures ou sur site.<\/p>\n<p style=\"text-align: center;\">Une \u00e9quipe pluridisciplinaire vous re\u00e7oit et vous accompagne tout au long de votre s\u00e9jour sur notre site.<\/p>\n<h6 style=\"text-align: center;\"><span style=\"color: #71a87d;\">NOS SERVICES<\/span><\/h6>\n<hr \/>\n<p style=\"text-align: center;\"><a href=\"https:\/\/www.fol49.org\/laligue49\/locations-gestion-libre\/\"><img loading=\"lazy\" decoding=\"async\" class=\"alignnone size-full wp-image-2782\" src=\"https:\/\/www.fol49.org\/laligue49\/wp-content\/uploads\/2018\/03\/Sans-titre-9-e1522144616573.png\" alt=\"\" width=\"150\" height=\"141\" \/><\/a> \u00a0 \u00a0\u00a0 <a href=\"https:\/\/www.fol49.org\/laligue49\/groupes-entreprises-collectivites\/\"><img loading=\"lazy\" decoding=\"async\" class=\"alignnone size-full wp-image-2780\" src=\"https:\/\/www.fol49.org\/laligue49\/wp-content\/uploads\/2018\/03\/Sans-titre-7-e1522144684616.png\" alt=\"\" width=\"150\" height=\"144\" \/><\/a> \u00a0 \u00a0\u00a0 <a href=\"https:\/\/www.fol49.org\/laligue49\/entreprises\/\"><img loading=\"lazy\" decoding=\"async\" class=\"alignnone size-full wp-image-2781\" src=\"https:\/\/www.fol49.org\/laligue49\/wp-content\/uploads\/2018\/03\/Sans-titre-8-e1522144706800.png\" alt=\"\" width=\"150\" height=\"144\" \/><\/a><\/p>\n<p style=\"text-align: center;\"><a href=\"https:\/\/www.fol49.org\/laligue49\/loisirs-enfants-individuels\/\"><img loading=\"lazy\" decoding=\"async\" class=\"alignnone size-full wp-image-2784\" src=\"https:\/\/www.fol49.org\/laligue49\/wp-content\/uploads\/2018\/03\/Sans-titre-52-e1522145016427.png\" alt=\"\" width=\"150\" height=\"149\" \/><\/a> \u00a0 \u00a0\u00a0 <a href=\"https:\/\/www.fol49.org\/laligue49\/loisirs-adultes\/\"><img loading=\"lazy\" decoding=\"async\" class=\"alignnone wp-image-2785 size-full\" src=\"https:\/\/www.fol49.org\/laligue49\/wp-content\/uploads\/2018\/03\/Sans-titre-62-e1522145046268.png\" alt=\"\" width=\"150\" height=\"150\" \/><\/a><\/p>\n<p style=\"text-align: left;\"><strong><a href=\"https:\/\/www.fol49.org\/laligue49\/wp-content\/uploads\/2018\/02\/Pr\u00e9sentation-Centre-dEducation-Populaire.pdf\"><img loading=\"lazy\" decoding=\"async\" class=\"alignnone size-full wp-image-1834\" src=\"https:\/\/www.fol49.org\/laligue49\/wp-content\/uploads\/2017\/04\/picto-telechargement-01-e1491490512395.png\" alt=\"\" width=\"40\" height=\"41\" \/><\/a>\u00a0Pr\u00e9sentation g\u00e9n\u00e9rale de l&#8217;\u00e9tablissement\u00a0<\/strong><\/p>\n","protected":false},"excerpt":{"rendered":"<p>\u00a0 \u00a0 \u00a0 \u00a0 \u00a0\u00a0 \u00a0 \u00a0\u00a0 \u2026 g\u00e8re des centres d&#8217;activit\u00e9s, d&#8217;h\u00e9bergements et de restauration. \u00c0 PROPOS Notre service Groupes et Location g\u00e8rent des centres d&#8217;accueil ouvert toute l&#8217;ann\u00e9e \u00e0 destination des enfants et des adultes, proposant diff\u00e9rentes formules de s\u00e9jours et de locations et selon plusieurs destinations (Mer, campagne, Ville, Montagne). Partant des &#8230;<\/p>\n","protected":false},"author":1,"featured_media":0,"parent":0,"menu_order":0,"comment_status":"closed","ping_status":"closed","template":"","meta":{"jetpack_post_was_ever_published":false,"footnotes":""},"class_list":["post-2359","page","type-page","status-publish","hentry"],"jetpack_sharing_enabled":true,"jetpack_shortlink":"https:\/\/wp.me\/P8tWm3-C3","_links":{"self":[{"href":"https:\/\/www.fol49.org\/laligue49\/wp-json\/wp\/v2\/pages\/2359","targetHints":{"allow":["GET"]}}],"collection":[{"href":"https:\/\/www.fol49.org\/laligue49\/wp-json\/wp\/v2\/pages"}],"about":[{"href":"https:\/\/www.fol49.org\/laligue49\/wp-json\/wp\/v2\/types\/page"}],"author":[{"embeddable":true,"href":"https:\/\/www.fol49.org\/laligue49\/wp-json\/wp\/v2\/users\/1"}],"replies":[{"embeddable":true,"href":"https:\/\/www.fol49.org\/laligue49\/wp-json\/wp\/v2\/comments?post=2359"}],"version-history":[{"count":75,"href":"https:\/\/www.fol49.org\/laligue49\/wp-json\/wp\/v2\/pages\/2359\/revisions"}],"predecessor-version":[{"id":5110,"href":"https:\/\/www.fol49.org\/laligue49\/wp-json\/wp\/v2\/pages\/2359\/revisions\/5110"}],"wp:attachment":[{"href":"https:\/\/www.fol49.org\/laligue49\/wp-json\/wp\/v2\/media?parent=2359"}],"curies":[{"name":"wp","href":"https:\/\/api.w.org\/{rel}","templated":true}]}}