{"id":2344,"date":"2018-01-25T11:04:19","date_gmt":"2018-01-25T10:04:19","guid":{"rendered":"http:\/\/www.fol49.org\/laligue49\/?page_id=2344"},"modified":"2025-12-01T15:44:27","modified_gmt":"2025-12-01T14:44:27","slug":"basicompta","status":"publish","type":"page","link":"https:\/\/www.fol49.org\/laligue49\/basicompta\/","title":{"rendered":"Basicompta"},"content":{"rendered":"<h3>BasiCompta : Un logiciel de comptabilit\u00e9 pour les associations<\/h3>\n<p>La FOL 49 vous propose d&#8217;acc\u00e9der \u00e0 un logiciel en ligne qui vous permet de g\u00e9rer votre tr\u00e9sorerie en toute simplicit\u00e9.<\/p>\n<hr \/><hr \/>\n<p><a href=\"https:\/\/www.fol49.org\/laligue49\/wp-content\/uploads\/2018\/01\/bandeau-basicompta-01.jpg\"><img fetchpriority=\"high\" decoding=\"async\" class=\"alignleft size-large wp-image-2350\" src=\"https:\/\/www.fol49.org\/laligue49\/wp-content\/uploads\/2018\/01\/bandeau-basicompta-01-1024x150.jpg\" alt=\"\" width=\"650\" height=\"95\" srcset=\"https:\/\/www.fol49.org\/laligue49\/wp-content\/uploads\/2018\/01\/bandeau-basicompta-01-1024x150.jpg 1024w, https:\/\/www.fol49.org\/laligue49\/wp-content\/uploads\/2018\/01\/bandeau-basicompta-01-300x44.jpg 300w, https:\/\/www.fol49.org\/laligue49\/wp-content\/uploads\/2018\/01\/bandeau-basicompta-01-768x113.jpg 768w\" sizes=\"(max-width: 650px) 100vw, 650px\" \/><\/a><\/p>\n<h4>Quels avantages ?<\/h4>\n<p><strong>Gr\u00e2ce \u00e0 BasiCompta, les utilisateurs peuvent :<\/strong><\/p>\n<ul>\n<li>Saisir les pi\u00e8ces comptables tr\u00e8s simplement. On retrouve les libell\u00e9s propres aux associations en quelques clics<\/li>\n<li>B\u00e9n\u00e9ficier d&#8217;un journal permettant de visualiser, rechercher et modifier n&#8217;importe quelle pi\u00e8ce<\/li>\n<li>\u00c9diter automatiquement le compte de r\u00e9sultat au format Cerfa, n\u00e9cessaire pour les demandes de subventions<\/li>\n<li>\u00c9diter automatiquement le bilan comptable de l&#8217;association<\/li>\n<li>R\u00e9aliser un suivi de sa comptabilit\u00e9 par action<\/li>\n<li>Suivre les soldes bancaires<\/li>\n<li>G\u00e9rer les amortissements<\/li>\n<li>Saisir des charges et produits constat\u00e9s d&#8217;avance<\/li>\n<li>Faciliter le transfert de la comptabilit\u00e9 d&#8217;un tr\u00e9sorier \u00e0 un autre<\/li>\n<li>B\u00e9n\u00e9ficier de l&#8217;aide de notre f\u00e9d\u00e9ration sur demande<\/li>\n<\/ul>\n<h4>\u00a0<\/h4>\n<p><iframe src=\"https:\/\/www.youtube.com\/embed\/GhsqZyN8sAc\" width=\"560\" height=\"315\" frameborder=\"0\" allowfullscreen=\"allowfullscreen\"><\/iframe><\/p>\n<h4>\u00a0<\/h4>\n<h4>Pour qui ?<\/h4>\n<ul>\n<li>Dirigeants et tr\u00e9soriers d\u2019associations<\/li>\n<li>Pour tous les niveaux de connaissance en comptabilit\u00e9<\/li>\n<\/ul>\n<h4>Comment \u00e7a marche ?<\/h4>\n<ul>\n<li>Utilisable sans installation de logiciel<\/li>\n<li>Accessible en ligne (sur Internet)<\/li>\n<\/ul>\n<h4>Comment b\u00e9n\u00e9ficier du service ?<\/h4>\n<ul>\n<li>Vous faire connaitre aupr\u00e8s de la FOL 49<\/li>\n<li>Signer une convention d\u2019utilisation<\/li>\n<li>Suivre une formation de 2h30<\/li>\n<\/ul>\n<h4>Combien \u00e7a co\u00fbte ?<\/h4>\n<p><strong>Formation \/ param\u00e9trage de 2h30 :<\/strong><br \/>Associations socio-culturelles non affili\u00e9es : 40 \u20ac*<br \/>Associations affili\u00e9es (FOL49, USEP49, UFOLEP49) : Gratuit<\/p>\n<p><strong>Acc\u00e8s au logiciel en ligne (cotisation ann\u00e9e civile) :<\/strong><br \/>Associations socio-culturelles non affili\u00e9es : 60 \u20ac*<br \/>Associations affili\u00e9es (FOL49, USEP49, UFOLEP49) : 45 \u20ac<\/p>\n<p><em>*Pour les associations sportives du d\u00e9partement (or USEP et UFOLEP) contactez le CDOS 49<\/em><\/p>\n<h4>Plus d&#8217;informations sur : <a href=\"https:\/\/basicompta.fr\/\" target=\"_blank\" rel=\"noopener\">https:\/\/basicompta.fr\/<\/a><\/h4>\n<p>ou aupr\u00e8s de Pascal CHEREL &#8211; 02 41 96 11 58 ou <a href=\"mailto:pcherel@fol49.org\">pcherel@fol49.org<\/a><\/p>\n<p>\u00a0<\/p>\n\n\n<p><\/p>\n","protected":false},"excerpt":{"rendered":"<p>BasiCompta : Un logiciel de comptabilit\u00e9 pour les associations La FOL 49 vous propose d&#8217;acc\u00e9der \u00e0 un logiciel en ligne qui vous permet de g\u00e9rer votre tr\u00e9sorerie en toute simplicit\u00e9. Quels avantages ? Gr\u00e2ce \u00e0 BasiCompta, les utilisateurs peuvent : Saisir les pi\u00e8ces comptables tr\u00e8s simplement. On retrouve les libell\u00e9s propres aux associations en quelques &#8230;<\/p>\n","protected":false},"author":1,"featured_media":0,"parent":0,"menu_order":0,"comment_status":"closed","ping_status":"closed","template":"","meta":{"jetpack_post_was_ever_published":false,"footnotes":""},"class_list":["post-2344","page","type-page","status-publish","hentry"],"jetpack_sharing_enabled":true,"jetpack_shortlink":"https:\/\/wp.me\/P8tWm3-BO","_links":{"self":[{"href":"https:\/\/www.fol49.org\/laligue49\/wp-json\/wp\/v2\/pages\/2344","targetHints":{"allow":["GET"]}}],"collection":[{"href":"https:\/\/www.fol49.org\/laligue49\/wp-json\/wp\/v2\/pages"}],"about":[{"href":"https:\/\/www.fol49.org\/laligue49\/wp-json\/wp\/v2\/types\/page"}],"author":[{"embeddable":true,"href":"https:\/\/www.fol49.org\/laligue49\/wp-json\/wp\/v2\/users\/1"}],"replies":[{"embeddable":true,"href":"https:\/\/www.fol49.org\/laligue49\/wp-json\/wp\/v2\/comments?post=2344"}],"version-history":[{"count":34,"href":"https:\/\/www.fol49.org\/laligue49\/wp-json\/wp\/v2\/pages\/2344\/revisions"}],"predecessor-version":[{"id":6615,"href":"https:\/\/www.fol49.org\/laligue49\/wp-json\/wp\/v2\/pages\/2344\/revisions\/6615"}],"wp:attachment":[{"href":"https:\/\/www.fol49.org\/laligue49\/wp-json\/wp\/v2\/media?parent=2344"}],"curies":[{"name":"wp","href":"https:\/\/api.w.org\/{rel}","templated":true}]}}