{"id":2257,"date":"2017-12-18T10:36:37","date_gmt":"2017-12-18T09:36:37","guid":{"rendered":"http:\/\/www.fol49.org\/laligue49\/?page_id=2257"},"modified":"2020-02-03T17:23:46","modified_gmt":"2020-02-03T16:23:46","slug":"team-building-solidaire","status":"publish","type":"page","link":"https:\/\/www.fol49.org\/laligue49\/team-building-solidaire\/","title":{"rendered":"Team Building Solidaire"},"content":{"rendered":"<h4 style=\"text-align: center;\"><\/h4>\n<p>Le Centre Bou\u00ebss\u00e9 &#8211; La Garenne vous propose des <strong>chantiers de coh\u00e9sion d&#8217;\u00e9quipe<\/strong>,<br \/>\npour les <strong>entreprises et collaborateurs<\/strong>, qui souhaitent contribuer \u00e0 un chantier solidaire <strong>au b\u00e9n\u00e9fice d&#8217;enfants et familles<\/strong>, et ainsi apporter un soutien r\u00e9el \u00e0 notre association autour de projets concrets.<br \/>\nNous prenons en charge l&#8217;accueil, les repas, ainsi que le mat\u00e9riel n\u00e9cessaire aux chantiers.<\/p>\n<figure id=\"attachment_2514\" aria-describedby=\"caption-attachment-2514\" style=\"width: 576px\" class=\"wp-caption alignnone\"><img fetchpriority=\"high\" decoding=\"async\" class=\"wp-image-2514 \" src=\"https:\/\/www.fol49.org\/laligue49\/wp-content\/uploads\/2018\/02\/iStock-668218790-ConvertImage.jpg\" alt=\"\" width=\"576\" height=\"215\" srcset=\"https:\/\/www.fol49.org\/laligue49\/wp-content\/uploads\/2018\/02\/iStock-668218790-ConvertImage.jpg 1388w, https:\/\/www.fol49.org\/laligue49\/wp-content\/uploads\/2018\/02\/iStock-668218790-ConvertImage-300x112.jpg 300w, https:\/\/www.fol49.org\/laligue49\/wp-content\/uploads\/2018\/02\/iStock-668218790-ConvertImage-768x287.jpg 768w, https:\/\/www.fol49.org\/laligue49\/wp-content\/uploads\/2018\/02\/iStock-668218790-ConvertImage-1024x383.jpg 1024w\" sizes=\"(max-width: 576px) 100vw, 576px\" \/><figcaption id=\"caption-attachment-2514\" class=\"wp-caption-text\">Un projet solidaire pour mobiliser vos collaborateurs<\/figcaption><\/figure>\n<p>&gt; <strong>T\u00e9l\u00e9charger la brochure <\/strong><a href=\"https:\/\/www.fol49.org\/laligue49\/wp-content\/uploads\/2020\/02\/Depliant-Team-Building-Solidaire-2019.pdf\" target=\"_blank\" rel=\"noopener noreferrer\"><img decoding=\"async\" class=\"alignnone wp-image-1834 size-full\" src=\"https:\/\/www.fol49.org\/laligue49\/wp-content\/uploads\/2017\/04\/picto-telechargement-01-e1491490512395.png\" alt=\"\" width=\"40\" height=\"41\" \/><\/a><\/p>\n<p style=\"text-align: left;\"><div id=\"accordion-1\" class=\"accordion no-js\"><br \/>\n\n\t\t\t\t\t<h3 role=\"button\" id=\"accordion-1-t1\" class=\"accordion-title js-accordion-controller\" aria-controls=\"accordion-1-c1\" aria-expanded=\"false\" tabindex=\"0\">\n\t\t\t\tPourquoi choisir un Team Building Solidaire?\t\t\t<\/h3>\n\t\t\n\t\t<div id=\"accordion-1-c1\" class=\"accordion-content\" aria-hidden=\"true\">\n\t\t\t<\/p>\n<h6 style=\"text-align: left;\">Les b\u00e9n\u00e9fices\u00a0d&#8217;un projet solidaire sont multiples :<\/h6>\n<p><img decoding=\"async\" class=\"wp-image-2529 alignleft\" src=\"https:\/\/www.fol49.org\/laligue49\/wp-content\/uploads\/2018\/02\/iStock-668218230.jpg\" alt=\"\" width=\"218\" height=\"222\" srcset=\"https:\/\/www.fol49.org\/laligue49\/wp-content\/uploads\/2018\/02\/iStock-668218230.jpg 865w, https:\/\/www.fol49.org\/laligue49\/wp-content\/uploads\/2018\/02\/iStock-668218230-295x300.jpg 295w, https:\/\/www.fol49.org\/laligue49\/wp-content\/uploads\/2018\/02\/iStock-668218230-768x782.jpg 768w\" sizes=\"(max-width: 218px) 100vw, 218px\" \/><\/p>\n<ul>\n<li>Favoriser la coh\u00e9sion et l&#8217;esprit d&#8217;\u00e9quipe<\/li>\n<li>Dynamiser vos collaborateurs et l&#8217;entreprise<\/li>\n<li>Vivre une exp\u00e9rience humaine, charg\u00e9e de sens<\/li>\n<li>Am\u00e9liorer l&#8217;environnement et l&#8217;accueil et des enfants<\/li>\n<\/ul>\n<p>\t\t<\/div>\n\n\t\t<br \/>\n\n\t\t\t\t\t<h3 role=\"button\" id=\"accordion-1-t2\" class=\"accordion-title js-accordion-controller\" aria-controls=\"accordion-1-c2\" aria-expanded=\"false\" tabindex=\"0\">\n\t\t\t\tLes th\u00e9matiques de chantier\t\t\t<\/h3>\n\t\t\n\t\t<div id=\"accordion-1-c2\" class=\"accordion-content\" aria-hidden=\"true\">\n\t\t\t<\/p>\n<p>Nous vous proposons diff\u00e9rentes missions autour de quatre th\u00e9matiques, \u00e0 vous d&#8217;inventer votre journ\u00e9e !<\/p>\n<p><img loading=\"lazy\" decoding=\"async\" class=\"alignnone wp-image-2521\" src=\"https:\/\/www.fol49.org\/laligue49\/wp-content\/uploads\/2018\/02\/th\u00e9matiques.jpg\" alt=\"\" width=\"300\" height=\"276\" srcset=\"https:\/\/www.fol49.org\/laligue49\/wp-content\/uploads\/2018\/02\/th\u00e9matiques.jpg 3770w, https:\/\/www.fol49.org\/laligue49\/wp-content\/uploads\/2018\/02\/th\u00e9matiques-300x275.jpg 300w, https:\/\/www.fol49.org\/laligue49\/wp-content\/uploads\/2018\/02\/th\u00e9matiques-768x705.jpg 768w, https:\/\/www.fol49.org\/laligue49\/wp-content\/uploads\/2018\/02\/th\u00e9matiques-1024x940.jpg 1024w\" sizes=\"(max-width: 300px) 100vw, 300px\" \/><\/p>\n<p>\t\t<\/div>\n\n\t\t<br \/>\n\n\t\t\t\t\t<h3 role=\"button\" id=\"accordion-1-t3\" class=\"accordion-title js-accordion-controller\" aria-controls=\"accordion-1-c3\" aria-expanded=\"false\" tabindex=\"0\">\n\t\t\t\tLe d\u00e9roulement de la journ\u00e9e\t\t\t<\/h3>\n\t\t\n\t\t<div id=\"accordion-1-c3\" class=\"accordion-content\" aria-hidden=\"true\">\n\t\t\t<\/p>\n<p style=\"text-align: center;\">Au coeur d&#8217;un centre de loisirs et de tourisme, \u00e0 proximit\u00e9 d&#8217;un environnement naturel et bois\u00e9, la journ\u00e9e s&#8217;articule autour de <strong>deux chantiers principaux<\/strong> men\u00e9s en \u00e9quipe.<br \/>\nApr\u00e8s un temps d&#8217;accueil et d&#8217;\u00e9changes autour d&#8217;une collation, un premier chantier sera l&#8217;occasion d&#8217;amorcer une interactivit\u00e9 et un esprit d&#8217;\u00e9quipe entre collaborateurs, consolid\u00e9s lors d&#8217;un deuxi\u00e8me chantier dans la seconde partie de la journ\u00e9e.<\/p>\n<p style=\"text-align: center;\">Sp\u00e9cialis\u00e9e dans<strong> les activit\u00e9s sportives<\/strong> et l&#8217;\u00e9ducation environnementale, l&#8217;\u00e9quipe du centre vous propose des <strong>animations collectives,<\/strong> dans l&#8217;optique d&#8217;achever la journ\u00e9e sur un moment de d\u00e9tente et de bonne humeur.<\/p>\n<p><img loading=\"lazy\" decoding=\"async\" class=\"alignnone wp-image-2522\" src=\"https:\/\/www.fol49.org\/laligue49\/wp-content\/uploads\/2018\/02\/activit\u00e9s.jpg\" alt=\"\" width=\"304\" height=\"289\" srcset=\"https:\/\/www.fol49.org\/laligue49\/wp-content\/uploads\/2018\/02\/activit\u00e9s.jpg 3948w, https:\/\/www.fol49.org\/laligue49\/wp-content\/uploads\/2018\/02\/activit\u00e9s-300x285.jpg 300w, https:\/\/www.fol49.org\/laligue49\/wp-content\/uploads\/2018\/02\/activit\u00e9s-768x730.jpg 768w, https:\/\/www.fol49.org\/laligue49\/wp-content\/uploads\/2018\/02\/activit\u00e9s-1024x973.jpg 1024w\" sizes=\"(max-width: 304px) 100vw, 304px\" \/><\/p>\n<p>\t\t<\/div>\n\n\t\t<br \/>\n\n\t\t\t\t\t<h3 role=\"button\" id=\"accordion-1-t4\" class=\"accordion-title js-accordion-controller\" aria-controls=\"accordion-1-c4\" aria-expanded=\"false\" tabindex=\"0\">\n\t\t\t\tTarifs\t\t\t<\/h3>\n\t\t\n\t\t<div id=\"accordion-1-c4\" class=\"accordion-content\" aria-hidden=\"true\">\n\t\t\t<\/p>\n<p>Formule \u00e0 50\u00a0\u20ac par personne, comprenant :<\/p>\n<ul>\n<li>l&#8217;encadrement du(des) chantier(s) et de l&#8217;activit\u00e9 collaborative par un \u00e9ducateur brevet\u00e9<\/li>\n<li>une salle de r\u00e9f\u00e9rence<\/li>\n<li>les collations et le d\u00e9jeuner traiteur<\/li>\n<\/ul>\n<p><b><u><span style=\"color: #005005; background-color: #bfe6ff;\">\u00a0<\/span><\/u><\/b><\/p>\n<p>\t\t<\/div>\n\n\t\t<br \/>\n\n\t\t\t\t\t<h3 role=\"button\" id=\"accordion-1-t5\" class=\"accordion-title js-accordion-controller\" aria-controls=\"accordion-1-c5\" aria-expanded=\"false\" tabindex=\"0\">\n\t\t\t\tContact\t\t\t<\/h3>\n\t\t\n\t\t<div id=\"accordion-1-c5\" class=\"accordion-content\" aria-hidden=\"true\">\n\t\t\t<\/p>\n<p>Vous souhaitez mettre en place un projet de Team Building Solidaire avec vos collaborateurs? Contactez- nous pour cr\u00e9er votre projet !<\/p>\n<p><strong>centrebouesselagarenne@fol49.org<\/strong><\/p>\n<p><strong>02 41 57 71 10<\/strong><\/p>\n<p>\t\t<\/div>\n\n\t\t<\/div><\/p>\n","protected":false},"excerpt":{"rendered":"<p>Le Centre Bou\u00ebss\u00e9 &#8211; La Garenne vous propose des chantiers de coh\u00e9sion d&#8217;\u00e9quipe, pour les entreprises et collaborateurs, qui souhaitent contribuer \u00e0 un chantier solidaire au b\u00e9n\u00e9fice d&#8217;enfants et familles, et ainsi apporter un soutien r\u00e9el \u00e0 notre association autour de projets concrets. Nous prenons en charge l&#8217;accueil, les repas, ainsi que le mat\u00e9riel n\u00e9cessaire &#8230;<\/p>\n","protected":false},"author":1,"featured_media":0,"parent":0,"menu_order":0,"comment_status":"closed","ping_status":"closed","template":"","meta":{"jetpack_post_was_ever_published":false,"footnotes":""},"class_list":["post-2257","page","type-page","status-publish","hentry"],"jetpack_sharing_enabled":true,"jetpack_shortlink":"https:\/\/wp.me\/P8tWm3-Ap","_links":{"self":[{"href":"https:\/\/www.fol49.org\/laligue49\/wp-json\/wp\/v2\/pages\/2257","targetHints":{"allow":["GET"]}}],"collection":[{"href":"https:\/\/www.fol49.org\/laligue49\/wp-json\/wp\/v2\/pages"}],"about":[{"href":"https:\/\/www.fol49.org\/laligue49\/wp-json\/wp\/v2\/types\/page"}],"author":[{"embeddable":true,"href":"https:\/\/www.fol49.org\/laligue49\/wp-json\/wp\/v2\/users\/1"}],"replies":[{"embeddable":true,"href":"https:\/\/www.fol49.org\/laligue49\/wp-json\/wp\/v2\/comments?post=2257"}],"version-history":[{"count":26,"href":"https:\/\/www.fol49.org\/laligue49\/wp-json\/wp\/v2\/pages\/2257\/revisions"}],"predecessor-version":[{"id":4178,"href":"https:\/\/www.fol49.org\/laligue49\/wp-json\/wp\/v2\/pages\/2257\/revisions\/4178"}],"wp:attachment":[{"href":"https:\/\/www.fol49.org\/laligue49\/wp-json\/wp\/v2\/media?parent=2257"}],"curies":[{"name":"wp","href":"https:\/\/api.w.org\/{rel}","templated":true}]}}