{"id":1742,"date":"2017-03-29T13:32:08","date_gmt":"2017-03-29T12:32:08","guid":{"rendered":"http:\/\/www.fol49.org\/laligue49\/?page_id=1742"},"modified":"2017-03-29T13:49:50","modified_gmt":"2017-03-29T12:49:50","slug":"classe-decouverte-sejour-en-camping","status":"publish","type":"page","link":"https:\/\/www.fol49.org\/laligue49\/classe-decouverte-sejour-en-camping\/","title":{"rendered":"Classe D\u00e9couverte S\u00e9jour En Camping"},"content":{"rendered":"<div class=\"page\" title=\"Page 1\">\n<div class=\"section\">\n<div class=\"layoutArea\">\n<div class=\"column\">\n<h4><strong>Cl\u00f4turez votre anne\u0301e par un ve\u0301ritable se\u0301jour scolaire en camping !<\/strong><\/h4>\n<p><strong>Animations \u00e0 la carte<\/strong><\/p>\n<ul>\n<li>Activit\u00e9s physiques et sportives<\/li>\n<li>Culture et Citoyennet\u00e9<\/li>\n<li>Nature et d\u00e9veloppement durable<\/li>\n<\/ul>\n<p><strong>H\u00e9bergement<\/strong><\/p>\n<div class=\"page\" title=\"Page 1\">\n<div class=\"section\">\n<div class=\"layoutArea\">\n<div class=\"column\">\n<ul>\n<li>Un emplacement par groupe<\/li>\n<li>Sanitaires et douches chaudes<\/li>\n<li>Bacs a\u0300 vaisselle<\/li>\n<li>Espace repas couvert<\/li>\n<li>Re\u0301frige\u0301rateur et conge\u0301lateur<\/li>\n<li>Tentes canadiennes fournies gratuitement sur demande<\/li>\n<\/ul>\n<p><strong>Restauration<\/strong><\/p>\n<div class=\"page\" title=\"Page 1\">\n<div class=\"section\">\n<div class=\"layoutArea\">\n<div class=\"column\">\n<ul>\n<li>Pension comple\u0300te<\/li>\n<li>Demi pension<\/li>\n<li>Gestion libre<\/li>\n<\/ul>\n<p><strong>Services<\/strong><\/p>\n<div class=\"page\" title=\"Page 1\">\n<div class=\"section\">\n<div class=\"layoutArea\">\n<div class=\"column\">\n<ul>\n<li>Wi-Fi ( a\u0300 l&#8217;accueil)<\/li>\n<li>Malles pe\u0301dagogiques<\/li>\n<li>Kits d&#8217;activite\u0301s<\/li>\n<li>Espaces de jeux<\/li>\n<li>Salle de repli (en cas d&#8217;intempe\u0301ries)<\/li>\n<li>Livraison du pain<\/li>\n<li>Supermarche\u0301 a\u0300 500 m<\/li>\n<\/ul>\n<p><strong>Venez \u00e0 v\u00e9lo sur notre centre pour que les \u00e9l\u00e8ves construisent le projet de A \u00e0 Z !<\/strong><\/p>\n<\/div>\n<\/div>\n<\/div>\n<\/div>\n<\/div>\n<\/div>\n<\/div>\n<\/div>\n<\/div>\n<\/div>\n<\/div>\n<\/div>\n<\/div>\n<\/div>\n<\/div>\n<\/div>\n","protected":false},"excerpt":{"rendered":"<p>Cl\u00f4turez votre anne\u0301e par un ve\u0301ritable se\u0301jour scolaire en camping ! Animations \u00e0 la carte Activit\u00e9s physiques et sportives Culture et Citoyennet\u00e9 Nature et d\u00e9veloppement durable H\u00e9bergement Un emplacement par groupe Sanitaires et douches chaudes Bacs a\u0300 vaisselle Espace repas couvert Re\u0301frige\u0301rateur et conge\u0301lateur Tentes canadiennes fournies gratuitement sur demande Restauration Pension comple\u0300te Demi pension &#8230;<\/p>\n","protected":false},"author":1,"featured_media":0,"parent":0,"menu_order":0,"comment_status":"closed","ping_status":"closed","template":"","meta":{"jetpack_post_was_ever_published":false,"footnotes":""},"class_list":["post-1742","page","type-page","status-publish","hentry"],"jetpack_sharing_enabled":true,"jetpack_shortlink":"https:\/\/wp.me\/P8tWm3-s6","_links":{"self":[{"href":"https:\/\/www.fol49.org\/laligue49\/wp-json\/wp\/v2\/pages\/1742","targetHints":{"allow":["GET"]}}],"collection":[{"href":"https:\/\/www.fol49.org\/laligue49\/wp-json\/wp\/v2\/pages"}],"about":[{"href":"https:\/\/www.fol49.org\/laligue49\/wp-json\/wp\/v2\/types\/page"}],"author":[{"embeddable":true,"href":"https:\/\/www.fol49.org\/laligue49\/wp-json\/wp\/v2\/users\/1"}],"replies":[{"embeddable":true,"href":"https:\/\/www.fol49.org\/laligue49\/wp-json\/wp\/v2\/comments?post=1742"}],"version-history":[{"count":4,"href":"https:\/\/www.fol49.org\/laligue49\/wp-json\/wp\/v2\/pages\/1742\/revisions"}],"predecessor-version":[{"id":1748,"href":"https:\/\/www.fol49.org\/laligue49\/wp-json\/wp\/v2\/pages\/1742\/revisions\/1748"}],"wp:attachment":[{"href":"https:\/\/www.fol49.org\/laligue49\/wp-json\/wp\/v2\/media?parent=1742"}],"curies":[{"name":"wp","href":"https:\/\/api.w.org\/{rel}","templated":true}]}}