{"id":1619,"date":"2017-03-24T15:56:48","date_gmt":"2017-03-24T14:56:48","guid":{"rendered":"http:\/\/www.fol49.org\/laligue49\/?page_id=1619"},"modified":"2017-03-29T16:43:03","modified_gmt":"2017-03-29T15:43:03","slug":"sport-pour-tous","status":"publish","type":"page","link":"https:\/\/www.fol49.org\/laligue49\/sport-pour-tous\/","title":{"rendered":"Activit\u00e9s environnementales, artistiques, manuelles"},"content":{"rendered":"<p>Le Centre Bou\u00ebsse &#8211; La Garenne propose des <strong>activit\u00e9s environnementales, artistiques, culturelles et manuelles<\/strong>\u00a0qui peuvent \u00eatre pratiqu\u00e9es \u00e0 l&#8217;accueil de loisirs, ou lors des mini-camps.<\/p>\n<p><strong>Jardinage et nature<\/strong> \/ activit\u00e9s propos\u00e9es pendant :<\/p>\n<ul>\n<li><a href=\"https:\/\/www.fol49.org\/laligue49\/accueil-de-loisirs-3-12-ans\/\" target=\"_blank\">L&#8217;accueil de loisirs : mercredis ou clubs enfants<\/a><\/li>\n<li><a href=\"https:\/\/www.fol49.org\/laligue49\/mini-camps\/\" target=\"_blank\">Les Mini-camps \u00e9l\u00e9mentaires CP \u00e0 CE2 <\/a><\/li>\n<li><a href=\"https:\/\/www.fol49.org\/laligue49\/sports-pour-tous\/\">Sport pour tous: sport adapt\u00e9<\/a><\/li>\n<\/ul>\n<p><strong>Land&#8217;art, peinture<\/strong>\u00a0\/ activit\u00e9s propos\u00e9es par\u00a0:<\/p>\n<ul>\n<li><a href=\"https:\/\/www.fol49.org\/laligue49\/accueil-de-loisirs-3-12-ans\/\" target=\"_blank\">L&#8217;accueil de loisirs : mercredis<\/a><\/li>\n<\/ul>\n<p><strong>Informatique, science, robotique, vid\u00e9o<\/strong>\u00a0\/ activit\u00e9s propos\u00e9es par\u00a0:<\/p>\n<ul>\n<li><a href=\"https:\/\/www.fol49.org\/laligue49\/accueil-de-loisirs-3-12-ans\/\" target=\"_blank\">L&#8217;accueil de loisirs : mercredis<\/a><\/li>\n<li><a href=\"https:\/\/www.fol49.org\/laligue49\/mini-camps\/\" target=\"_blank\">Mini-camps \u00e9l\u00e9mentaires CM1 et CM2<\/a><\/li>\n<\/ul>\n<p><strong>Cirque<\/strong>\u00a0\/ activit\u00e9s propos\u00e9es par\u00a0:<\/p>\n<ul>\n<li><a href=\"https:\/\/www.fol49.org\/laligue49\/accueil-de-loisirs-3-12-ans\/\" target=\"_blank\">L&#8217;accueil de loisirs : club enfants<\/a><\/li>\n<li><a href=\"https:\/\/www.fol49.org\/laligue49\/mini-camps\/\" target=\"_blank\">Mini-camps : \u00e9l\u00e9mentaires CP \u00e0 CE2<\/a><\/li>\n<\/ul>\n<p><strong>Cuisine, \u00a0Bricolage<\/strong>\u00a0\/ activit\u00e9s propos\u00e9es par\u00a0:<\/p>\n<ul>\n<li><a href=\"https:\/\/www.fol49.org\/laligue49\/accueil-de-loisirs-3-12-ans\/\" target=\"_blank\">L&#8217;accueil de loisirs : mercredis ou clubs enfants<\/a><\/li>\n<li><a href=\"https:\/\/www.fol49.org\/laligue49\/sports-pour-tous\/\">sport pour tous: sport adapt\u00e9<\/a><\/li>\n<\/ul>\n<h5>Nos Labels<\/h5>\n<p><img decoding=\"async\" class=\"alignnone wp-image-1336\" src=\"https:\/\/www.fol49.org\/laligue49\/wp-content\/uploads\/2017\/03\/logo-gite-de-france_sans_ombre-300x300.png\" alt=\"\" width=\"71\" height=\"71\" srcset=\"https:\/\/www.fol49.org\/laligue49\/wp-content\/uploads\/2017\/03\/logo-gite-de-france_sans_ombre-300x300.png 300w, https:\/\/www.fol49.org\/laligue49\/wp-content\/uploads\/2017\/03\/logo-gite-de-france_sans_ombre-150x150.png 150w, https:\/\/www.fol49.org\/laligue49\/wp-content\/uploads\/2017\/03\/logo-gite-de-france_sans_ombre.png 343w\" sizes=\"(max-width: 71px) 100vw, 71px\" \/>\u00a0<img decoding=\"async\" class=\"alignnone wp-image-1337\" src=\"https:\/\/www.fol49.org\/laligue49\/wp-content\/uploads\/2017\/03\/logo-villagevacances-220x300.png\" alt=\"\" width=\"63\" height=\"86\" srcset=\"https:\/\/www.fol49.org\/laligue49\/wp-content\/uploads\/2017\/03\/logo-villagevacances-220x300.png 220w, https:\/\/www.fol49.org\/laligue49\/wp-content\/uploads\/2017\/03\/logo-villagevacances-768x1048.png 768w, https:\/\/www.fol49.org\/laligue49\/wp-content\/uploads\/2017\/03\/logo-villagevacances-751x1024.png 751w, https:\/\/www.fol49.org\/laligue49\/wp-content\/uploads\/2017\/03\/logo-villagevacances.png 873w\" sizes=\"(max-width: 63px) 100vw, 63px\" \/>\u00a0<img decoding=\"async\" class=\"alignnone size-full wp-image-1339\" src=\"https:\/\/www.fol49.org\/laligue49\/wp-content\/uploads\/2017\/03\/logo-AMeMV.png\" alt=\"\" width=\"125\" height=\"35\" \/>\u00a0<img loading=\"lazy\" decoding=\"async\" class=\"alignnone wp-image-1332\" src=\"https:\/\/www.fol49.org\/laligue49\/wp-content\/uploads\/2017\/03\/logo-accueil-velo-209x300.png\" alt=\"\" width=\"59\" height=\"85\" srcset=\"https:\/\/www.fol49.org\/laligue49\/wp-content\/uploads\/2017\/03\/logo-accueil-velo-209x300.png 209w, https:\/\/www.fol49.org\/laligue49\/wp-content\/uploads\/2017\/03\/logo-accueil-velo.png 231w\" sizes=\"(max-width: 59px) 100vw, 59px\" \/>\u00a0<img loading=\"lazy\" decoding=\"async\" class=\"alignnone wp-image-1340\" src=\"https:\/\/www.fol49.org\/laligue49\/wp-content\/uploads\/2017\/03\/logo-clefverte-254x300.png\" alt=\"\" width=\"71\" height=\"84\" srcset=\"https:\/\/www.fol49.org\/laligue49\/wp-content\/uploads\/2017\/03\/logo-clefverte-254x300.png 254w, https:\/\/www.fol49.org\/laligue49\/wp-content\/uploads\/2017\/03\/logo-clefverte.png 309w\" sizes=\"(max-width: 71px) 100vw, 71px\" \/><\/p>\n","protected":false},"excerpt":{"rendered":"<p>Le Centre Bou\u00ebsse &#8211; La Garenne propose des activit\u00e9s environnementales, artistiques, culturelles et manuelles\u00a0qui peuvent \u00eatre pratiqu\u00e9es \u00e0 l&#8217;accueil de loisirs, ou lors des mini-camps. Jardinage et nature \/ activit\u00e9s propos\u00e9es pendant : L&#8217;accueil de loisirs : mercredis ou clubs enfants Les Mini-camps \u00e9l\u00e9mentaires CP \u00e0 CE2 Sport pour tous: sport adapt\u00e9 Land&#8217;art, peinture\u00a0\/ activit\u00e9s &#8230;<\/p>\n","protected":false},"author":1,"featured_media":0,"parent":0,"menu_order":0,"comment_status":"closed","ping_status":"closed","template":"","meta":{"jetpack_post_was_ever_published":false,"footnotes":""},"class_list":["post-1619","page","type-page","status-publish","hentry"],"jetpack_sharing_enabled":true,"jetpack_shortlink":"https:\/\/wp.me\/P8tWm3-q7","_links":{"self":[{"href":"https:\/\/www.fol49.org\/laligue49\/wp-json\/wp\/v2\/pages\/1619","targetHints":{"allow":["GET"]}}],"collection":[{"href":"https:\/\/www.fol49.org\/laligue49\/wp-json\/wp\/v2\/pages"}],"about":[{"href":"https:\/\/www.fol49.org\/laligue49\/wp-json\/wp\/v2\/types\/page"}],"author":[{"embeddable":true,"href":"https:\/\/www.fol49.org\/laligue49\/wp-json\/wp\/v2\/users\/1"}],"replies":[{"embeddable":true,"href":"https:\/\/www.fol49.org\/laligue49\/wp-json\/wp\/v2\/comments?post=1619"}],"version-history":[{"count":8,"href":"https:\/\/www.fol49.org\/laligue49\/wp-json\/wp\/v2\/pages\/1619\/revisions"}],"predecessor-version":[{"id":1775,"href":"https:\/\/www.fol49.org\/laligue49\/wp-json\/wp\/v2\/pages\/1619\/revisions\/1775"}],"wp:attachment":[{"href":"https:\/\/www.fol49.org\/laligue49\/wp-json\/wp\/v2\/media?parent=1619"}],"curies":[{"name":"wp","href":"https:\/\/api.w.org\/{rel}","templated":true}]}}