{"id":1567,"date":"2017-03-21T17:31:23","date_gmt":"2017-03-21T16:31:23","guid":{"rendered":"http:\/\/www.fol49.org\/laligue49\/?page_id=1567"},"modified":"2017-03-29T16:38:25","modified_gmt":"2017-03-29T15:38:25","slug":"sports-pour-tous","status":"publish","type":"page","link":"https:\/\/www.fol49.org\/laligue49\/sports-pour-tous\/","title":{"rendered":"Sport pour tous"},"content":{"rendered":"<p>Le centre propose une <strong>large palette de formules sportives adapt\u00e9es \u00e0 tous les \u00e2ges et \u00e0 tous les niveaux\u00a0<\/strong>: de la petite enfance aux seniors, des sports collectifs, individuels ou coop\u00e9ratifs pour s&#8217;\u00e9panouir dans un contexte de loisirs.<br \/>\n<div id=\"accordion-1\" class=\"accordion no-js\"><br \/>\n\n\t\t\t\t\t<h3 role=\"button\" id=\"accordion-1-t1\" class=\"accordion-title js-accordion-controller\" aria-controls=\"accordion-1-c1\" aria-expanded=\"false\" tabindex=\"0\">\n\t\t\t\tSports en groupe\t\t\t<\/h3>\n\t\t\n\t\t<div id=\"accordion-1-c1\" class=\"accordion-content\" aria-hidden=\"true\">\n\t\t\t<br \/>\nPour les ALSH, les accueils de jeunes, les clubs sportifs, le centre propose des formules, des activit\u00e9s \u00e0 la carte et des \u00e9v\u00e8nements.<\/p>\n<h5><b>Formules \/\u00a0<\/b><em>Activit\u00e9s \u00e0 la journ\u00e9e ou \u00e0 la demi-journ\u00e9e<\/em><\/h5>\n<p><strong>1 &#8211; LES PETITS AVENTURIERS<\/strong><\/p>\n<ul>\n<li>Pour les 3-6 ans<\/li>\n<li>D\u00e9couverte<strong> Esca&#8217;l&#8217;arbre<\/strong> + <strong>sarbacane<\/strong> ou <strong>course d&#8217;orientation<\/strong><\/li>\n<li>Une demi-journ\u00e9e<\/li>\n<\/ul>\n<p><strong>2 &#8211; LES EXPLORATEURS<\/strong><\/p>\n<ul>\n<li>A partir de 6 ans<\/li>\n<li>Course <strong>d&#8217;orientation<\/strong> + <strong>escalade<\/strong> ou <strong>tir \u00e0 l&#8217;arc<\/strong> (flu-flu jusqu&#8217;\u00e0 8 ans)\u00a0OU <strong>escalade<\/strong> ou <strong>tir \u00e0 l&#8217;arc<\/strong> (flu-flu jusqu&#8217;\u00e0 8 ans)<\/li>\n<li>Une demi-journ\u00e9e<\/li>\n<\/ul>\n<ul>\n<li>A partir de 6 ans<\/li>\n<li>Matin\u00e9e <strong>course d&#8217;orientation<\/strong> + <strong>tir \u00e0 l&#8217;arc<\/strong> (flu-flu jusqu&#8217;\u00e0 8 ans)<\/li>\n<li>Apr\u00e8s-midi <strong>escalade<\/strong> + activit\u00e9 au choix<\/li>\n<li>Une journ\u00e9e<\/li>\n<\/ul>\n<p><strong>3 &#8211; LES RAIDS JEUNES<\/strong><\/p>\n<ul>\n<li>\u00c0 partir de 9 ans<\/li>\n<li>Matin\u00e9e<strong> run and bike<\/strong><\/li>\n<li>Apr\u00e8s-midi <strong>tir \u00e0 l&#8217;arc<\/strong> ou <strong>escalade<\/strong>\u00a0+ 1 activit\u00e9 non encadr\u00e9e au choix<\/li>\n<li>Une journ\u00e9e<\/li>\n<\/ul>\n<ul>\n<li>\u00c0 partir de 9 ans<\/li>\n<li>Matin\u00e9e <strong>tir \u00e0 l&#8217;arc<\/strong> + 1 activit\u00e9 non encadr\u00e9e au choix<\/li>\n<li>Apr\u00e8s-midi <strong>escalade<\/strong>\u00a0+ 1 activit\u00e9 non encadr\u00e9e au choix<\/li>\n<li>Une journ\u00e9e<\/li>\n<\/ul>\n<h4><b>A LA CARTE \/\u00a0<\/b><i>Activit\u00e9s \u00e0 la s\u00e9ance ou \u00e0 la journ\u00e9e<\/i><\/h4>\n<ul>\n<li><strong>Jusqu&#8217;\u00e0 15 participants<\/strong>\u00a0: escalade, Roller, roller hockey, skate, street surfing, tib-skate, Skim-board, Tir \u00e0 l&#8217;arc, flu-flu, sarbacane, VTT\/Bicross, Kayak<\/li>\n<li><strong>Jusqu&#8217;\u00e0 24 participants<\/strong>\u00a0: course d&#8217;orientation, Run and bike, Sports collectifs, Sports coop\u00e9ratifs, Cirque &amp; Arts urbains<\/li>\n<\/ul>\n<p>Organisation pour les groupes \u00e0 partir de 15 participants\u00a0:\u00a0pour certaines activit\u00e9s, le groupe sera divis\u00e9 en 2. Une activit\u00e9 et un espace seront propos\u00e9s \u00e0 l&#8217;autre moiti\u00e9 du groupe.<\/p>\n<p>Brochure des <strong>sports en groupe\u00a0<\/strong><a href=\"https:\/\/www.fol49.org\/laligue49\/wp-content\/uploads\/2017\/01\/Plaquette-sport-en-groupe.pdf\" target=\"_blank\"><img decoding=\"async\" class=\"alignnone wp-image-1301\" src=\"https:\/\/www.fol49.org\/laligue49\/wp-content\/uploads\/2017\/03\/icone-pdf-300x300.png\" alt=\"brochure des tarifs\" width=\"30\" height=\"30\" srcset=\"https:\/\/www.fol49.org\/laligue49\/wp-content\/uploads\/2017\/03\/icone-pdf-300x300.png 300w, https:\/\/www.fol49.org\/laligue49\/wp-content\/uploads\/2017\/03\/icone-pdf-150x150.png 150w, https:\/\/www.fol49.org\/laligue49\/wp-content\/uploads\/2017\/03\/icone-pdf.png 512w\" sizes=\"(max-width: 30px) 100vw, 30px\" \/><\/a><\/p>\n<p>\t\t<\/div>\n\n\t\t<br \/>\n\n\t\t\t\t\t<h3 role=\"button\" id=\"accordion-1-t2\" class=\"accordion-title js-accordion-controller\" aria-controls=\"accordion-1-c2\" aria-expanded=\"false\" tabindex=\"0\">\n\t\t\t\tSport adapt\u00e9 \/ handisport\t\t\t<\/h3>\n\t\t\n\t\t<div id=\"accordion-1-c2\" class=\"accordion-content\" aria-hidden=\"true\">\n\t\t\t<\/p>\n<p><strong>Adapter les activit\u00e9s aux besoins de tous\u00a0:<\/strong><br \/>\nL&#8217;activit\u00e9 \u00e9duque \u00e0 la responsabilit\u00e9 et \u00e0 l&#8217;autonomie, en faisant acc\u00e9der les enfants et les adultes \u00e0 des valeurs morales et sociales, telles que le respect des r\u00e8gles, de soi-m\u00eame et d&#8217;autrui. Elle contribue \u00e0 l&#8217;\u00e9ducation \u00e0 la sant\u00e9 en permettant de mieux conna\u00eetre son corps, et \u00e0 l&#8217;\u00e9ducation \u00e0 la s\u00e9curit\u00e9, par des prises de risques contr\u00f4l\u00e9es. Se sentir bien dans son corps et rechercher du plaisir est important pour le d\u00e9veloppement personnel.<\/p>\n<p><strong>Objectifs\u00a0:<\/strong><br \/>\nAnimer et encadrer des activit\u00e9s permettant le d\u00e9veloppement physique, culturel et social de chacun\u00a0:<\/p>\n<ul>\n<li>Favoriser la confiance en soi et l&#8217;esprit coop\u00e9ratif<\/li>\n<li>Rencontrer diff\u00e9rents publics et favoriser l&#8217;\u00e9change<\/li>\n<li>Acqu\u00e9rir et renforcer le go\u00fbt de l&#8217;effort avec de nouvelles activit\u00e9s physiques<\/li>\n<li>D\u00e9couvrir la faune et la flore locales<\/li>\n<li>Permettre le bien-\u00eatre de chacun<\/li>\n<\/ul>\n<p><strong>P\u00e9dagogie\u00a0:<\/strong><br \/>\nComme \u00e9crivait Freinet\u00a0: <em>\u00ab<\/em> <em>La voie normale de l&#8217;acquisition n&#8217;est nullement l&#8217;observation,<\/em> <em>l&#8217;explication et la d\u00e9monstration (\u2026) mais le t\u00e2tonnement exp\u00e9rimental (\u2026).\u00bb<\/em><br \/>\nPar une p\u00e9dagogie active, nos \u00e9ducateurs sp\u00e9cialis\u00e9s accompagnent chaque apprenant \u00e0 son rythme et adaptent toutes les animations selon l&#8217;\u00e2ge des participants et selon votre projet.<br \/>\n<strong>Animations sportives\u00a0:<\/strong><\/p>\n<ul>\n<li>Kayak<\/li>\n<li>Tir \u00e0 l&#8217;arc\/sarbacane<\/li>\n<li>Cirque\/arts urbains<\/li>\n<li>Course d&#8217;orientation<\/li>\n<li>VTT\/run and bike<\/li>\n<li>Escalade\/escal&#8217;arbre<\/li>\n<li>Kinball\/tchoukball<\/li>\n<li>Relaxation<\/li>\n<\/ul>\n<p><strong>Animations environnementales\u00a0:<\/strong><\/p>\n<ul>\n<li>Balade sensorielle<\/li>\n<li>Atelier de cuisine<\/li>\n<li>Jardinage<\/li>\n<li>Faune et flore<\/li>\n<\/ul>\n<p><strong>Nos formules se d\u00e9clinent\u00a0:<\/strong><\/p>\n<ul>\n<li>A la s\u00e9ance <em>(\u00e0 partir de 50 \u20ac\/l&#8217;heure)<\/em><\/li>\n<li>A la \u00bd journ\u00e9e ou journ\u00e9e <em>(140\u20ac\/260\u20ac)<\/em><\/li>\n<li>A la p\u00e9riode <em>(devis sur demande)<\/em><\/li>\n<li>En projet annuel <em>(devis sur demande)<\/em><\/li>\n<\/ul>\n<p><strong>Chez vous ou chez nous:<\/strong><br \/>\nNous pouvons nous d\u00e9placer dans votre structure ou vous accueillir au centre. Nous sommes \u00e9quip\u00e9s d&#8217;une salle de restauration et de sanitaires adapt\u00e9s, ainsi que d&#8217;infrastructures sportives int\u00e9rieures et ext\u00e9rieures\u00a0:<\/p>\n<ul>\n<li>Salle multisport<\/li>\n<li>Salle de 150 m2 avec un espace de motricit\u00e9<\/li>\n<li>Skate-park<\/li>\n<li>Mur d&#8217;escalade<\/li>\n<li>Parcours accrobranche<\/li>\n<li>Pas de tir \u00e0 l&#8217;arc<\/li>\n<li>Terrain de bicross<\/li>\n<li>Terrain de beach<\/li>\n<li>Terrain multisport<\/li>\n<\/ul>\n<p>Brochure des <strong>sports adapt\u00e9s <\/strong><a href=\"https:\/\/www.fol49.org\/laligue49\/wp-content\/uploads\/2017\/01\/Plaquette-sport-en-groupe.pdf\" target=\"_blank\"><img decoding=\"async\" class=\"alignnone wp-image-1301\" src=\"https:\/\/www.fol49.org\/laligue49\/wp-content\/uploads\/2017\/03\/icone-pdf-300x300.png\" alt=\"brochure des tarifs\" width=\"30\" height=\"30\" srcset=\"https:\/\/www.fol49.org\/laligue49\/wp-content\/uploads\/2017\/03\/icone-pdf-300x300.png 300w, https:\/\/www.fol49.org\/laligue49\/wp-content\/uploads\/2017\/03\/icone-pdf-150x150.png 150w, https:\/\/www.fol49.org\/laligue49\/wp-content\/uploads\/2017\/03\/icone-pdf.png 512w\" sizes=\"(max-width: 30px) 100vw, 30px\" \/><\/a><\/p>\n<p>\t\t<\/div>\n\n\t\t<br \/>\n\n\t\t\t\t\t<h3 role=\"button\" id=\"accordion-1-t3\" class=\"accordion-title js-accordion-controller\" aria-controls=\"accordion-1-c3\" aria-expanded=\"false\" tabindex=\"0\">\n\t\t\t\tSports insertion\t\t\t<\/h3>\n\t\t\n\t\t<div id=\"accordion-1-c3\" class=\"accordion-content\" aria-hidden=\"true\">\n\t\t\t<\/p>\n<p>&nbsp;<br \/>\n\t\t<\/div>\n\n\t\t<br \/>\n\n\t\t\t\t\t<h3 role=\"button\" id=\"accordion-1-t4\" class=\"accordion-title js-accordion-controller\" aria-controls=\"accordion-1-c4\" aria-expanded=\"false\" tabindex=\"0\">\n\t\t\t\tSports petite enfance\t\t\t<\/h3>\n\t\t\n\t\t<div id=\"accordion-1-c4\" class=\"accordion-content\" aria-hidden=\"true\">\n\t\t\t<\/p>\n<p>Le Centre Bou\u00ebss\u00e9 \u2013 La Garenne propose <strong>des animations sportives et environnementales pour la petite enfance<\/strong>.<\/p>\n<p><strong>L&#8217;activit\u00e9 sportive \u00e9duque \u00e0 la responsabilit\u00e9 et \u00e0 l&#8217;autonomie<\/strong>, en faisant acc\u00e9der les jeunes enfants \u00e0 des valeurs morales et sociales, telles que le respect des r\u00e8gles, de soi-m\u00eame et d&#8217;autrui. <strong>Elle contribue \u00e0 l&#8217;\u00e9ducation \u00e0 la sant\u00e9<\/strong> en permettant de mieux conna\u00eetre son corps, <strong>et \u00e0 l&#8217;\u00e9ducation \u00e0 la s\u00e9curit\u00e9,<\/strong> par des prises de risques contr\u00f4l\u00e9es. Se sentir bien dans son corps et rechercher du plaisir, est important pour l&#8217;enfant et son d\u00e9veloppement.<\/p>\n<p><strong>Objectifs\u00a0:<\/strong><\/p>\n<ul>\n<li>Amener l&#8217;enfant \u00e0 \u00eatre autonome dans l&#8217;activit\u00e9, en favorisant le t\u00e2tonnement et l&#8217;exploration.<\/li>\n<li>Permettre \u00e0 l&#8217;enfant de se rep\u00e9rer dans le temps et dans l&#8217;espace, par un am\u00e9nagement spatial et un rituel identique \u00e0 chaque s\u00e9ance.<\/li>\n<li>Permettre le d\u00e9veloppement psychomoteur de l&#8217;enfant \u00e0 travers le jeu et la stimulation sensorielle, afin de travailler la coordination, l&#8217;\u00e9quilibre, la manipulation et le d\u00e9placement.<\/li>\n<\/ul>\n<p><strong>P\u00e9dagogie\u00a0:<\/strong><br \/>\nComme \u00e9crivait Freinet\u00a0: <em>\u00ab La voie normale de l&#8217;acquisition n&#8217;est nullement l&#8217;observation, l&#8217;explication et la d\u00e9monstration (\u2026) mais le t\u00e2tonnement exp\u00e9rimental (\u2026).\u00bb<\/em><br \/>\nPar une p\u00e9dagogie active, nos \u00e9ducateurs sp\u00e9cialis\u00e9s accompagnent chaque apprenant \u00e0 son rythme et adaptent toutes les animations selon l&#8217;\u00e2ge des participants et selon votre projet.<\/p>\n<p><strong>Activit\u00e9s sportives\u00a0:<\/strong><\/p>\n<ul>\n<li>Parcours multisports<\/li>\n<li>Sports de pr\u00e9cision<\/li>\n<li>Sports de roule et de glisse<\/li>\n<\/ul>\n<p><strong>Activit\u00e9s de cirque et d&#8217;expression\u00a0:<\/strong><\/p>\n<ul>\n<li>Acrobatie<\/li>\n<li>Equilibre<\/li>\n<li>Jonglerie<\/li>\n<\/ul>\n<p><strong>Activit\u00e9s environnementales\u00a0:<\/strong><\/p>\n<ul>\n<li>Balade sensorielle<\/li>\n<li>Jardin p\u00e9dagogique<\/li>\n<li>Atelier de cuisine<\/li>\n<\/ul>\n<p><strong>Nos formules se d\u00e9clinent\u00a0:<\/strong><\/p>\n<ul>\n<li>A la s\u00e9ance <em>(\u00e0 partir de 50 \u20ac\/l&#8217;heure)<\/em><\/li>\n<li>En s\u00e9ances parents\/enfants <em>(devis sur demande)<\/em><\/li>\n<li>A la p\u00e9riode <em>(devis sur demande)<\/em><\/li>\n<li>En projet annuel <em>(devis sur demande)<\/em><\/li>\n<\/ul>\n<p><strong>Chez vous ou chez nous\u00a0?<\/strong><br \/>\nNous pouvons nous d\u00e9placer dans votre structure ou vous accueillir au centre. Nous sommes \u00e9quip\u00e9s d&#8217;une salle de restauration et de sanitaires adapt\u00e9s, ainsi que d&#8217;infrastructures sportives int\u00e9rieures et ext\u00e9rieures\u00a0:<\/p>\n<ul>\n<li>Salle multisport<\/li>\n<li>Salle de 150 m2 avec un espace de motricit\u00e9<\/li>\n<li>Skate-park<\/li>\n<li>Mur d&#8217;escalade<\/li>\n<li>Parcours accrobranche<\/li>\n<li>Pas de tir \u00e0 l&#8217;arc<\/li>\n<li>Terrain de bicross<\/li>\n<li>Terrain de beach<\/li>\n<li>Terrain multisport<\/li>\n<\/ul>\n<p>Brochure des\u00a0<strong>sports petite enfance\u00a0<\/strong><img decoding=\"async\" class=\"alignnone wp-image-1301\" src=\"https:\/\/www.fol49.org\/laligue49\/wp-content\/uploads\/2017\/03\/icone-pdf-300x300.png\" alt=\"brochure des tarifs\" width=\"30\" height=\"30\" srcset=\"https:\/\/www.fol49.org\/laligue49\/wp-content\/uploads\/2017\/03\/icone-pdf-300x300.png 300w, https:\/\/www.fol49.org\/laligue49\/wp-content\/uploads\/2017\/03\/icone-pdf-150x150.png 150w, https:\/\/www.fol49.org\/laligue49\/wp-content\/uploads\/2017\/03\/icone-pdf.png 512w\" sizes=\"(max-width: 30px) 100vw, 30px\" \/><\/p>\n<p>\t\t<\/div>\n\n\t\t<br \/>\n\n\t\t\t\t\t<h3 role=\"button\" id=\"accordion-1-t5\" class=\"accordion-title js-accordion-controller\" aria-controls=\"accordion-1-c5\" aria-expanded=\"false\" tabindex=\"0\">\n\t\t\t\tSports s\u00e9nior\t\t\t<\/h3>\n\t\t\n\t\t<div id=\"accordion-1-c5\" class=\"accordion-content\" aria-hidden=\"true\">\n\t\t\t<\/p>\n<p>&nbsp;<br \/>\n\t\t<\/div>\n\n\t\t<\/div><\/p>\n<h4>Nos Labels<\/h4>\n<p><img decoding=\"async\" class=\"alignnone wp-image-1336\" src=\"https:\/\/www.fol49.org\/laligue49\/wp-content\/uploads\/2017\/03\/logo-gite-de-france_sans_ombre-300x300.png\" alt=\"\" width=\"71\" height=\"71\" srcset=\"https:\/\/www.fol49.org\/laligue49\/wp-content\/uploads\/2017\/03\/logo-gite-de-france_sans_ombre-300x300.png 300w, https:\/\/www.fol49.org\/laligue49\/wp-content\/uploads\/2017\/03\/logo-gite-de-france_sans_ombre-150x150.png 150w, https:\/\/www.fol49.org\/laligue49\/wp-content\/uploads\/2017\/03\/logo-gite-de-france_sans_ombre.png 343w\" sizes=\"(max-width: 71px) 100vw, 71px\" \/>\u00a0<img decoding=\"async\" class=\"alignnone wp-image-1337\" src=\"https:\/\/www.fol49.org\/laligue49\/wp-content\/uploads\/2017\/03\/logo-villagevacances-220x300.png\" alt=\"\" width=\"63\" height=\"86\" srcset=\"https:\/\/www.fol49.org\/laligue49\/wp-content\/uploads\/2017\/03\/logo-villagevacances-220x300.png 220w, https:\/\/www.fol49.org\/laligue49\/wp-content\/uploads\/2017\/03\/logo-villagevacances-768x1048.png 768w, https:\/\/www.fol49.org\/laligue49\/wp-content\/uploads\/2017\/03\/logo-villagevacances-751x1024.png 751w, https:\/\/www.fol49.org\/laligue49\/wp-content\/uploads\/2017\/03\/logo-villagevacances.png 873w\" sizes=\"(max-width: 63px) 100vw, 63px\" \/>\u00a0<img loading=\"lazy\" decoding=\"async\" class=\"alignnone size-full wp-image-1339\" src=\"https:\/\/www.fol49.org\/laligue49\/wp-content\/uploads\/2017\/03\/logo-AMeMV.png\" alt=\"\" width=\"125\" height=\"35\" \/>\u00a0<img loading=\"lazy\" decoding=\"async\" class=\"alignnone wp-image-1332\" src=\"https:\/\/www.fol49.org\/laligue49\/wp-content\/uploads\/2017\/03\/logo-accueil-velo-209x300.png\" alt=\"\" width=\"59\" height=\"85\" srcset=\"https:\/\/www.fol49.org\/laligue49\/wp-content\/uploads\/2017\/03\/logo-accueil-velo-209x300.png 209w, https:\/\/www.fol49.org\/laligue49\/wp-content\/uploads\/2017\/03\/logo-accueil-velo.png 231w\" sizes=\"(max-width: 59px) 100vw, 59px\" \/>\u00a0<img loading=\"lazy\" decoding=\"async\" class=\"alignnone wp-image-1340\" src=\"https:\/\/www.fol49.org\/laligue49\/wp-content\/uploads\/2017\/03\/logo-clefverte-254x300.png\" alt=\"\" width=\"71\" height=\"84\" srcset=\"https:\/\/www.fol49.org\/laligue49\/wp-content\/uploads\/2017\/03\/logo-clefverte-254x300.png 254w, https:\/\/www.fol49.org\/laligue49\/wp-content\/uploads\/2017\/03\/logo-clefverte.png 309w\" sizes=\"(max-width: 71px) 100vw, 71px\" \/><\/p>\n","protected":false},"excerpt":{"rendered":"<p>Le centre propose une large palette de formules sportives adapt\u00e9es \u00e0 tous les \u00e2ges et \u00e0 tous les niveaux\u00a0: de la petite enfance aux seniors, des sports collectifs, individuels ou coop\u00e9ratifs pour s&#8217;\u00e9panouir dans un contexte de loisirs. Nos Labels \u00a0\u00a0\u00a0\u00a0<\/p>\n","protected":false},"author":1,"featured_media":0,"parent":0,"menu_order":0,"comment_status":"closed","ping_status":"closed","template":"","meta":{"jetpack_post_was_ever_published":false,"footnotes":""},"class_list":["post-1567","page","type-page","status-publish","hentry"],"jetpack_sharing_enabled":true,"jetpack_shortlink":"https:\/\/wp.me\/P8tWm3-ph","_links":{"self":[{"href":"https:\/\/www.fol49.org\/laligue49\/wp-json\/wp\/v2\/pages\/1567","targetHints":{"allow":["GET"]}}],"collection":[{"href":"https:\/\/www.fol49.org\/laligue49\/wp-json\/wp\/v2\/pages"}],"about":[{"href":"https:\/\/www.fol49.org\/laligue49\/wp-json\/wp\/v2\/types\/page"}],"author":[{"embeddable":true,"href":"https:\/\/www.fol49.org\/laligue49\/wp-json\/wp\/v2\/users\/1"}],"replies":[{"embeddable":true,"href":"https:\/\/www.fol49.org\/laligue49\/wp-json\/wp\/v2\/comments?post=1567"}],"version-history":[{"count":17,"href":"https:\/\/www.fol49.org\/laligue49\/wp-json\/wp\/v2\/pages\/1567\/revisions"}],"predecessor-version":[{"id":1569,"href":"https:\/\/www.fol49.org\/laligue49\/wp-json\/wp\/v2\/pages\/1567\/revisions\/1569"}],"wp:attachment":[{"href":"https:\/\/www.fol49.org\/laligue49\/wp-json\/wp\/v2\/media?parent=1567"}],"curies":[{"name":"wp","href":"https:\/\/api.w.org\/{rel}","templated":true}]}}