{"id":1536,"date":"2017-03-20T16:25:42","date_gmt":"2017-03-20T15:25:42","guid":{"rendered":"http:\/\/www.fol49.org\/laligue49\/?page_id=1536"},"modified":"2023-07-20T10:33:59","modified_gmt":"2023-07-20T09:33:59","slug":"fonctionnement-et-projet","status":"publish","type":"page","link":"https:\/\/www.fol49.org\/laligue49\/fonctionnement-et-projet\/","title":{"rendered":"Fonctionnement et projet"},"content":{"rendered":"<h4><\/h4>\n<h4><img fetchpriority=\"high\" decoding=\"async\" class=\"alignnone wp-image-1531 size-full\" src=\"https:\/\/www.fol49.org\/laligue49\/wp-content\/uploads\/2017\/03\/accueil-de-groupe-jeunes-panoramique.jpg\" alt=\"\" width=\"1000\" height=\"300\" srcset=\"https:\/\/www.fol49.org\/laligue49\/wp-content\/uploads\/2017\/03\/accueil-de-groupe-jeunes-panoramique.jpg 1000w, https:\/\/www.fol49.org\/laligue49\/wp-content\/uploads\/2017\/03\/accueil-de-groupe-jeunes-panoramique-300x90.jpg 300w, https:\/\/www.fol49.org\/laligue49\/wp-content\/uploads\/2017\/03\/accueil-de-groupe-jeunes-panoramique-768x230.jpg 768w\" sizes=\"(max-width: 1000px) 100vw, 1000px\" \/><\/h4>\n<p>Le centre Bou\u00ebss\u00e9 \u2013 La Garenne propose de faire vivre un temps de d\u00e9tente aux enfants et aux jeunes, de permettre et <strong>favoriser leur participation et l&#8217;apprentissage du vivre ensemble en d\u00e9veloppant leur cr\u00e9ativit\u00e9 \u00e0 travers la culture, le sport et le jeu.<\/strong><br \/>\n<div id=\"accordion-1\" class=\"accordion no-js\"><br \/>\n\n\t\t\t\t\t<h3 role=\"button\" id=\"accordion-1-t1\" class=\"accordion-title js-accordion-controller\" aria-controls=\"accordion-1-c1\" aria-expanded=\"false\" tabindex=\"0\">\n\t\t\t\tQu'est ce que l'accueil de loisirs ?\t\t\t<\/h3>\n\t\t\n\t\t<div id=\"accordion-1-c1\" class=\"accordion-content\" aria-hidden=\"true\">\n\t\t\t<\/p>\n<h3>Un lieu<\/h3>\n<p style=\"padding-left: 30px;\"><strong>Le Centre Bou\u00ebss\u00e9 &#8211; La Garenne<\/strong><br \/>\n7 Route de Nantes<br \/>\n49610 M\u00fbrs &#8211; \u00c9rign\u00e9<\/p>\n<h3>Des horaires :<\/h3>\n<p style=\"padding-left: 30px;\"><strong>9h00 &#8211; 17h15\u00a0<\/strong><br \/>\navec un accueil d\u00e8s 7h30 et jusqu&#8217;\u00e0 18h30 (avec suppl\u00e9ment)<\/p>\n<h3>3 Tranches d&#8217;\u00e2ges\u00a0:<\/h3>\n<p style=\"padding-left: 30px;\"><strong>3 \u2013 6 ans<\/strong> (maternels)<br \/>\n<strong>6 \u2013 8 ans<\/strong> (CP &#8211; CE1 &#8211; CE2)<br \/>\n<strong>9 \u2013 12 ans<\/strong> (CM1 &#8211; CM2 &#8211; 6\u00e8me)<\/p>\n<p>\t\t<\/div>\n\n\t\t<br \/>\n\n\t\t\t\t\t<h3 role=\"button\" id=\"accordion-1-t2\" class=\"accordion-title js-accordion-controller\" aria-controls=\"accordion-1-c2\" aria-expanded=\"false\" tabindex=\"0\">\n\t\t\t\tNotre projet\t\t\t<\/h3>\n\t\t\n\t\t<div id=\"accordion-1-c2\" class=\"accordion-content\" aria-hidden=\"true\">\n\t\t\t<\/p>\n<h4>&#8220;Nous accompagnons vos enfants, pour les aider \u00e0 grandir et agir&#8230;&#8221;<\/h4>\n<h3>Un projet<\/h3>\n<ul>\n<li>Faire vivre un temps de vacances et de loisirs aux enfants et aux jeunes<\/li>\n<li>Permettre et favoriser la participation des enfants et des jeunes<\/li>\n<li>Favorise l&#8217;apprentissage du vivre ensemble<\/li>\n<li>D\u00e9velopper chez les enfants leur cr\u00e9ativit\u00e9 \u00e0 travers le sport et le jeu<\/li>\n<\/ul>\n<h3>De la p\u00e9dagogie Freinet et Montessori<\/h3>\n<p>Partant du principe que <strong>l\u2019enfant est acteur et auteur de sa vie<\/strong>, des rituels et des am\u00e9nagements garantissent \u00e0 chacun de faire des choix, de prendre des d\u00e9cisions, d\u2019exp\u00e9rimentation\u2026comme :<\/p>\n<ul>\n<li>\u00ab Quoi de neuf du matin \u00bb,<\/li>\n<li>Les projets d\u2019enfants<\/li>\n<li>La journ\u00e9e \u00e0 soi<\/li>\n<\/ul>\n<h3>Une \u00e9quipe<\/h3>\n<p><strong>Un directeur<\/strong> : L\u00e9o<br \/>\n<strong>L\u2019\u00e9quipe d\u2019animation\u00a0: <\/strong>Renan, Chlo\u00eb, Tom, Elodie, Marine, Mathis<br \/>\n<strong>Une \u00e9quipe d&#8217;animateurs dipl\u00f4m\u00e9s<\/strong> du BAFA et BAFD<br \/>\n<strong>Une \u00e9quipe de restauration :<\/strong> Katia, Aur\u00e9lie, Lia<\/p>\n<p>\t\t<\/div>\n\n\t\t<\/div><\/p>\n<h4><\/h4>\n","protected":false},"excerpt":{"rendered":"<p>Le centre Bou\u00ebss\u00e9 \u2013 La Garenne propose de faire vivre un temps de d\u00e9tente aux enfants et aux jeunes, de permettre et favoriser leur participation et l&#8217;apprentissage du vivre ensemble en d\u00e9veloppant leur cr\u00e9ativit\u00e9 \u00e0 travers la culture, le sport et le jeu.<\/p>\n","protected":false},"author":1,"featured_media":0,"parent":0,"menu_order":0,"comment_status":"closed","ping_status":"closed","template":"","meta":{"jetpack_post_was_ever_published":false,"footnotes":""},"class_list":["post-1536","page","type-page","status-publish","hentry"],"jetpack_sharing_enabled":true,"jetpack_shortlink":"https:\/\/wp.me\/P8tWm3-oM","_links":{"self":[{"href":"https:\/\/www.fol49.org\/laligue49\/wp-json\/wp\/v2\/pages\/1536","targetHints":{"allow":["GET"]}}],"collection":[{"href":"https:\/\/www.fol49.org\/laligue49\/wp-json\/wp\/v2\/pages"}],"about":[{"href":"https:\/\/www.fol49.org\/laligue49\/wp-json\/wp\/v2\/types\/page"}],"author":[{"embeddable":true,"href":"https:\/\/www.fol49.org\/laligue49\/wp-json\/wp\/v2\/users\/1"}],"replies":[{"embeddable":true,"href":"https:\/\/www.fol49.org\/laligue49\/wp-json\/wp\/v2\/comments?post=1536"}],"version-history":[{"count":57,"href":"https:\/\/www.fol49.org\/laligue49\/wp-json\/wp\/v2\/pages\/1536\/revisions"}],"predecessor-version":[{"id":5800,"href":"https:\/\/www.fol49.org\/laligue49\/wp-json\/wp\/v2\/pages\/1536\/revisions\/5800"}],"wp:attachment":[{"href":"https:\/\/www.fol49.org\/laligue49\/wp-json\/wp\/v2\/media?parent=1536"}],"curies":[{"name":"wp","href":"https:\/\/api.w.org\/{rel}","templated":true}]}}