{"id":114,"date":"2016-05-04T09:57:40","date_gmt":"2016-05-04T08:57:40","guid":{"rendered":"http:\/\/fol49.org\/laligue49\/?page_id=114"},"modified":"2025-09-26T11:35:32","modified_gmt":"2025-09-26T10:35:32","slug":"accueil-de-loisirs3-12ans","status":"publish","type":"page","link":"https:\/\/www.fol49.org\/laligue49\/accueil-de-loisirs3-12ans\/","title":{"rendered":"Accueil de loisirs 3\/12 ans M\u00fbrs-Erign\u00e9"},"content":{"rendered":"<h3>Notre projet<\/h3>\n<p><a href=\"https:\/\/www.fol49.org\/laligue49\/fonctionnement-et-projet\/\"><img decoding=\"async\" class=\"alignnone wp-image-2920\" src=\"https:\/\/www.fol49.org\/laligue49\/wp-content\/uploads\/2018\/04\/Bouton-fonctionnement.jpg\" alt=\"\" width=\"153\" height=\"163\" srcset=\"https:\/\/www.fol49.org\/laligue49\/wp-content\/uploads\/2018\/04\/Bouton-fonctionnement.jpg 3798w, https:\/\/www.fol49.org\/laligue49\/wp-content\/uploads\/2018\/04\/Bouton-fonctionnement-282x300.jpg 282w, https:\/\/www.fol49.org\/laligue49\/wp-content\/uploads\/2018\/04\/Bouton-fonctionnement-768x816.jpg 768w, https:\/\/www.fol49.org\/laligue49\/wp-content\/uploads\/2018\/04\/Bouton-fonctionnement-964x1024.jpg 964w\" sizes=\"(max-width: 153px) 100vw, 153px\" \/><\/a> \u00a0 \u00a0 \u00a0 <a href=\"https:\/\/www.fol49.org\/laligue49\/les-activites\/\"><img decoding=\"async\" class=\"alignnone wp-image-2919\" src=\"https:\/\/www.fol49.org\/laligue49\/wp-content\/uploads\/2018\/04\/Bouton-activit\u00e9s.jpg\" alt=\"\" width=\"157\" height=\"154\" srcset=\"https:\/\/www.fol49.org\/laligue49\/wp-content\/uploads\/2018\/04\/Bouton-activit\u00e9s.jpg 3794w, https:\/\/www.fol49.org\/laligue49\/wp-content\/uploads\/2018\/04\/Bouton-activit\u00e9s-300x294.jpg 300w, https:\/\/www.fol49.org\/laligue49\/wp-content\/uploads\/2018\/04\/Bouton-activit\u00e9s-768x754.jpg 768w, https:\/\/www.fol49.org\/laligue49\/wp-content\/uploads\/2018\/04\/Bouton-activit\u00e9s-1024x1005.jpg 1024w\" sizes=\"(max-width: 157px) 100vw, 157px\" \/><\/a> \u00a0 \u00a0 \u00a0\u00a0<\/p>\n<h3>Comment s&#8217;inscrire ?<\/h3>\n<h6 style=\"text-align: center;\"><span class=\"col col_shortcode\"><a class=\"maxbutton-18 maxbutton maxbutton-portail-famille-cblg\" target=\"_blank\" title=\"ACCES PORTAIL FAMILLES\" rel=\"noopener\" href=\"https:\/\/delta-enfance4.fr\/FOL49_BOUESSE\"><span class='mb-text'>ACCES PORTAIL FAMILLES<\/span><\/a> <\/span><\/h6>\n<p>Pour les nouvelles familles merci de t\u00e9l\u00e9charger la fiche famille ainsi que la fiche sanitaire (1 par enfant) et de nous les retourner avec votre attestation de quotient familial et la photocopie des vaccins \u00e0 jour en format papier \u00e0 l\u2019adresse : Centre Bou\u00ebsse, ALSH M\u00fbrs-Erign\u00e9, 7 routes de Nantes, 49 610 M\u00fbrs-Erign\u00e9<\/p>\n<p><a href=\"https:\/\/www.fol49.org\/laligue49\/wp-content\/uploads\/2025\/08\/CBLG-Notice-de-presentation-du-portail-familles.pdf\" target=\"_blank\" rel=\"noopener noreferrer\"><img decoding=\"async\" class=\"alignnone wp-image-1834 size-full\" src=\"https:\/\/www.fol49.org\/laligue49\/wp-content\/uploads\/2017\/04\/picto-telechargement-01-e1491490512395.png\" alt=\"\" width=\"40\" height=\"41\" \/><\/a> T\u00e9l\u00e9charger la<a href=\"https:\/\/www.fol49.org\/laligue49\/wp-content\/uploads\/2025\/08\/CBLG-Notice-de-presentation-du-portail-familles.pdf\" target=\"_blank\" rel=\"noopener noreferrer\"><strong> notice d\u2019utilisation portail familles<\/strong><\/a><\/p>\n<p><a href=\"https:\/\/www.fol49.org\/laligue49\/wp-content\/uploads\/2023\/12\/MANDAT-DE-PRELEVEMENT-MURS-.pdf\" target=\"_blank\" rel=\"noopener noreferrer\"><img decoding=\"async\" class=\"alignnone wp-image-1834 size-full\" src=\"https:\/\/www.fol49.org\/laligue49\/wp-content\/uploads\/2017\/04\/picto-telechargement-01-e1491490512395.png\" alt=\"\" width=\"40\" height=\"41\" \/><\/a> T\u00e9l\u00e9charger le\u00a0<a href=\"https:\/\/www.fol49.org\/laligue49\/wp-content\/uploads\/2023\/12\/MANDAT-DE-PRELEVEMENT-MURS-.pdf\" target=\"_blank\" rel=\"noopener\"><strong>manda de pr\u00e9l\u00e8vem<\/strong><strong>ent<\/strong><\/a><\/p>\n<p><strong><span style=\"color: #33cccc;\">Ann\u00e9e 2025 &#8211; 2026<\/span><\/strong><\/p>\n<p><img decoding=\"async\" class=\"alignnone wp-image-1834 size-full\" src=\"https:\/\/www.fol49.org\/laligue49\/wp-content\/uploads\/2017\/04\/picto-telechargement-01-e1491490512395.png\" alt=\"\" width=\"40\" height=\"41\" \/>\u00a0 T\u00e9l\u00e9charger la <strong><a href=\"https:\/\/www.fol49.org\/laligue49\/wp-content\/uploads\/2025\/09\/plaquette-ALSH-ME-2025-2026-def.pdf\" target=\"_blank\" rel=\"noopener\">brochure de l&#8217;ann\u00e9e 2025\/2026<\/a> <br \/><\/strong><\/p>\n<p><img decoding=\"async\" class=\"alignnone wp-image-1834 size-full\" src=\"https:\/\/www.fol49.org\/laligue49\/wp-content\/uploads\/2017\/04\/picto-telechargement-01-e1491490512395.png\" alt=\"\" width=\"40\" height=\"41\" \/>\u00a0 T\u00e9l\u00e9charger la <strong><a href=\"https:\/\/www.fol49.org\/laligue49\/wp-content\/uploads\/2025\/08\/dossier-dinscription-ALSH-Murs-Erigne-2025-2026-Fiche-famille.pdf\" target=\"_blank\" rel=\"noopener\">fiche famille<\/a><br \/><\/strong><\/p>\n<p><img decoding=\"async\" class=\"alignnone wp-image-1834 size-full\" src=\"https:\/\/www.fol49.org\/laligue49\/wp-content\/uploads\/2017\/04\/picto-telechargement-01-e1491490512395.png\" alt=\"\" width=\"40\" height=\"41\" \/> T\u00e9l\u00e9charger la <a href=\"https:\/\/www.fol49.org\/laligue49\/wp-content\/uploads\/2025\/08\/dossier-dinscription-ALSH-Murs-Erigne-2025-2026-Fiche-sanitaire.pdf\" target=\"_blank\" rel=\"noopener\"><strong>fiche sanitaire<\/strong><\/a><\/p>\n<p>\u00a0<\/p>\n\n\n<p><\/p>\n\n\n\n<p><\/p>\n\n\n\n<p><\/p>\n","protected":false},"excerpt":{"rendered":"<p>Notre projet \u00a0 \u00a0 \u00a0 \u00a0 \u00a0 \u00a0\u00a0 Comment s&#8217;inscrire ? Pour les nouvelles familles merci de t\u00e9l\u00e9charger la fiche famille ainsi que la fiche sanitaire (1 par enfant) et de nous les retourner avec votre attestation de quotient familial et la photocopie des vaccins \u00e0 jour en format papier \u00e0 l\u2019adresse : Centre Bou\u00ebsse, &#8230;<\/p>\n","protected":false},"author":1,"featured_media":0,"parent":0,"menu_order":0,"comment_status":"closed","ping_status":"closed","template":"","meta":{"jetpack_post_was_ever_published":false,"footnotes":""},"class_list":["post-114","page","type-page","status-publish","hentry"],"jetpack_sharing_enabled":true,"jetpack_shortlink":"https:\/\/wp.me\/P8tWm3-1Q","_links":{"self":[{"href":"https:\/\/www.fol49.org\/laligue49\/wp-json\/wp\/v2\/pages\/114","targetHints":{"allow":["GET"]}}],"collection":[{"href":"https:\/\/www.fol49.org\/laligue49\/wp-json\/wp\/v2\/pages"}],"about":[{"href":"https:\/\/www.fol49.org\/laligue49\/wp-json\/wp\/v2\/types\/page"}],"author":[{"embeddable":true,"href":"https:\/\/www.fol49.org\/laligue49\/wp-json\/wp\/v2\/users\/1"}],"replies":[{"embeddable":true,"href":"https:\/\/www.fol49.org\/laligue49\/wp-json\/wp\/v2\/comments?post=114"}],"version-history":[{"count":73,"href":"https:\/\/www.fol49.org\/laligue49\/wp-json\/wp\/v2\/pages\/114\/revisions"}],"predecessor-version":[{"id":6573,"href":"https:\/\/www.fol49.org\/laligue49\/wp-json\/wp\/v2\/pages\/114\/revisions\/6573"}],"wp:attachment":[{"href":"https:\/\/www.fol49.org\/laligue49\/wp-json\/wp\/v2\/media?parent=114"}],"curies":[{"name":"wp","href":"https:\/\/api.w.org\/{rel}","templated":true}]}}