{"id":1103,"date":"2016-11-14T10:19:08","date_gmt":"2016-11-14T09:19:08","guid":{"rendered":"http:\/\/www.fol49.org\/laligue49\/?page_id=1103"},"modified":"2022-10-03T08:56:32","modified_gmt":"2022-10-03T07:56:32","slug":"formations-citoyennes-service-civique","status":"publish","type":"page","link":"https:\/\/www.fol49.org\/laligue49\/formations-citoyennes-service-civique\/","title":{"rendered":"Formations Citoyennes Service Civique"},"content":{"rendered":"<h3><strong>Les formations civiques et citoyennes \u00e0 la FOL49<\/strong><\/h3>\n<p>La formation civique et citoyenne constitue avant tout une opportunit\u00e9 de permettre \u00e0 des jeunes volontaires, de se rassembler, dans toute leur diversit\u00e9, pour \u00e9changer, d\u00e9battre, d\u00e9velopper ou exprimer leur citoyennet\u00e9, dans un cadre structur\u00e9 offert par le Service Civique.<br \/>\nParticipatives et collectives, elles visent \u00e0 encourager la r\u00e9flexion et les d\u00e9bats entre volontaires.<\/p>\n<p style=\"text-align: left;\">Objectifs des formations :<br \/>\n<strong>Engager une r\u00e9flexion sur les enjeux de la citoyennet\u00e9 pour devenir des citoyens-nes actifs-ves et responsables<\/strong><\/p>\n<p>Les deux journ\u00e9es de formation sont obligatoires.<\/p>\n<p><strong><u>2 journ\u00e9es<\/u><\/strong> :<\/p>\n<p><strong>Journ\u00e9e 1<\/strong><\/p>\n<ul>\n<li><strong>Module 1 : S&#8217;engager comme volontaire&nbsp; en SC<br \/>\n<\/strong><strong>La notion d&#8217;engagement et de&nbsp; volontariat. Qu\u2019est-ce qu\u2019une mission ? L\u2019int\u00e9r\u00eat g\u00e9n\u00e9ral. Droits et devoirs des volontaires.<br \/>\n<\/strong>\u00c9changes sur le parcours, les missions et attentes de chacun des participants.<br \/>\n<u>Ateliers autour de la question de l&#8217;engagement<\/u> : les motivations, les diff\u00e9rents types d&#8217;engagement, l&#8217;engagement tout au long de la vie?, l\u2019int\u00e9r\u00eat de s&#8217;engager&#8230;<br \/>\nInterventions de responsables associatifs<\/li>\n<\/ul>\n<ul>\n<li><strong>Module 2 : Vivre ensemble et respecter les diff\u00e9rences<br \/>\n<\/strong><strong>Echanges entre volontaires pour mieux se connaitre et travail sur les repr\u00e9sentations.<br \/>\n<\/strong><u>D\u00e9bats et r\u00e9flexion<\/u> autour des in\u00e9galit\u00e9s et des luttes contre les discriminations (\u00e9galit\u00e9 homme femme, ..)<br \/>\nLes discriminations de quoi parle-t-on ?<br \/>\nMes propres pr\u00e9jug\u00e9s et repr\u00e9sentations\u2026<\/li>\n<\/ul>\n<p><strong>Journ\u00e9e 2<\/strong><\/p>\n<ul>\n<li><strong>Module 3 : D\u00e9velopper sa citoyennet\u00e9 au quotidien<br \/>\n<\/strong><strong>Principe de La\u00efcit\u00e9, valeurs de la r\u00e9publique et d\u00e9couverte des institutions<br \/>\n<\/strong>Rep\u00e8res historiques<br \/>\nAtelier et d\u00e9bat sur les principes et valeurs de la r\u00e9publique.<\/li>\n<\/ul>\n<ul>\n<li><strong>Module 4 : Valoriser son parcours d&#8217;engagement<br \/>\n<\/strong><strong>Que faire apr\u00e8s son service civique ?<br \/>\n<\/strong>La notion d&#8217;engagement et ses diff\u00e9rentes formes.<br \/>\nValoriser les comp\u00e9tences acquises pendant la mission.<br \/>\nL&#8217;engagement dans le projet d&#8217;avenir (personnel et professionnel).<\/li>\n<\/ul>\n<h3><strong>Co\u00fbt de la formation<\/strong><\/h3>\n<p>100 \u20ac pour les deux journ\u00e9es<\/p>\n<p><em>(transport et repas non compris).<\/em><\/p>\n<h3><strong>Planning des formations<\/strong><\/h3>\n<ul>\n<li>Lundi 4 octobre &amp; Mardi 5 octobre 2021<\/li>\n<li>Lundi 8 novembre &amp; Mardi 9 novembre 2021<\/li>\n<li>Lundi 6 d\u00e9cembre &amp; Mardi 7 d\u00e9cembre 2021<\/li>\n<li>Jeudi 13 janvier &amp; Vendredi 14 janvier 2022<\/li>\n<li>Lundi 7 f\u00e9vrier &amp; Mardi 8 f\u00e9vrier 2022<\/li>\n<li>Jeudi 10 mars &amp;+ Vendredi 11 mars 2022<\/li>\n<li>Lundi 4 avril &amp; Mardi 5 avril 2022<\/li>\n<li>Jeudi 12 mai &amp; Vendredi 13 mai 2022<\/li>\n<\/ul>\n<h3><strong>Jeudi 9 juin + Vendredi 10 Juin 2022<\/strong><\/h3>\n<h3>Pour vous inscrire<\/h3>\n<p><a href=\"https:\/\/forms.gle\/HhYq8eE6oBrXtgnBA\" target=\"_blank\" rel=\"noopener\">https:\/\/forms.gle\/HhYq8eE6oBrXtgnBA<\/a><\/p>\n<h3>contact<\/h3>\n<p>Camille Portier <a href=\"mailto:formation@fol49.org\">formation@fol49.org<\/a><\/p>\n<p>Tel&nbsp;: 02 41 96 11 59 &#8211; 06 51 09 49 05<\/p>\n<h3><strong>A qui s&#8217;adresse le service civique ?<\/strong><\/h3>\n<p>Fra\u00eechement dipl\u00f4m\u00e9s, \u00e9tudiants, \u00e0 la recherche d\u2019un emploi et\/ou curieux d\u2019une premi\u00e8re exp\u00e9rience dans le monde associatif\u2026 le service civique s\u2019adresse \u00e0 tous les jeunes \u00e2g\u00e9s de&nbsp;<strong>16 \u00e0 26 ans<\/strong>.&nbsp; C\u2019est un engagement d\u2019une dur\u00e9e de&nbsp;<strong>6 \u00e0 12 mois<\/strong>, consacr\u00e9 \u00e0 une mission d\u2019int\u00e9r\u00eat g\u00e9n\u00e9ral.<\/p>\n<p>Durant la dur\u00e9e du Service Civique, <strong>la Ligue de l\u2019enseignement<\/strong> s\u2019engage \u00e0 accompagner le volontaire dans son cheminement personnel. Il s\u2019agit de contribuer \u00e0&nbsp;<strong>renforcer le sens civique<\/strong>&nbsp;des volontaires et les&nbsp;<strong>sensibiliser aux enjeux de la citoyennet\u00e9 <\/strong>pour en faire des citoyens actifs et responsables, participant \u00e0 la vie publique.<\/p>\n","protected":false},"excerpt":{"rendered":"<p>Les formations civiques et citoyennes \u00e0 la FOL49 La formation civique et citoyenne constitue avant tout une opportunit\u00e9 de permettre \u00e0 des jeunes volontaires, de se rassembler, dans toute leur diversit\u00e9, pour \u00e9changer, d\u00e9battre, d\u00e9velopper ou exprimer leur citoyennet\u00e9, dans un cadre structur\u00e9 offert par le Service Civique. Participatives et collectives, elles visent \u00e0 encourager &#8230;<\/p>\n","protected":false},"author":1,"featured_media":0,"parent":0,"menu_order":0,"comment_status":"closed","ping_status":"closed","template":"","meta":{"jetpack_post_was_ever_published":false,"footnotes":""},"class_list":["post-1103","page","type-page","status-publish","hentry"],"jetpack_sharing_enabled":true,"jetpack_shortlink":"https:\/\/wp.me\/P8tWm3-hN","_links":{"self":[{"href":"https:\/\/www.fol49.org\/laligue49\/wp-json\/wp\/v2\/pages\/1103","targetHints":{"allow":["GET"]}}],"collection":[{"href":"https:\/\/www.fol49.org\/laligue49\/wp-json\/wp\/v2\/pages"}],"about":[{"href":"https:\/\/www.fol49.org\/laligue49\/wp-json\/wp\/v2\/types\/page"}],"author":[{"embeddable":true,"href":"https:\/\/www.fol49.org\/laligue49\/wp-json\/wp\/v2\/users\/1"}],"replies":[{"embeddable":true,"href":"https:\/\/www.fol49.org\/laligue49\/wp-json\/wp\/v2\/comments?post=1103"}],"version-history":[{"count":32,"href":"https:\/\/www.fol49.org\/laligue49\/wp-json\/wp\/v2\/pages\/1103\/revisions"}],"predecessor-version":[{"id":5501,"href":"https:\/\/www.fol49.org\/laligue49\/wp-json\/wp\/v2\/pages\/1103\/revisions\/5501"}],"wp:attachment":[{"href":"https:\/\/www.fol49.org\/laligue49\/wp-json\/wp\/v2\/media?parent=1103"}],"curies":[{"name":"wp","href":"https:\/\/api.w.org\/{rel}","templated":true}]}}